{"id":2722,"date":"2023-08-28T08:00:24","date_gmt":"2023-08-28T08:00:24","guid":{"rendered":"https:\/\/www.hagiasophia.gen.tr\/frequently-asked-questions\/"},"modified":"2024-06-11T12:53:04","modified_gmt":"2024-06-11T12:53:04","slug":"haufige-fragen","status":"publish","type":"page","link":"https:\/\/www.hagiasophia.gen.tr\/de\/haufige-fragen\/","title":{"rendered":"H\u00e4ufige Fragen \u00fcber die Hagia Sophia Istanbul\u00a0"},"content":{"rendered":"<h2><strong>H\u00e4ufige Fragen \u00fcber die Hagia Sophia Istanbul<\/strong><\/h2>\n<h2><strong>H\u00e4ufige Fragen \u00fcber die Hagia Sophia <\/strong><\/h2>\n<h2 id=\"t-1718095617698\"><strong>Bestseller&nbsp;<\/strong><strong>Ticket der&nbsp;<\/strong><strong>Hagia Sophia&nbsp;<\/strong><\/h2>\n<p data-tcb_hover_state_parent=\"\" style=\"\"><a href=\"https:\/\/www.hagiasophia.gen.tr\/de\/kontakt\/\" target=\"_blank\" style=\"outline: none;\" data-lt-tmp-id=\"lt-625780\" spellcheck=\"false\" rel=\"noopener\">Buchen Sie ein beliebiges Hagia Sophia Ticket und erhalten Sie ein reduziertes Ticket f\u00fcr eine Bosporus-Bootsfahrt f\u00fcr nur 8 Euro.<\/a><\/p>\n<h2 data-qa-marker=\"product-name\" style=\"\" id=\"t-1717594400559\"><a href=\"https:\/\/www.headout.com\/r\/most-amazing-placesrecommends-NUWwO\/\" target=\"_blank\" style=\"outline: none;\" rel=\"nofollow noopener\" data-lt-tmp-id=\"lt-216839\" spellcheck=\"false\">Hagia Sophia Eintrittstickets<\/a><\/h2>\n<p style=\"\"><a href=\"https:\/\/www.headout.com\/r\/most-amazing-placesrecommends-NUWwO\/\" target=\"_blank\" rel=\"nofollow noopener\" style=\"outline: none;\" data-lt-tmp-id=\"lt-544124\" spellcheck=\"false\">3.9 \/ 5 (3.1k)<\/a><\/p>\n<p>Sparen Sie Zeit mit diesen Schnelleinlass-Tickets f\u00fcr die Hagia Sophia, die einen Audioguide in 23 Sprachen beinhalten. Bestaunen Sie die Sch\u00f6nheit dieses UNESCO-Weltkulturerbes.<strong><span style=\"--tcb-applied-color: rgba(255, 0, 0, 0.85) !important; color: rgba(255, 0, 0, 0.85) !important;\"> <a href=\"https:\/\/www.headout.com\/r\/most-amazing-placesrecommends-NUWwO\/\" target=\"_blank\" rel=\"nofollow noopener\" style=\"outline: none;\">+ mehr Details<\/a><\/span><\/strong><\/p>\n<p><a href=\"https:\/\/www.headout.com\/r\/most-amazing-placesrecommends-NUWwO\/\" rel=\"nofollow noopener\" target=\"_blank\" style=\"outline: none;\" data-lt-tmp-id=\"lt-408273\" spellcheck=\"false\">Ab<\/a><\/p>\n<p style=\"\"><a href=\"https:\/\/www.headout.com\/r\/most-amazing-placesrecommends-NUWwO\/\" target=\"_blank\" rel=\"nofollow noopener\" style=\"outline: none;\" data-lt-tmp-id=\"lt-954395\" spellcheck=\"false\">32,50 \u20ac<\/a><\/p>\n<p>__CONFIG_colors_palette__{&#8222;active_palette&#8220;:0,&#8220;config&#8220;:{&#8222;colors&#8220;:{&#8222;9296b&#8220;:{&#8222;name&#8220;:&#8220;Main Accent&#8220;,&#8220;parent&#8220;:-1}},&#8220;gradients&#8220;:[]},&#8220;palettes&#8220;:[{&#8222;name&#8220;:&#8220;Default Palette&#8220;,&#8220;value&#8220;:{&#8222;colors&#8220;:{&#8222;9296b&#8220;:{&#8222;val&#8220;:&#8220;rgb(29, 73, 186)&#8220;}},&#8220;gradients&#8220;:[]},&#8220;original&#8220;:{&#8222;colors&#8220;:{&#8222;9296b&#8220;:{&#8222;val&#8220;:&#8220;rgb(19, 114, 211)&#8220;,&#8220;hsl&#8220;:{&#8222;h&#8220;:210,&#8220;s&#8220;:0.83,&#8220;l&#8220;:0.45,&#8220;a&#8220;:1}}},&#8220;gradients&#8220;:[]}}]}__CONFIG_colors_palette__ <a href=\"https:\/\/www.headout.com\/r\/most-amazing-placesrecommends-NUWwO\/\" target=\"_blank\" rel=\"nofollow noopener\"> <span><span style=\"\">Verf\u00fcgbarkeit pr\u00fcfen<\/span><\/span> <\/a>  <\/p>\n<h2 id=\"t-1717594400560\" style=\"text-align: left;\"><strong>Meistverkaufte Hagia Sophia F\u00fchrungen<\/strong><\/h2>\n<p data-tcb_hover_state_parent=\"\" style=\"\"><a href=\"https:\/\/www.hagiasophia.gen.tr\/de\/kontakt\/\" target=\"_blank\" style=\"outline: none;\" data-lt-tmp-id=\"lt-586891\" spellcheck=\"false\" rel=\"noopener\">Buchen Sie ein beliebiges Hagia Sophia Ticket und erhalten Sie ein reduziertes Ticket f\u00fcr eine Bosporus-Bootsfahrt f\u00fcr nur 8 Euro.<\/a><\/p>\n<h2 data-qa-marker=\"product-name\" style=\"\" id=\"t-1717594400561\"><a href=\"https:\/\/www.headout.com\/r\/most-amazing-placesrecommends-eIPYn\/\" target=\"_blank\" style=\"outline: currentcolor;\" rel=\"nofollow noopener\"><\/a><a data-lt-tmp-id=\"lt-225321\" href=\"https:\/\/www.headout.com\/r\/most-amazing-placesrecommends-7Svlr\/\" rel=\"nofollow noopener\" spellcheck=\"false\" target=\"_blank\" style=\"outline: currentcolor;\"><\/a><a data-lt-tmp-id=\"lt-398957\" href=\"https:\/\/megapass.com\/tours-tickets\/hagia-sophia-tour-historian-guide-i47?discountCode=ma-places\" rel=\"nofollow noopener\" spellcheck=\"false\" target=\"_blank\" style=\"outline: none;\">Hagia Sophia Skip the Line Ticket + 1-st\u00fcndige F\u00fchrung + Audioguide<\/a><\/h2>\n<p style=\"\"><a href=\"https:\/\/www.headout.com\/r\/most-amazing-placesrecommends-eIPYn\/\" target=\"_blank\" rel=\"nofollow noopener\" style=\"outline: currentcolor;\"><\/a><a href=\"https:\/\/megapass.com\/tours-tickets\/hagia-sophia-tour-historian-guide-i47?discountCode=ma-places\" rel=\"nofollow noopener\" target=\"_blank\" style=\"outline: none;\">4,9\/5 (825)<\/a><\/p>\n<p>Entdecken Sie die Hagia Sophia mit einem ortskundigen Experten bei einer F\u00fchrung und umgehen Sie dann die Warteschlange, um die atemberaubende obere Galerie im Inneren mit einem Audioguide zu erkunden. <a href=\"https:\/\/megapass.com\/tours-tickets\/hagia-sophia-tour-historian-guide-i47?discountCode=ma-places\" rel=\"nofollow noopener\" target=\"_blank\" style=\"outline: none;\" data-lt-tmp-id=\"lt-54423\" spellcheck=\"false\"><strong>+ mehr Details<\/strong><\/a><\/p>\n<p>Ab<\/p>\n<p style=\"\"><a href=\"https:\/\/www.headout.com\/r\/most-amazing-placesrecommends-eIPYn\/\" target=\"_blank\" rel=\"nofollow noopener\" style=\"outline: currentcolor;\"><\/a><a data-lt-tmp-id=\"lt-949290\" href=\"https:\/\/www.headout.com\/r\/most-amazing-placesrecommends-7Svlr\/\" rel=\"nofollow noopener\" spellcheck=\"false\" target=\"_blank\" style=\"outline: currentcolor;\"><\/a><a data-lt-tmp-id=\"lt-821383\" href=\"https:\/\/megapass.com\/tours-tickets\/hagia-sophia-tour-historian-guide-i47?discountCode=ma-places\" rel=\"nofollow noopener\" spellcheck=\"false\" target=\"_blank\" style=\"outline: none;\">38 \u20ac<\/a><\/p>\n<p>__CONFIG_colors_palette__{&#8222;active_palette&#8220;:0,&#8220;config&#8220;:{&#8222;colors&#8220;:{&#8222;9296b&#8220;:{&#8222;name&#8220;:&#8220;Main Accent&#8220;,&#8220;parent&#8220;:-1}},&#8220;gradients&#8220;:[]},&#8220;palettes&#8220;:[{&#8222;name&#8220;:&#8220;Default Palette&#8220;,&#8220;value&#8220;:{&#8222;colors&#8220;:{&#8222;9296b&#8220;:{&#8222;val&#8220;:&#8220;rgb(29, 73, 186)&#8220;}},&#8220;gradients&#8220;:[]},&#8220;original&#8220;:{&#8222;colors&#8220;:{&#8222;9296b&#8220;:{&#8222;val&#8220;:&#8220;rgb(19, 114, 211)&#8220;,&#8220;hsl&#8220;:{&#8222;h&#8220;:210,&#8220;s&#8220;:0.83,&#8220;l&#8220;:0.45,&#8220;a&#8220;:1}}},&#8220;gradients&#8220;:[]}}]}__CONFIG_colors_palette__ <a href=\"https:\/\/megapass.com\/tours-tickets\/hagia-sophia-tour-historian-guide-i47?discountCode=ma-places\" target=\"_blank\" rel=\"nofollow noopener\"> <span><span style=\"\">Verf\u00fcgbarkeit pr\u00fcfen<\/span><\/span> <\/a>  <\/p>\n<h2 style=\"text-align: left;\" id=\"t-1717594400562\"><strong>Beliebteste Kombi-Touren<\/strong><\/h2>\n<p data-tcb_hover_state_parent=\"\" style=\"\"><a href=\"https:\/\/www.hagiasophia.gen.tr\/de\/kontakt\/\" target=\"_blank\" style=\"outline: none;\" data-lt-tmp-id=\"lt-139133\" spellcheck=\"false\" rel=\"noopener\">Buchen Sie ein beliebiges Hagia Sophia Ticket und erhalten Sie ein reduziertes Ticket f\u00fcr eine Bosporus-Bootsfahrt f\u00fcr nur 8 Euro.<\/a><\/p>\n<h2 data-qa-marker=\"product-name\" style=\"\" id=\"t-1717594400563\"><a href=\"https:\/\/www.headout.com\/r\/most-amazing-placesrecommends-eIPYn\/\" target=\"_blank\" style=\"outline: currentcolor;\" rel=\"nofollow noopener\"><\/a><a data-lt-tmp-id=\"lt-225321\" href=\"https:\/\/www.headout.com\/r\/most-amazing-placesrecommends-7Svlr\/\" rel=\"nofollow noopener\" spellcheck=\"false\" target=\"_blank\" style=\"outline: currentcolor;\"><\/a><a data-lt-tmp-id=\"lt-398957\" href=\"https:\/\/megapass.com\/turkey\/istanbul\/topkapi-palace-museum-tickets?discountCode=ma-places\" rel=\"nofollow noopener\" spellcheck=\"false\" target=\"_blank\" style=\"outline: currentcolor;\"><\/a><a data-lt-tmp-id=\"lt-707014\" href=\"https:\/\/www.getyourguide.com\/istanbul-l56\/istanbul-topkapi-palace-harem-tour-including-entry-ticket-t127010\/?partner_id=NO9XIDE&amp;utm_medium=online_publisher&amp;cmp=TopkapiGenTrHomepage\" rel=\"nofollow noopener\" spellcheck=\"false\" target=\"_blank\" style=\"outline: currentcolor;\"><\/a><a data-lt-tmp-id=\"lt-652778\" href=\"https:\/\/gyg.me\/EIyIfxE0\" rel=\"nofollow noopener\" spellcheck=\"false\" target=\"_blank\" style=\"outline: none;\"><strong>Istanbul: Blaue Moschee, Basilika Zisterne &amp; Hagia Sophia Tour<\/strong><\/a><\/h2>\n<p style=\"\"><a href=\"https:\/\/gyg.me\/EIyIfxE0\" target=\"_blank\" rel=\"nofollow noopener\" style=\"outline: none;\" data-lt-tmp-id=\"lt-795432\" spellcheck=\"false\">4.2 \/ 5 (908)<\/a><\/p>\n<p style=\"\">Besuche 3 der ber\u00fchmtesten Wahrzeichen Istanbuls mit dieser Kombinationstour. Besuche die ber\u00fchmte Blaue Moschee, erkunde die geheimnisvolle Zisterne der Basilika und sieh dir die gro\u00dfe Hagia Sophia Moschee von au\u00dfen an.<\/p>\n<p data-test-id=\"activity-overview-content\" data-v-5726f79d=\"\"><a href=\"https:\/\/gyg.me\/EIyIfxE0\" rel=\"nofollow noopener\" target=\"_blank\" style=\"outline: none;\" data-lt-tmp-id=\"lt-871842\" spellcheck=\"false\"><strong>+ mehr Details<\/strong><\/a><\/p>\n<p><a href=\"https:\/\/www.getyourguide.com\/istanbul-l56\/istanbul-combo-tour-blue-mosque-basilica-hagia-sophia-t468976\/?ranking_uuid=1d19c72e-3a4e-4d34-bbe9-4000c13da086\" target=\"_blank\" rel=\"nofollow noopener\" style=\"outline: none;\"><\/a>Ab<\/p>\n<p style=\"\"><a href=\"https:\/\/www.headout.com\/r\/most-amazing-placesrecommends-eIPYn\/\" target=\"_blank\" rel=\"nofollow noopener\" style=\"outline: currentcolor;\"><\/a><a data-lt-tmp-id=\"lt-949290\" href=\"https:\/\/www.headout.com\/r\/most-amazing-placesrecommends-7Svlr\/\" rel=\"nofollow noopener\" spellcheck=\"false\" target=\"_blank\" style=\"outline: currentcolor;\"><\/a><a data-lt-tmp-id=\"lt-821383\" href=\"https:\/\/megapass.com\/turkey\/istanbul\/topkapi-palace-museum-tickets?discountCode=ma-places\" rel=\"nofollow noopener\" spellcheck=\"false\" target=\"_blank\" style=\"outline: currentcolor;\"><\/a><a data-lt-tmp-id=\"lt-541635\" href=\"https:\/\/www.getyourguide.com\/istanbul-l56\/istanbul-topkapi-palace-harem-tour-including-entry-ticket-t127010\/?partner_id=NO9XIDE&amp;utm_medium=online_publisher&amp;cmp=TopkapiGenTrHomepage\" rel=\"nofollow noopener\" spellcheck=\"false\" target=\"_blank\" style=\"outline: currentcolor;\"><\/a><a data-lt-tmp-id=\"lt-787019\" href=\"https:\/\/gyg.me\/EIyIfxE0\" rel=\"nofollow noopener\" spellcheck=\"false\" target=\"_blank\" style=\"outline: none;\">54 \u20ac<\/a><\/p>\n<p>__CONFIG_colors_palette__{&#8222;active_palette&#8220;:0,&#8220;config&#8220;:{&#8222;colors&#8220;:{&#8222;9296b&#8220;:{&#8222;name&#8220;:&#8220;Main Accent&#8220;,&#8220;parent&#8220;:-1}},&#8220;gradients&#8220;:[]},&#8220;palettes&#8220;:[{&#8222;name&#8220;:&#8220;Default Palette&#8220;,&#8220;value&#8220;:{&#8222;colors&#8220;:{&#8222;9296b&#8220;:{&#8222;val&#8220;:&#8220;rgb(29, 73, 186)&#8220;}},&#8220;gradients&#8220;:[]},&#8220;original&#8220;:{&#8222;colors&#8220;:{&#8222;9296b&#8220;:{&#8222;val&#8220;:&#8220;rgb(19, 114, 211)&#8220;,&#8220;hsl&#8220;:{&#8222;h&#8220;:210,&#8220;s&#8220;:0.83,&#8220;l&#8220;:0.45,&#8220;a&#8220;:1}}},&#8220;gradients&#8220;:[]}}]}__CONFIG_colors_palette__ <a href=\"https:\/\/gyg.me\/EIyIfxE0\" target=\"_blank\" rel=\"nofollow noopener\"> <span style=\"\"><span style=\"\">Verf\u00fcgbarkeit pr\u00fcfen<\/span><\/span> <\/a>  <\/p>\n<h2 style=\"text-align: left;\" id=\"t-1717594400564\"><strong>Kombi-Pass mit dem besten Preis-Leistungs-Verh\u00e4ltnis<\/strong><\/h2>\n<p data-tcb_hover_state_parent=\"\" style=\"\"><a href=\"https:\/\/www.hagiasophia.gen.tr\/de\/kontakt\/\" target=\"_blank\" style=\"outline: none;\" data-lt-tmp-id=\"lt-577756\" spellcheck=\"false\" rel=\"noopener\">Buchen Sie ein beliebiges Hagia Sophia Ticket und erhalten Sie ein reduziertes Ticket f\u00fcr eine Bosporus-Bootsfahrt f\u00fcr nur 8 Euro.<\/a><\/p>\n<h2 data-qa-marker=\"product-name\" style=\"\" id=\"t-1717594400565\"><a href=\"https:\/\/www.headout.com\/r\/most-amazing-placesrecommends-eIPYn\/\" target=\"_blank\" style=\"outline: currentcolor;\" rel=\"nofollow noopener\"><\/a><a data-lt-tmp-id=\"lt-225321\" href=\"https:\/\/www.headout.com\/r\/most-amazing-placesrecommends-7Svlr\/\" rel=\"nofollow noopener\" spellcheck=\"false\" target=\"_blank\" style=\"outline: currentcolor;\"><\/a><a data-lt-tmp-id=\"lt-398957\" href=\"https:\/\/megapass.com\/turkey\/istanbul\/topkapi-palace-museum-tickets?discountCode=ma-places\" rel=\"nofollow noopener\" spellcheck=\"false\" target=\"_blank\" style=\"outline: currentcolor;\"><\/a><a data-lt-tmp-id=\"lt-707014\" href=\"https:\/\/www.getyourguide.com\/istanbul-l56\/istanbul-topkapi-palace-harem-tour-including-entry-ticket-t127010\/?partner_id=NO9XIDE&amp;utm_medium=online_publisher&amp;cmp=TopkapiGenTrHomepage\" rel=\"nofollow noopener\" spellcheck=\"false\" target=\"_blank\" style=\"outline: currentcolor;\"><\/a><a data-lt-tmp-id=\"lt-652778\" href=\"https:\/\/megapass.com\/turkey\/istanbul\/megapass-istanbul?discountCode=ma-places\" rel=\"nofollow noopener\" spellcheck=\"false\" target=\"_blank\" style=\"outline: none;\"><strong>MegaPass Classic mit Top-Attraktionen<\/strong><\/a><\/h2>\n<p style=\"\"><a href=\"https:\/\/www.headout.com\/r\/most-amazing-placesrecommends-eIPYn\/\" target=\"_blank\" rel=\"nofollow noopener\" style=\"outline: currentcolor;\"><\/a><a href=\"https:\/\/megapass.com\/turkey\/istanbul\/topkapi-palace-museum-tickets?discountCode=ma-places\" rel=\"nofollow noopener\" target=\"_blank\" style=\"outline: currentcolor;\"><\/a><a href=\"https:\/\/www.getyourguide.com\/istanbul-l56\/istanbul-topkapi-palace-harem-tour-including-entry-ticket-t127010\/?partner_id=NO9XIDE&amp;utm_medium=online_publisher&amp;cmp=TopkapiGenTrHomepage\" rel=\"nofollow noopener\" target=\"_blank\" style=\"outline: currentcolor;\"><\/a><a href=\"https:\/\/megapass.com\/turkey\/istanbul\/megapass-istanbul?discountCode=ma-places\" rel=\"nofollow noopener\" target=\"_blank\" style=\"outline: none;\">4,8 \/ 5 (230)<\/a><\/p>\n<p data-test-id=\"activity-overview-content\" data-v-5726f79d=\"\">Der MegaPass deckt alle Top-Museen in Istanbul ab, wie die Hagia Sophia, den Topkapi-Palast + Harem, die Cisterna Basilica und den Dolmabahce-Palast. Neben diesen Top-Attraktionen genie\u00dfen Sie eine Bosporus-Kreuzfahrt, eine F\u00fchrung durch die Blaue Moschee und Sie k\u00f6nnen von der Hop-On-Hop-Off-Bustour und einer F\u00fchrung durch die asiatische Seite profitieren. <a href=\"https:\/\/megapass.com\/turkey\/istanbul\/megapass-istanbul?discountCode=ma-places\" rel=\"nofollow noopener\" target=\"_blank\" style=\"outline: none;\" data-lt-tmp-id=\"lt-315947\" spellcheck=\"false\"><strong>+ mehr Details<\/strong><\/a><\/p>\n<p>Ab<\/p>\n<p style=\"\"><a href=\"https:\/\/www.headout.com\/r\/most-amazing-placesrecommends-eIPYn\/\" target=\"_blank\" rel=\"nofollow noopener\" style=\"outline: currentcolor;\"><\/a><a data-lt-tmp-id=\"lt-949290\" href=\"https:\/\/www.headout.com\/r\/most-amazing-placesrecommends-7Svlr\/\" rel=\"nofollow noopener\" spellcheck=\"false\" target=\"_blank\" style=\"outline: currentcolor;\"><\/a><a data-lt-tmp-id=\"lt-821383\" href=\"https:\/\/megapass.com\/turkey\/istanbul\/topkapi-palace-museum-tickets?discountCode=ma-places\" rel=\"nofollow noopener\" spellcheck=\"false\" target=\"_blank\" style=\"outline: currentcolor;\"><\/a><a data-lt-tmp-id=\"lt-541635\" href=\"https:\/\/www.getyourguide.com\/istanbul-l56\/istanbul-topkapi-palace-harem-tour-including-entry-ticket-t127010\/?partner_id=NO9XIDE&amp;utm_medium=online_publisher&amp;cmp=TopkapiGenTrHomepage\" rel=\"nofollow noopener\" spellcheck=\"false\" target=\"_blank\" style=\"outline: currentcolor;\"><\/a><a data-lt-tmp-id=\"lt-787019\" href=\"https:\/\/megapass.com\/turkey\/istanbul\/megapass-istanbul?discountCode=ma-places\" rel=\"nofollow noopener\" spellcheck=\"false\" target=\"_blank\" style=\"outline: none;\">98 \u20ac&nbsp;<\/a><\/p>\n<p>__CONFIG_colors_palette__{&#8222;active_palette&#8220;:0,&#8220;config&#8220;:{&#8222;colors&#8220;:{&#8222;9296b&#8220;:{&#8222;name&#8220;:&#8220;Main Accent&#8220;,&#8220;parent&#8220;:-1}},&#8220;gradients&#8220;:[]},&#8220;palettes&#8220;:[{&#8222;name&#8220;:&#8220;Default Palette&#8220;,&#8220;value&#8220;:{&#8222;colors&#8220;:{&#8222;9296b&#8220;:{&#8222;val&#8220;:&#8220;rgb(29, 73, 186)&#8220;}},&#8220;gradients&#8220;:[]},&#8220;original&#8220;:{&#8222;colors&#8220;:{&#8222;9296b&#8220;:{&#8222;val&#8220;:&#8220;rgb(19, 114, 211)&#8220;,&#8220;hsl&#8220;:{&#8222;h&#8220;:210,&#8220;s&#8220;:0.83,&#8220;l&#8220;:0.45,&#8220;a&#8220;:1}}},&#8220;gradients&#8220;:[]}}]}__CONFIG_colors_palette__ <a href=\"https:\/\/megapass.com\/turkey\/istanbul\/megapass-istanbul?discountCode=ma-places\" target=\"_blank\" rel=\"nofollow noopener\"> <span style=\"\"><span style=\"\">Verf\u00fcgbarkeit pr\u00fcfen<\/span><\/span> <\/a>    <a href=\"#\"> <span style=\"\"><span style=\"\">Monthly<\/span><\/span> <\/a>   __CONFIG_group_edit__{&#8222;l8cu6rr0&#8220;:{&#8222;name&#8220;:&#8220;Buy Buttons&#8220;,&#8220;singular&#8220;:&#8220;&#8211; Button %s&#8220;}}__CONFIG_group_edit____CONFIG_local_colors__{&#8222;colors&#8220;:{&#8222;&#8211;tcb-skin-color-0&#8243;:&#8220;Tan&#8220;,&#8220;&#8211;tcb-skin-color-22&#8243;:&#8220;White&#8220;,&#8220;&#8211;tcb-skin-color-16&#8243;:&#8220;Chicago&#8220;,&#8220;&#8211;tcb-skin-color-4&#8243;:&#8220;Bunker&#8220;},&#8220;gradients&#8220;:{}}__CONFIG_local_colors__         <a href=\"https:\/\/www.basilicacistern.gen.tr\/\" target=\"_blank\" rel=\"nofollow noopener\">   <\/a>      <a href=\"https:\/\/topkapipalace.gen.tr\/\" target=\"_blank\" rel=\"nofollow noopener\">   <\/a>    <\/p>\n<p style=\"\">NeU<\/p>\n<h3>Schauen Sie sich unsere neuen Internetseiten f\u00fcr Istanbuls Top-Attraktionen an:<\/h3>\n<p> __CONFIG_colors_palette__{&#8222;active_palette&#8220;:0,&#8220;config&#8220;:{&#8222;colors&#8220;:{&#8222;62516&#8220;:{&#8222;name&#8220;:&#8220;Main Accent&#8220;,&#8220;parent&#8220;:-1}},&#8220;gradients&#8220;:[]},&#8220;palettes&#8220;:[{&#8222;name&#8220;:&#8220;Default Palette&#8220;,&#8220;value&#8220;:{&#8222;colors&#8220;:{&#8222;62516&#8220;:{&#8222;val&#8220;:&#8220;var(&#8211;tcb-skin-color-4)&#8220;,&#8220;hsl&#8220;:{&#8222;h&#8220;:206,&#8220;s&#8220;:0.2727,&#8220;l&#8220;:0.0647}}},&#8220;gradients&#8220;:[]}}]}__CONFIG_colors_palette__ <a href=\"https:\/\/dolmabahcepalace.gen.tr\/de\" target=\"_blank\" style=\"\" rel=\"noopener nofollow\"><span style=\"\">  <\/span> <span style=\"\"><span style=\"\"><strong>Dolmabahce Palast<\/strong><\/span><\/span> <\/a>  __CONFIG_colors_palette__{&#8222;active_palette&#8220;:0,&#8220;config&#8220;:{&#8222;colors&#8220;:{&#8222;62516&#8220;:{&#8222;name&#8220;:&#8220;Main Accent&#8220;,&#8220;parent&#8220;:-1}},&#8220;gradients&#8220;:[]},&#8220;palettes&#8220;:[{&#8222;name&#8220;:&#8220;Default Palette&#8220;,&#8220;value&#8220;:{&#8222;colors&#8220;:{&#8222;62516&#8220;:{&#8222;val&#8220;:&#8220;var(&#8211;tcb-skin-color-4)&#8220;,&#8220;hsl&#8220;:{&#8222;h&#8220;:206,&#8220;s&#8220;:0.2727,&#8220;l&#8220;:0.0647}}},&#8220;gradients&#8220;:[]}}]}__CONFIG_colors_palette__ <a href=\"https:\/\/www.basilicacistern.gen.tr\/de\" target=\"_blank\" style=\"\" rel=\"noopener nofollow\"><span style=\"\">  <\/span> <span style=\"\"><span style=\"\"><strong>Versunkener Palast<\/strong><\/span><\/span> <\/a>     __CONFIG_colors_palette__{&#8222;active_palette&#8220;:0,&#8220;config&#8220;:{&#8222;colors&#8220;:{&#8222;62516&#8220;:{&#8222;name&#8220;:&#8220;Main Accent&#8220;,&#8220;parent&#8220;:-1}},&#8220;gradients&#8220;:[]},&#8220;palettes&#8220;:[{&#8222;name&#8220;:&#8220;Default Palette&#8220;,&#8220;value&#8220;:{&#8222;colors&#8220;:{&#8222;62516&#8220;:{&#8222;val&#8220;:&#8220;var(&#8211;tcb-skin-color-4)&#8220;,&#8220;hsl&#8220;:{&#8222;h&#8220;:206,&#8220;s&#8220;:0.2727,&#8220;l&#8220;:0.0647}}},&#8220;gradients&#8220;:[]}}]}__CONFIG_colors_palette__ <a href=\"https:\/\/hamam-istanbul.com\/de\/\" target=\"_blank\" style=\"\" rel=\"noopener nofollow\"><span style=\"\">  <\/span> <span style=\"\"><span style=\"\"><strong>Hamams in Istanbul<\/strong><\/span><\/span> <\/a>  __CONFIG_colors_palette__{&#8222;active_palette&#8220;:0,&#8220;config&#8220;:{&#8222;colors&#8220;:{&#8222;62516&#8220;:{&#8222;name&#8220;:&#8220;Main Accent&#8220;,&#8220;parent&#8220;:-1}},&#8220;gradients&#8220;:[]},&#8220;palettes&#8220;:[{&#8222;name&#8220;:&#8220;Default Palette&#8220;,&#8220;value&#8220;:{&#8222;colors&#8220;:{&#8222;62516&#8220;:{&#8222;val&#8220;:&#8220;var(&#8211;tcb-skin-color-4)&#8220;,&#8220;hsl&#8220;:{&#8222;h&#8220;:206,&#8220;s&#8220;:0.2727,&#8220;l&#8220;:0.0647}}},&#8220;gradients&#8220;:[]}}]}__CONFIG_colors_palette__ <a href=\"https:\/\/bosphorus-cruise-istanbul.com\/\" target=\"_blank\" style=\"\" rel=\"nofollow noopener\"><span style=\"\">  <\/span> <span style=\"\"><span style=\"\"><strong>Bosporus Kreuzfahrt<\/strong><\/span><\/span> <\/a>     __CONFIG_colors_palette__{&#8222;active_palette&#8220;:0,&#8220;config&#8220;:{&#8222;colors&#8220;:{&#8222;62516&#8220;:{&#8222;name&#8220;:&#8220;Main Accent&#8220;,&#8220;parent&#8220;:-1}},&#8220;gradients&#8220;:[]},&#8220;palettes&#8220;:[{&#8222;name&#8220;:&#8220;Default Palette&#8220;,&#8220;value&#8220;:{&#8222;colors&#8220;:{&#8222;62516&#8220;:{&#8222;val&#8220;:&#8220;var(&#8211;tcb-skin-color-4)&#8220;,&#8220;hsl&#8220;:{&#8222;h&#8220;:206,&#8220;s&#8220;:0.2727,&#8220;l&#8220;:0.0647}}},&#8220;gradients&#8220;:[]}}]}__CONFIG_colors_palette__ <a href=\"https:\/\/topkapipalace.gen.tr\/de\" target=\"_blank\" style=\"\" rel=\"noopener nofollow\"><span style=\"\">  <\/span> <span style=\"\"><span style=\"\"><strong>Topkapi Palast<\/strong><\/span><\/span> <\/a>  __CONFIG_colors_palette__{&#8222;active_palette&#8220;:0,&#8220;config&#8220;:{&#8222;colors&#8220;:{&#8222;62516&#8220;:{&#8222;name&#8220;:&#8220;Main Accent&#8220;,&#8220;parent&#8220;:-1}},&#8220;gradients&#8220;:[]},&#8220;palettes&#8220;:[{&#8222;name&#8220;:&#8220;Default Palette&#8220;,&#8220;value&#8220;:{&#8222;colors&#8220;:{&#8222;62516&#8220;:{&#8222;val&#8220;:&#8220;var(&#8211;tcb-skin-color-4)&#8220;,&#8220;hsl&#8220;:{&#8222;h&#8220;:206,&#8220;s&#8220;:0.2727,&#8220;l&#8220;:0.0647}}},&#8220;gradients&#8220;:[]}}]}__CONFIG_colors_palette__ <a href=\"https:\/\/walking-tours-istanbul.com\/de\/\" target=\"_blank\" style=\"\" rel=\"noopener nofollow\"><span style=\"\">  <\/span> <span style=\"\"><span style=\"\"><strong>Stadtrundg\u00e4nge durch Istanbul<\/strong><\/span><\/span> <\/a>     __CONFIG_colors_palette__{&#8222;active_palette&#8220;:0,&#8220;config&#8220;:{&#8222;colors&#8220;:{&#8222;62516&#8220;:{&#8222;name&#8220;:&#8220;Main Accent&#8220;,&#8220;parent&#8220;:-1}},&#8220;gradients&#8220;:[]},&#8220;palettes&#8220;:[{&#8222;name&#8220;:&#8220;Default Palette&#8220;,&#8220;value&#8220;:{&#8222;colors&#8220;:{&#8222;62516&#8220;:{&#8222;val&#8220;:&#8220;var(&#8211;tcb-skin-color-4)&#8220;,&#8220;hsl&#8220;:{&#8222;h&#8220;:206,&#8220;s&#8220;:0.2727,&#8220;l&#8220;:0.0647}}},&#8220;gradients&#8220;:[]}}]}__CONFIG_colors_palette__ <a href=\"https:\/\/whirlingdervishesistanbul.com.tr\/de\" target=\"_blank\" style=\"\" rel=\"noopener nofollow\"><span style=\"\">  <\/span> <span style=\"\"><span style=\"\"><strong>Tanzende Derwische<\/strong><\/span><\/span> <\/a>  __CONFIG_colors_palette__{&#8222;active_palette&#8220;:0,&#8220;config&#8220;:{&#8222;colors&#8220;:{&#8222;62516&#8220;:{&#8222;name&#8220;:&#8220;Main Accent&#8220;,&#8220;parent&#8220;:-1}},&#8220;gradients&#8220;:[]},&#8220;palettes&#8220;:[{&#8222;name&#8220;:&#8220;Default Palette&#8220;,&#8220;value&#8220;:{&#8222;colors&#8220;:{&#8222;62516&#8220;:{&#8222;val&#8220;:&#8220;var(&#8211;tcb-skin-color-4)&#8220;,&#8220;hsl&#8220;:{&#8222;h&#8220;:206,&#8220;s&#8220;:0.2727,&#8220;l&#8220;:0.0647}}},&#8220;gradients&#8220;:[]}}]}__CONFIG_colors_palette__ <a href=\"https:\/\/bosphorus-dinner-cruise.com\/de\" target=\"_blank\" style=\"\" rel=\"noopener nofollow\"><span style=\"\">  <\/span> <span style=\"\"><span style=\"\"><strong>Bosporus Dinner Cruise<\/strong><\/span><\/span> <\/a>   <\/p>\n","protected":false},"excerpt":{"rendered":"<p>H\u00e4ufige Fragen \u00fcber die Hagia Sophia Istanbul H\u00e4ufige Fragen \u00fcber die Hagia Sophia Bestseller&nbsp;Ticket der&nbsp;Hagia Sophia&nbsp; Buchen Sie ein beliebiges Hagia Sophia Ticket und erhalten Sie ein reduziertes Ticket f\u00fcr eine Bosporus-Bootsfahrt f\u00fcr nur 8 Euro. Hagia Sophia Eintrittstickets 3.9 \/ 5 (3.1k) Sparen Sie Zeit mit diesen Schnelleinlass-Tickets f\u00fcr die Hagia Sophia, die einen [&hellip;]<\/p>\n","protected":false},"author":3,"featured_media":1917,"parent":0,"menu_order":0,"comment_status":"closed","ping_status":"closed","template":"","meta":{"footnotes":""},"class_list":["post-2722","page","type-page","status-publish","has-post-thumbnail","hentry","post-wrapper","thrv_wrapper"],"wp-worthy-pixel":{"ignored":false,"public":null,"server":null,"url":null},"wp-worthy-type":"normal","_links":{"self":[{"href":"https:\/\/www.hagiasophia.gen.tr\/de\/wp-json\/wp\/v2\/pages\/2722","targetHints":{"allow":["GET"]}}],"collection":[{"href":"https:\/\/www.hagiasophia.gen.tr\/de\/wp-json\/wp\/v2\/pages"}],"about":[{"href":"https:\/\/www.hagiasophia.gen.tr\/de\/wp-json\/wp\/v2\/types\/page"}],"author":[{"embeddable":true,"href":"https:\/\/www.hagiasophia.gen.tr\/de\/wp-json\/wp\/v2\/users\/3"}],"replies":[{"embeddable":true,"href":"https:\/\/www.hagiasophia.gen.tr\/de\/wp-json\/wp\/v2\/comments?post=2722"}],"version-history":[{"count":15,"href":"https:\/\/www.hagiasophia.gen.tr\/de\/wp-json\/wp\/v2\/pages\/2722\/revisions"}],"predecessor-version":[{"id":3126,"href":"https:\/\/www.hagiasophia.gen.tr\/de\/wp-json\/wp\/v2\/pages\/2722\/revisions\/3126"}],"wp:featuredmedia":[{"embeddable":true,"href":"https:\/\/www.hagiasophia.gen.tr\/de\/wp-json\/wp\/v2\/media\/1917"}],"wp:attachment":[{"href":"https:\/\/www.hagiasophia.gen.tr\/de\/wp-json\/wp\/v2\/media?parent=2722"}],"curies":[{"name":"wp","href":"https:\/\/api.w.org\/{rel}","templated":true}]}}