{"id":2726,"date":"2023-08-28T08:01:12","date_gmt":"2023-08-28T08:01:12","guid":{"rendered":"https:\/\/www.hagiasophia.gen.tr\/opening-hours\/"},"modified":"2026-01-14T12:23:22","modified_gmt":"2026-01-14T12:23:22","slug":"hagia-sophia-offnungszeiten","status":"publish","type":"page","link":"https:\/\/www.hagiasophia.gen.tr\/de\/hagia-sophia-offnungszeiten\/","title":{"rendered":"\u00d6ffnungszeiten der Hagia Sophia Moschee"},"content":{"rendered":"<h1 style=\"text-align: left;\">\u00d6ffnungszeiten der Hagia Sophia Moschee<\/h1>\n<p><span><a href=\"https:\/\/www.hagiasophia.gen.tr\/de\/uber-hagia-sophia-istanbul\/hagia-sophia-moschee\/\" rel=\"\"><img decoding=\"async\" alt=\"\u00d6ffnungszeiten der Hagia Sophia Moschee\" data-id=\"684\" width=\"600\" data-init-width=\"2560\" height=\"462\" data-init-height=\"1969\" title=\"\u00d6ffnungszeiten der Hagia Sophia Moschee\" src=\"https:\/\/www.hagiasophia.gen.tr\/wp-content\/uploads\/2023\/09\/Visiting-Hours-_-Hagia-Sophia-scaled.jpg\" data-width=\"600\" style=\"aspect-ratio: auto 2560 \/ 1969;\" data-height=\"462\" loading=\"lazy\" data-link-wrap=\"1\"><\/a><\/span><\/p>\n<h2 style=\"text-align: left;\"><strong>\u00d6ffnungszeiten der Hagia Sophia Moschee<\/strong><\/h2>\n<p dir=\"ltr\">Die \u00d6ffnungszeiten der Hagia Sophia f\u00fcr Touristen sind&nbsp;<strong>ganzj\u00e4hrig von 09.00-19.30 Uhr<\/strong> (letzter Einlass: 18.30).<\/p>\n<p dir=\"ltr\">Seit 2020 ist die Hagia Sophia Moschee rund um die Uhr f\u00fcr Gebete ge\u00f6ffnet.<\/p>\n<p dir=\"ltr\"><strong>Schlie\u00dftage:<\/strong>&nbsp;Die Moschee ist ganzj\u00e4hrig ge\u00f6ffnet.&nbsp;<\/p>\n<p dir=\"ltr\"><strong>Beste Zeit f\u00fcr einen Besuch der Hagia Sophia:<\/strong> Vermeiden Sie die Gebetszeiten, besonders den Freitagmittag.<\/p>\n<p><a href=\"https:\/\/www.hagiasophia.gen.tr\/de\/uber-hagia-sophia-istanbul\/hagia-sophia-moschee\/\" style=\"outline: none;\" data-lt-tmp-id=\"lt-94655\" spellcheck=\"false\">&gt;&gt; Mehr Informationen \u00fcber Hagia Sophia finden Sie hier.<\/a><\/p>\n<p><span><a href=\"https:\/\/www.hagiasophia.gen.tr\/de\/uber-hagia-sophia-istanbul\/hagia-sophia-geschichtsmuseum\/\" rel=\"\"><img decoding=\"async\" alt=\"\u00d6ffnungszeiten des Hagia Sophia Geschichtsmuseums\" data-id=\"683\" width=\"600\" data-init-width=\"2560\" height=\"450\" data-init-height=\"1920\" title=\"\u00d6ffnungszeiten des Hagia Sophia Geschichtsmuseums\" src=\"https:\/\/www.hagiasophia.gen.tr\/wp-content\/uploads\/2023\/09\/Visiting-Hours-_-Hagia-Sophia-history-museum-scaled.jpg\" data-width=\"600\" style=\"aspect-ratio: auto 2560 \/ 1920;\" data-height=\"450\" loading=\"lazy\" data-link-wrap=\"1\"><\/a><\/span><\/p>\n<h2 style=\"text-align: left;\"><strong>\u00d6ffnungszeiten des Hagia Sophia Geschichtsmuseums<\/strong><\/h2>\n<p dir=\"ltr\">Das Hagia Sophia Geschichtsmuseum ist <strong>ganzj\u00e4hrig von 08.00 bis 20.00 Uhr<\/strong> ge\u00f6ffnet.<\/p>\n<p dir=\"ltr\"><strong>Letzter Einlass<\/strong> zum Museum ist um 20.00 Uhr.<\/p>\n<p dir=\"ltr\"><strong>Schlie\u00dftage: <\/strong>Das Museum ist ganzj\u00e4hrig ge\u00f6ffnet.&nbsp;<\/p>\n<p dir=\"ltr\"><strong>Beste Zeit f\u00fcr einen Besuch des Hagia Sophia Geschichtsmuseum:<\/strong> Dank der F\u00fchrung durch die Ausstellung durch Mitarbeiter des Museums k\u00f6nnen Besucher stets eine angenehme und informative Erfahrung machen, unabh\u00e4ngig von der Besucherzahl.<\/p>\n<p><a href=\"https:\/\/www.hagiasophia.gen.tr\/de\/uber-hagia-sophia-istanbul\/hagia-sophia-geschichtsmuseum\/\" style=\"outline: none;\" data-lt-tmp-id=\"lt-30350\" spellcheck=\"false\">&gt;&gt; Weitere Details zum Hagia Sophia Geschichtsmuseum.<\/a><\/p>\n<p><span><a href=\"https:\/\/www.hagiasophia.gen.tr\/de\/uber-hagia-sophia-istanbul\/hagia-irene-istanbul\/\" rel=\"\"><img decoding=\"async\" alt=\"\u00d6ffnungszeiten der Hagia Irene\" data-id=\"682\" width=\"600\" data-init-width=\"1000\" height=\"448\" data-init-height=\"746\" title=\"\u00d6ffnungszeiten der Hagia Irene\" src=\"https:\/\/www.hagiasophia.gen.tr\/wp-content\/uploads\/2023\/09\/Visiting-Hours-_-Hagia-Irene.jpg\" data-width=\"600\" style=\"aspect-ratio: auto 1000 \/ 746;\" data-height=\"448\" loading=\"lazy\" data-link-wrap=\"1\"><\/a><\/span><\/p>\n<h2 style=\"text-align: left;\"><strong>\u00d6ffnungszeiten der Hagia Irene<\/strong><\/h2>\n<p dir=\"ltr\"><strong>Wintersaison: <\/strong>Die Hagia Irene kann zwischen 09.00 und 17.00 Uhr besichtigt werden. Letzter Einlass ist um 16.00 Uhr.<\/p>\n<p dir=\"ltr\"><strong>Sommersaison: <\/strong>Die Hagia Irene ist zwischen 09.00 und 19.30 Uhr ge\u00f6ffnet. Der letzte Einlass erfolgt zwischen 18.00 und 19.00 Uhr.<\/p>\n<p dir=\"ltr\"><strong>Schlie\u00dftage<\/strong>: Die Hagia Irene ist jeden Dienstag sowie am 1. Mai, dem ersten Tag des Ramadan, und am ersten Tag des Opferfestes geschlossen.<\/p>\n<p><strong>Beste Zeit f\u00fcr einen Besuch der Hagia Irene:<\/strong> Die Kirche im ersten Hof des <a href=\"https:\/\/topkapipalace.gen.tr\/de\/\" target=\"_blank\" style=\"outline: none;\" data-lt-tmp-id=\"lt-666314\" spellcheck=\"false\" rel=\"nofollow noopener\">Topkapi-Palastes<\/a> besichtigt man am besten morgens, bevor die Menschenmassen eintreffen.<\/p>\n<p><a href=\"https:\/\/www.hagiasophia.gen.tr\/de\/uber-hagia-sophia-istanbul\/hagia-irene-istanbul\/\" style=\"outline: none;\" data-lt-tmp-id=\"lt-502738\" spellcheck=\"false\">&gt;&gt; Erfahren Sie hier mehr \u00fcber die Hagia Irene.<\/a><\/p>\n<p><a href=\"https:\/\/www.hagiasophia.gen.tr\/de\/hagia-sophia-eintritt-tickets-fuhrungen\/\" dynamic-postlink=\"tcb_post_the_permalink\" data-shortcode-id=\"2729\"><\/a><\/p>\n<p style=\"padding-bottom: 0px !important; margin-bottom: 0px !important;\"><strong>Weiterlesen<\/strong><\/p>\n<h2 style=\"\"><span data-attr-css=\"\" data-attr-link=\"1\" data-attr-rel=\"0\" data-attr-static-link=\"{&quot;className&quot;:&quot;&quot;,&quot;href&quot;:&quot;https:\/\/www.hagiasophia.gen.tr\/de\/hagia-sophia-eintritt-tickets-fuhrungen\/&quot;,&quot;title&quot;:&quot;Hagia Sophia: Eintritt, Tickets &amp; F\u00fchrungen&quot;,&quot;class&quot;:&quot;&quot;}\" data-attr-target=\"0\" data-extra_key=\"\" data-option-inline=\"1\" data-shortcode=\"tcb_post_title\" data-shortcode-name=\"Post title\" style=\"\"><a href=\"https:\/\/www.hagiasophia.gen.tr\/de\/hagia-sophia-eintritt-tickets-fuhrungen\/\" title=\"Hagia Sophia: Eintritt, Tickets &amp; F\u00fchrungen\" data-css=\"\">Hagia Sophia: Eintritt, Tickets &amp; F\u00fchrungen<\/a><\/span><\/h2>\n<p><a href=\"https:\/\/www.hagiasophia.gen.tr\/de\/hagia-sophia-anfahrt\/\" dynamic-postlink=\"tcb_post_the_permalink\" data-shortcode-id=\"2729\"><\/a><\/p>\n<p style=\"padding-bottom: 0px !important; margin-bottom: 0px !important;\"><strong>Weiterlesen<\/strong><\/p>\n<h2 style=\"\"><span data-attr-css=\"\" data-attr-link=\"1\" data-attr-rel=\"0\" data-attr-static-link=\"{&quot;className&quot;:&quot;&quot;,&quot;href&quot;:&quot;https:\/\/www.hagiasophia.gen.tr\/de\/hagia-sophia-eintritt-tickets-fuhrungen\/&quot;,&quot;title&quot;:&quot;Hagia Sophia: Eintritt, Tickets &amp; F\u00fchrungen&quot;,&quot;class&quot;:&quot;&quot;}\" data-attr-target=\"0\" data-extra_key=\"\" data-option-inline=\"1\" data-shortcode=\"tcb_post_title\" data-shortcode-name=\"Post title\" style=\"\"><a href=\"https:\/\/www.hagiasophia.gen.tr\/de\/hagia-sophia-anfahrt\/\" title=\"Anfahrt zur Hagia Sophia in Istanbul\" data-css=\"\">Anfahrt zur Hagia Sophia in Istanbul<\/a><\/span><\/h2>\n","protected":false},"excerpt":{"rendered":"<p>\u00d6ffnungszeiten der Hagia Sophia Moschee \u00d6ffnungszeiten der Hagia Sophia Moschee Die \u00d6ffnungszeiten der Hagia Sophia f\u00fcr Touristen sind&nbsp;ganzj\u00e4hrig von 09.00-19.30 Uhr (letzter Einlass: 18.30). Seit 2020 ist die Hagia Sophia Moschee rund um die Uhr f\u00fcr Gebete ge\u00f6ffnet. Schlie\u00dftage:&nbsp;Die Moschee ist ganzj\u00e4hrig ge\u00f6ffnet.&nbsp; Beste Zeit f\u00fcr einen Besuch der Hagia Sophia: Vermeiden Sie die Gebetszeiten, [&hellip;]<\/p>\n","protected":false},"author":3,"featured_media":1913,"parent":0,"menu_order":0,"comment_status":"closed","ping_status":"closed","template":"","meta":{"footnotes":""},"class_list":["post-2726","page","type-page","status-publish","has-post-thumbnail","hentry","post-wrapper","thrv_wrapper"],"wp-worthy-pixel":{"ignored":false,"public":null,"server":null,"url":null},"wp-worthy-type":"normal","_links":{"self":[{"href":"https:\/\/www.hagiasophia.gen.tr\/de\/wp-json\/wp\/v2\/pages\/2726","targetHints":{"allow":["GET"]}}],"collection":[{"href":"https:\/\/www.hagiasophia.gen.tr\/de\/wp-json\/wp\/v2\/pages"}],"about":[{"href":"https:\/\/www.hagiasophia.gen.tr\/de\/wp-json\/wp\/v2\/types\/page"}],"author":[{"embeddable":true,"href":"https:\/\/www.hagiasophia.gen.tr\/de\/wp-json\/wp\/v2\/users\/3"}],"replies":[{"embeddable":true,"href":"https:\/\/www.hagiasophia.gen.tr\/de\/wp-json\/wp\/v2\/comments?post=2726"}],"version-history":[{"count":14,"href":"https:\/\/www.hagiasophia.gen.tr\/de\/wp-json\/wp\/v2\/pages\/2726\/revisions"}],"predecessor-version":[{"id":5908,"href":"https:\/\/www.hagiasophia.gen.tr\/de\/wp-json\/wp\/v2\/pages\/2726\/revisions\/5908"}],"wp:featuredmedia":[{"embeddable":true,"href":"https:\/\/www.hagiasophia.gen.tr\/de\/wp-json\/wp\/v2\/media\/1913"}],"wp:attachment":[{"href":"https:\/\/www.hagiasophia.gen.tr\/de\/wp-json\/wp\/v2\/media?parent=2726"}],"curies":[{"name":"wp","href":"https:\/\/api.w.org\/{rel}","templated":true}]}}