{"id":2733,"date":"2023-08-28T08:00:55","date_gmt":"2023-08-28T08:00:55","guid":{"rendered":"https:\/\/www.hagiasophia.gen.tr\/history\/"},"modified":"2024-06-11T12:48:16","modified_gmt":"2024-06-11T12:48:16","slug":"hagia-sophia-geschichte","status":"publish","type":"page","link":"https:\/\/www.hagiasophia.gen.tr\/de\/hagia-sophia-geschichte\/","title":{"rendered":"Geschichte der Hagia Sophia"},"content":{"rendered":"<h1 style=\"text-align: left;\">Geschichte der Hagia Sophia<\/h1>\n<p style=\"text-align: left;\"><strong>geschichte \/ ARCHITEkTUR<\/strong><\/p>\n<h2 dir=\"ltr\">Geschichte der Hagia Sophia<\/h2>\n<p dir=\"ltr\">Die Hagia Sophia ist eines der ber\u00fchmtesten Bauwerke der Welt und geh\u00f6rt zum <strong>UNESCO-Weltkulturerbe. <\/strong>Urspr\u00fcnglich<strong> im 6. Jahrhundert<\/strong> n. Chr. als Kirche erbaut, hat sie im Laufe der Jahrhunderte eine vielseitige Geschichte als Moschee, Museum und erneut als Moschee erlebt.<\/p>\n<h2>Die erste Hagia Sophia<\/h2>\n<p dir=\"ltr\">Im <strong>Jahr 325 gab Kaiser Konstantin I.<\/strong> den Befehl zum Bau einer Kirche an der Stelle der heutigen Hagia Sophia. Legenden besagen, dass dieses Gotteshaus&nbsp;<strong>auf den Ruinen einer heidnischen Kapelle <\/strong>errichtet wurde. Im Jahr 404 stellte Kaiserin Eudoxia eine Statue von sich vor der Hagia Sophia auf, was zu einer Rebellion in Neu-Rom f\u00fchrte. Diese <strong>R<\/strong><strong>ebellion f\u00fchrte zu einem Feuer,<\/strong> das die erste Hagia Sophia zerst\u00f6rte.<\/p>\n<p dir=\"ltr\">Der r\u00f6mische Kaiser Konstantin I. lie\u00df das Gotteshaus<strong> wiederaufbauen und erweitern. <\/strong>Nach Reparaturen weihte Kaiser Theodosius II. die Kirche 415 ein. Im Januar 532, w\u00e4hrend des Nika-Aufstands, wurde die Kirche<strong> erneut durch ein Feuer vollst\u00e4ndig zerst\u00f6rt. <\/strong>Diese Zerst\u00f6rung bot Justinian I. die Gelegenheit, <strong>d<\/strong><strong>as gr\u00f6\u00dfte Gotteshaus der damaligen Welt <\/strong>als Symbol seiner absoluten Autorit\u00e4t zu errichten.<\/p>\n<h2>Geschichte der zweiten Hagia Sophia&nbsp;<\/h2>\n<p dir=\"ltr\">Die zweite Hagia Sophia wurde im Jahr 404 n. Chr. durch ein Feuer schwer besch\u00e4digt, jedoch <strong>unter Kaiser Justinian I. wieder aufgebaut.<\/strong> Diese neue Version der Hagia Sophia war deutlich<strong> gr\u00f6\u00dfer und pr\u00e4chtiger<\/strong> als die erste.<\/p>\n<p dir=\"ltr\">Im Jahr<strong> 537 n. Chr. <\/strong>wurde der Bau nach einer au\u00dfergew\u00f6hnlich langen Bauzeit von sechs Jahren <strong>fertiggestellt<\/strong>. Die Baumeister Anthemius von Tralles und Isidorus von Milet, bekannt f\u00fcr ihre herausragenden Kenntnisse in Mechanik und Mathematik, leiteten das Projekt.<\/p>\n<p dir=\"ltr\">Die heutige Hagia Sophia, <strong>haupts\u00e4chlich<\/strong><strong> aus dem 6. Jahrhundert stammend,<\/strong> wurde durch ein <strong>Erdbeben<\/strong> im Jahr 558 teilweise besch\u00e4digt, darunter ein Einsturz der Kuppel, der jedoch 562 wiederhergestellt wurde. Weitere Erdbeben f\u00fchrten zu weiteren Sch\u00e4den und notwendigen Reparaturen.<\/p>\n<p dir=\"ltr\">Die zweite Hagia Sophia war <strong>ein Symbol f\u00fcr den Wohlstand<\/strong><strong>und die Macht des Byzantinischen Reiches.<\/strong> Sie fungierte auch als bedeutendes Zentrum <strong>f\u00fcr Bildung und Kultur.<\/strong> Viele historische Ereignisse, darunter die <strong>Kr\u00f6nung der byzantinischen Kaiser,<\/strong> fanden in diesem imposanten Sakralbu statt.<\/p>\n<p dir=\"ltr\">\u00dcber mehr als ein Jahrtausend war die Hagia Sophia die <strong>Kathedrale des \u00d6kumenischen Patriarchats von Konstantinopel <\/strong>und der spirituelle Mittelpunkt der orthodoxen Kirche. Bis heute ist sie ein Ort von gro\u00dfer historischer Bedeutung und Anziehungskraft.<\/p>\n<h2 style=\"text-align: left;\">Die Hagia Sophia im Osmanischen Reich<\/h2>\n<p dir=\"ltr\">Nach der Eroberung Konstantinopels durch die Osmanen im Jahr 1453 wurde die Hagia Sophia von Mehmed II. <strong>in eine Moschee umgewandelt.<\/strong> Zu den Umbauten geh\u00f6rten die<strong> Hinzuf\u00fcgung eines h\u00f6lzernen Minaretts<\/strong> (einer Struktur au\u00dfen am Geb\u00e4ude, die zum Gebetsruf verwendet wird), eines <strong>gro\u00dfen Kronleuchters, einer Mihrab <\/strong>(einer Nische, die die Gebetsrichtung nach Mekka anzeigt) und einer <strong>Minbar<\/strong> (einer Kanzel).<\/p>\n<p dir=\"ltr\">Sp\u00e4ter, unter der Herrschaft von Bayezid II., wurde das urspr\u00fcngliche h\u00f6lzerne Minarett durch das <strong>imposante rote Minarett an der S\u00fcdostecke ersetzt. <\/strong>Das schlanke wei\u00dfe Minarett an der Nordostseite wurde ebenfalls unter seiner Herrschaft errichtet. Zudem wurden um 1500 zwei identische Minarette an der Westseite von Sinan, einem ber\u00fchmten osmanischen Architekten, im Auftrag von Selim II. oder Murad III. erbaut.<\/p>\n<h2 dir=\"ltr\">Hagia Sophia nach der Gr\u00fcndung der T\u00fcrkischen Republik&nbsp;<\/h2>\n<p dir=\"ltr\">Im Zuge der S\u00e4kularisierung unter Mustafa Kemal Atat\u00fcrk wurde die Hagia Sophia <strong>im Jahr 1935 in ein Museum umgewandelt.<\/strong><\/p>\n<p dir=\"ltr\">1985 wurde die Hagia Sophia zusammen mit anderen historischen St\u00e4tten in Istanbul <strong>in die Liste des UNESCO-Weltkulturerbes aufgenommen.<\/strong><\/p>\n<p dir=\"ltr\">Im Jahr 2020 traf Pr\u00e4sident Recep Tayyip Erdo\u011fan die kontroverse Entscheidung, die Hagia Sophia <strong>wieder in eine Moschee umzuwandeln. <\/strong>Kurz nach dieser Ank\u00fcndigung fanden islamische Gebete statt, wobei Vorh\u00e4nge die christliche Symbolik des Geb\u00e4udes teilweise verdeckten.&nbsp;<\/p>\n<p dir=\"ltr\">Trotz dieser Ver\u00e4nderungen bleibt die Hagia Sophia als <strong>eine der beliebtesten Touristenattraktionen der T\u00fcrkei <\/strong>f\u00fcr Besucher weiterhin zug\u00e4nglich.<\/p>\n<h2 dir=\"ltr\">Die Architektur der Hagia Sophia&nbsp;<\/h2>\n<p dir=\"ltr\">Die Architektur der Hagia Sophia stellt ein <strong>herausragendes Beispiel der byzantinischen Baukunst <\/strong>dar. Das Bauwerk ist vor allem f\u00fcr seine <strong>gigantische Hauptkuppel<\/strong> bekannt, die von vier massiven Pfeilern getragen wird.<\/p>\n<p dir=\"ltr\">Die Kuppel der Hagia Sophia galt im 6. Jahrhundert n. Chr. als ein <strong>Meisterwerk der Ingenieurskunst<\/strong>. Sie wird von vier gro\u00dfen Pfeilern gest\u00fctzt, die durch B\u00f6gen miteinander verbunden sind. Diese architektonische Anordnung sorgt f\u00fcr eine <strong>gleichm\u00e4\u00dfige Verteilung des Gewichts der Kuppel <\/strong>und verhindert somit ein Einst\u00fcrzen des Geb\u00e4udes.<\/p>\n<p dir=\"ltr\">Der <strong>Innenraum<\/strong> der Hagia Sophia ist ein <strong>wahrer Schatz an Kunst und Handwerk.<\/strong> Er ist reich verziert, mit goldenen Mosaiken, Marmorverkleidungen und anderen kostbaren Materialien. Die W\u00e4nde und S\u00e4ulen aus Marmor sind mit komplexen Schnitzereien geschm\u00fcckt.<\/p>\n<p style=\"\">Die Hagia Sophia war<strong>&nbsp;wegweisend f\u00fcr sp\u00e4tere Bauprojekte,<\/strong> die Baumaterialien aus dem gesamten Reich bezogen. Sie steht als pr\u00e4chtiges Zeugnis f\u00fcr die beeindruckende Architektur und k\u00fcnstlerische Leistung des Byzantinischen Reiches.<\/p>\n<h2 dir=\"ltr\">Die Bedeutung der Hagia Sophia&nbsp;<\/h2>\n<p dir=\"ltr\">Die Hagia Sophia hat eine<strong> immense Bedeutung sowohl f\u00fcr Christen als auch f\u00fcr Muslime. <\/strong>\u00dcber viele Jahrhunderte war sie das Zentrum der orthodoxen Kirche und ein bedeutendes Pilgerziel f\u00fcr Christen weltweit. Sie symbolisiert die religi\u00f6se Geschichte und kulturelle Identit\u00e4t des Christentums.<\/p>\n<p dir=\"ltr\">F\u00fcr Muslime ist die Hagia Sophia ein<strong> Symbol des Osmanischen Reiches <\/strong>und des Islam. Nach der Eroberung Konstantinopels wurde sie zur gr\u00f6\u00dften Moschee des Reiches und diente als Ort des Gebets und der Verehrung f\u00fcr Muslime aus verschiedenen Regionen.<\/p>\n<p dir=\"ltr\">Dar\u00fcber hinaus ist die<strong>&nbsp;<\/strong><strong>Hagia Sophia ein Meisterwerk der Architekturgeschichte.<\/strong> Ihre konzeptionelle <strong>Innovation und technische Brillanz<\/strong> haben viele sp\u00e4tere Bauprojekte inspiriert. Die gigantische Kuppel und die Verwendung von Mosaiken, Marmor und kunstvoller Schnitzerei stellen bis heute ein architektonisches Wunder dar, das viele andere Bauwerke auf der ganzen Welt beeinflusst hat. Aus diesen Gr\u00fcnden wird die Hagia Sophia oft als <strong>achtes Weltwunder <\/strong>betrachtet.<\/p>\n<p><a href=\"https:\/\/www.hagiasophia.gen.tr\/de\/hagia-sophia-offnungszeiten\/\" dynamic-postlink=\"tcb_post_the_permalink\" data-shortcode-id=\"2726\"><\/a><\/p>\n<p style=\"padding-bottom: 0px !important; margin-bottom: 0px !important;\"><strong>Weiterlesen<\/strong><\/p>\n<h2 style=\"\"><span data-attr-css=\"\" data-attr-link=\"1\" data-attr-rel=\"0\" data-attr-static-link=\"{&quot;className&quot;:&quot;&quot;,&quot;href&quot;:&quot;https:\/\/www.hagiasophia.gen.tr\/de\/hagia-sophia-offnungszeiten\/&quot;,&quot;title&quot;:&quot;\u00d6ffnungszeiten der Hagia Sophia Moschee&quot;,&quot;class&quot;:&quot;&quot;}\" data-attr-target=\"0\" data-extra_key=\"\" data-option-inline=\"1\" data-shortcode=\"tcb_post_title\" data-shortcode-name=\"Post title\" style=\"\"><a href=\"https:\/\/www.hagiasophia.gen.tr\/de\/hagia-sophia-offnungszeiten\/\" title=\"\u00d6ffnungszeiten der Hagia Sophia Moschee\" data-css=\"\">\u00d6ffnungszeiten der Hagia Sophia Moschee<\/a><\/span><\/h2>\n<p><a href=\"https:\/\/www.hagiasophia.gen.tr\/de\/hagia-sophia-anfahrt\/\" dynamic-postlink=\"tcb_post_the_permalink\" data-shortcode-id=\"2726\"><\/a><\/p>\n<p style=\"padding-bottom: 0px !important; margin-bottom: 0px !important;\"><strong>Weiterlesen<\/strong><\/p>\n<h2 style=\"\"><span data-attr-css=\"\" data-attr-link=\"1\" data-attr-rel=\"0\" data-attr-static-link=\"{&quot;className&quot;:&quot;&quot;,&quot;href&quot;:&quot;https:\/\/www.hagiasophia.gen.tr\/de\/hagia-sophia-offnungszeiten\/&quot;,&quot;title&quot;:&quot;\u00d6ffnungszeiten der Hagia Sophia Moschee&quot;,&quot;class&quot;:&quot;&quot;}\" data-attr-target=\"0\" data-extra_key=\"\" data-option-inline=\"1\" data-shortcode=\"tcb_post_title\" data-shortcode-name=\"Post title\" style=\"\"><a href=\"https:\/\/www.hagiasophia.gen.tr\/de\/hagia-sophia-anfahrt\/\" title=\"Anfahrt zur Hagia Sophia in Istanbul\" data-css=\"\">Anfahrt zur Hagia Sophia in Istanbul<\/a><\/span><\/h2>\n","protected":false},"excerpt":{"rendered":"<p>Geschichte der Hagia Sophia geschichte \/ ARCHITEkTUR Geschichte der Hagia Sophia Die Hagia Sophia ist eines der ber\u00fchmtesten Bauwerke der Welt und geh\u00f6rt zum UNESCO-Weltkulturerbe. Urspr\u00fcnglich im 6. Jahrhundert n. Chr. als Kirche erbaut, hat sie im Laufe der Jahrhunderte eine vielseitige Geschichte als Moschee, Museum und erneut als Moschee erlebt. Die erste Hagia Sophia [&hellip;]<\/p>\n","protected":false},"author":3,"featured_media":1911,"parent":0,"menu_order":0,"comment_status":"closed","ping_status":"closed","template":"","meta":{"footnotes":""},"class_list":["post-2733","page","type-page","status-publish","has-post-thumbnail","hentry","post-wrapper","thrv_wrapper"],"wp-worthy-pixel":{"ignored":false,"public":null,"server":null,"url":null},"wp-worthy-type":"normal","_links":{"self":[{"href":"https:\/\/www.hagiasophia.gen.tr\/de\/wp-json\/wp\/v2\/pages\/2733","targetHints":{"allow":["GET"]}}],"collection":[{"href":"https:\/\/www.hagiasophia.gen.tr\/de\/wp-json\/wp\/v2\/pages"}],"about":[{"href":"https:\/\/www.hagiasophia.gen.tr\/de\/wp-json\/wp\/v2\/types\/page"}],"author":[{"embeddable":true,"href":"https:\/\/www.hagiasophia.gen.tr\/de\/wp-json\/wp\/v2\/users\/3"}],"replies":[{"embeddable":true,"href":"https:\/\/www.hagiasophia.gen.tr\/de\/wp-json\/wp\/v2\/comments?post=2733"}],"version-history":[{"count":14,"href":"https:\/\/www.hagiasophia.gen.tr\/de\/wp-json\/wp\/v2\/pages\/2733\/revisions"}],"predecessor-version":[{"id":3122,"href":"https:\/\/www.hagiasophia.gen.tr\/de\/wp-json\/wp\/v2\/pages\/2733\/revisions\/3122"}],"wp:featuredmedia":[{"embeddable":true,"href":"https:\/\/www.hagiasophia.gen.tr\/de\/wp-json\/wp\/v2\/media\/1911"}],"wp:attachment":[{"href":"https:\/\/www.hagiasophia.gen.tr\/de\/wp-json\/wp\/v2\/media?parent=2733"}],"curies":[{"name":"wp","href":"https:\/\/api.w.org\/{rel}","templated":true}]}}