{"id":4018,"date":"2024-09-10T14:07:50","date_gmt":"2024-09-10T14:07:50","guid":{"rendered":"https:\/\/www.hagiasophia.gen.tr\/hagia-sophia-and-basilica-cistern-tickets\/"},"modified":"2025-07-02T13:28:56","modified_gmt":"2025-07-02T13:28:56","slug":"hagia-sophia-versunkener-palast-tickets","status":"publish","type":"page","link":"https:\/\/www.hagiasophia.gen.tr\/de\/hagia-sophia-versunkener-palast-tickets\/","title":{"rendered":"Hagia Sophia &amp; Versunkener Palast Tickets"},"content":{"rendered":"<p><span><img decoding=\"async\" alt=\"Hagia Sophia: Ticket ohne Anstehen mit Audioguide und Augmented Reality\" data-id=\"3291\" width=\"2048\" height=\"1140\" title=\"Hagia Sophia: Ticket ohne Anstehen mit Audioguide und Augmented Reality\" src=\"https:\/\/www.hagiasophia.gen.tr\/wp-content\/uploads\/2024\/09\/Hagia-Sophia-Skip-the-line-Ticket-with-Audio-Guide-and-Augment-Reality-1024x570.png\" data-src=\"https:\/\/www.hagiasophia.gen.tr\/wp-content\/uploads\/2024\/09\/Hagia-Sophia-Skip-the-line-Ticket-with-Audio-Guide-and-Augment-Reality-300x167.png\" data-sizes=\"{&quot;thumbnail&quot;:{&quot;url&quot;:&quot;https:\/\/www.hagiasophia.gen.tr\/wp-content\/uploads\/2024\/09\/Hagia-Sophia-Skip-the-line-Ticket-with-Audio-Guide-and-Augment-Reality-150x150.png&quot;,&quot;height&quot;:150,&quot;width&quot;:150,&quot;orientation&quot;:&quot;landscape&quot;},&quot;medium&quot;:{&quot;url&quot;:&quot;https:\/\/www.hagiasophia.gen.tr\/wp-content\/uploads\/2024\/09\/Hagia-Sophia-Skip-the-line-Ticket-with-Audio-Guide-and-Augment-Reality-300x167.png&quot;,&quot;height&quot;:167,&quot;width&quot;:300,&quot;orientation&quot;:&quot;landscape&quot;},&quot;large&quot;:{&quot;url&quot;:&quot;https:\/\/www.hagiasophia.gen.tr\/wp-content\/uploads\/2024\/09\/Hagia-Sophia-Skip-the-line-Ticket-with-Audio-Guide-and-Augment-Reality-1024x570.png&quot;,&quot;height&quot;:570,&quot;width&quot;:1024,&quot;orientation&quot;:&quot;landscape&quot;},&quot;full&quot;:{&quot;url&quot;:&quot;https:\/\/www.hagiasophia.gen.tr\/wp-content\/uploads\/2024\/09\/Hagia-Sophia-Skip-the-line-Ticket-with-Audio-Guide-and-Augment-Reality.png&quot;,&quot;height&quot;:1140,&quot;width&quot;:2048,&quot;orientation&quot;:&quot;landscape&quot;},&quot;1536x1536&quot;:{&quot;url&quot;:&quot;https:\/\/www.hagiasophia.gen.tr\/wp-content\/uploads\/2024\/09\/Hagia-Sophia-Skip-the-line-Ticket-with-Audio-Guide-and-Augment-Reality-1536x855.png&quot;,&quot;height&quot;:855,&quot;width&quot;:1536,&quot;orientation&quot;:&quot;landscape&quot;},&quot;2048x2048&quot;:{&quot;url&quot;:&quot;https:\/\/www.hagiasophia.gen.tr\/wp-content\/uploads\/2024\/09\/Hagia-Sophia-Skip-the-line-Ticket-with-Audio-Guide-and-Augment-Reality-2048x1140.png&quot;,&quot;height&quot;:1140,&quot;width&quot;:2048,&quot;orientation&quot;:&quot;landscape&quot;}}\" loading=\"lazy\"><\/span><span><img decoding=\"async\" alt=\"Hagia Sophia: Ticket ohne Anstehen mit Audioguide und Augmented Reality\" data-id=\"3294\" width=\"2048\" height=\"1150\" title=\"Hagia Sophia Ticket ohne Anstehen mit Audioguide und Augmented Reality 2\" src=\"https:\/\/www.hagiasophia.gen.tr\/wp-content\/uploads\/2024\/09\/Hagia-Sophia-Skip-the-line-Ticket-with-Audio-Guide-and-Augment-Reality-2-1024x575.png\" data-src=\"https:\/\/www.hagiasophia.gen.tr\/wp-content\/uploads\/2024\/09\/Hagia-Sophia-Skip-the-line-Ticket-with-Audio-Guide-and-Augment-Reality-2-300x169.png\" data-sizes=\"{&quot;thumbnail&quot;:{&quot;url&quot;:&quot;https:\/\/www.hagiasophia.gen.tr\/wp-content\/uploads\/2024\/09\/Hagia-Sophia-Skip-the-line-Ticket-with-Audio-Guide-and-Augment-Reality-2-150x150.png&quot;,&quot;height&quot;:150,&quot;width&quot;:150,&quot;orientation&quot;:&quot;landscape&quot;},&quot;medium&quot;:{&quot;url&quot;:&quot;https:\/\/www.hagiasophia.gen.tr\/wp-content\/uploads\/2024\/09\/Hagia-Sophia-Skip-the-line-Ticket-with-Audio-Guide-and-Augment-Reality-2-300x169.png&quot;,&quot;height&quot;:169,&quot;width&quot;:300,&quot;orientation&quot;:&quot;landscape&quot;},&quot;large&quot;:{&quot;url&quot;:&quot;https:\/\/www.hagiasophia.gen.tr\/wp-content\/uploads\/2024\/09\/Hagia-Sophia-Skip-the-line-Ticket-with-Audio-Guide-and-Augment-Reality-2-1024x575.png&quot;,&quot;height&quot;:575,&quot;width&quot;:1024,&quot;orientation&quot;:&quot;landscape&quot;},&quot;full&quot;:{&quot;url&quot;:&quot;https:\/\/www.hagiasophia.gen.tr\/wp-content\/uploads\/2024\/09\/Hagia-Sophia-Skip-the-line-Ticket-with-Audio-Guide-and-Augment-Reality-2.png&quot;,&quot;height&quot;:1150,&quot;width&quot;:2048,&quot;orientation&quot;:&quot;landscape&quot;},&quot;1536x1536&quot;:{&quot;url&quot;:&quot;https:\/\/www.hagiasophia.gen.tr\/wp-content\/uploads\/2024\/09\/Hagia-Sophia-Skip-the-line-Ticket-with-Audio-Guide-and-Augment-Reality-2-1536x863.png&quot;,&quot;height&quot;:863,&quot;width&quot;:1536,&quot;orientation&quot;:&quot;landscape&quot;},&quot;2048x2048&quot;:{&quot;url&quot;:&quot;https:\/\/www.hagiasophia.gen.tr\/wp-content\/uploads\/2024\/09\/Hagia-Sophia-Skip-the-line-Ticket-with-Audio-Guide-and-Augment-Reality-2-2048x1150.png&quot;,&quot;height&quot;:1150,&quot;width&quot;:2048,&quot;orientation&quot;:&quot;landscape&quot;}}\" loading=\"lazy\"><\/span><span><img decoding=\"async\" alt=\"Hagia Sophia: Ticket ohne Anstehen mit Audioguide und Augmented Reality\" data-id=\"3300\" width=\"2048\" height=\"1149\" title=\"Hagia Sophia Ticket ohne Anstehen mit Audioguide und Augmented Reality4\" src=\"https:\/\/www.hagiasophia.gen.tr\/wp-content\/uploads\/2024\/09\/Hagia-Sophia-Skip-the-line-Ticket-with-Audio-Guide-and-Augment-Reality4-1024x575.png\" data-src=\"https:\/\/www.hagiasophia.gen.tr\/wp-content\/uploads\/2024\/09\/Hagia-Sophia-Skip-the-line-Ticket-with-Audio-Guide-and-Augment-Reality4-300x168.png\" data-sizes=\"{&quot;thumbnail&quot;:{&quot;url&quot;:&quot;https:\/\/www.hagiasophia.gen.tr\/wp-content\/uploads\/2024\/09\/Hagia-Sophia-Skip-the-line-Ticket-with-Audio-Guide-and-Augment-Reality4-150x150.png&quot;,&quot;height&quot;:150,&quot;width&quot;:150,&quot;orientation&quot;:&quot;landscape&quot;},&quot;medium&quot;:{&quot;url&quot;:&quot;https:\/\/www.hagiasophia.gen.tr\/wp-content\/uploads\/2024\/09\/Hagia-Sophia-Skip-the-line-Ticket-with-Audio-Guide-and-Augment-Reality4-300x168.png&quot;,&quot;height&quot;:168,&quot;width&quot;:300,&quot;orientation&quot;:&quot;landscape&quot;},&quot;large&quot;:{&quot;url&quot;:&quot;https:\/\/www.hagiasophia.gen.tr\/wp-content\/uploads\/2024\/09\/Hagia-Sophia-Skip-the-line-Ticket-with-Audio-Guide-and-Augment-Reality4-1024x575.png&quot;,&quot;height&quot;:575,&quot;width&quot;:1024,&quot;orientation&quot;:&quot;landscape&quot;},&quot;full&quot;:{&quot;url&quot;:&quot;https:\/\/www.hagiasophia.gen.tr\/wp-content\/uploads\/2024\/09\/Hagia-Sophia-Skip-the-line-Ticket-with-Audio-Guide-and-Augment-Reality4.png&quot;,&quot;height&quot;:1149,&quot;width&quot;:2048,&quot;orientation&quot;:&quot;landscape&quot;},&quot;1536x1536&quot;:{&quot;url&quot;:&quot;https:\/\/www.hagiasophia.gen.tr\/wp-content\/uploads\/2024\/09\/Hagia-Sophia-Skip-the-line-Ticket-with-Audio-Guide-and-Augment-Reality4-1536x862.png&quot;,&quot;height&quot;:862,&quot;width&quot;:1536,&quot;orientation&quot;:&quot;landscape&quot;},&quot;2048x2048&quot;:{&quot;url&quot;:&quot;https:\/\/www.hagiasophia.gen.tr\/wp-content\/uploads\/2024\/09\/Hagia-Sophia-Skip-the-line-Ticket-with-Audio-Guide-and-Augment-Reality4-2048x1149.png&quot;,&quot;height&quot;:1149,&quot;width&quot;:2048,&quot;orientation&quot;:&quot;landscape&quot;}}\" loading=\"lazy\"><\/span><span><img decoding=\"async\" alt=\"Hagia Sophia: Ticket ohne Anstehen mit Audioguide und Augmented Reality\" data-id=\"3303\" width=\"2048\" height=\"1149\" title=\"Hagia Sophia Ticket ohne Anstehen mit Audioguide und Augmented Reality5\" src=\"https:\/\/www.hagiasophia.gen.tr\/wp-content\/uploads\/2024\/09\/Hagia-Sophia-Skip-the-line-Ticket-with-Audio-Guide-and-Augment-Reality5-1024x574.png\" data-src=\"https:\/\/www.hagiasophia.gen.tr\/wp-content\/uploads\/2024\/09\/Hagia-Sophia-Skip-the-line-Ticket-with-Audio-Guide-and-Augment-Reality5-300x168.png\" data-sizes=\"{&quot;thumbnail&quot;:{&quot;url&quot;:&quot;https:\/\/www.hagiasophia.gen.tr\/wp-content\/uploads\/2024\/09\/Hagia-Sophia-Skip-the-line-Ticket-with-Audio-Guide-and-Augment-Reality5-150x150.png&quot;,&quot;height&quot;:150,&quot;width&quot;:150,&quot;orientation&quot;:&quot;landscape&quot;},&quot;medium&quot;:{&quot;url&quot;:&quot;https:\/\/www.hagiasophia.gen.tr\/wp-content\/uploads\/2024\/09\/Hagia-Sophia-Skip-the-line-Ticket-with-Audio-Guide-and-Augment-Reality5-300x168.png&quot;,&quot;height&quot;:168,&quot;width&quot;:300,&quot;orientation&quot;:&quot;landscape&quot;},&quot;large&quot;:{&quot;url&quot;:&quot;https:\/\/www.hagiasophia.gen.tr\/wp-content\/uploads\/2024\/09\/Hagia-Sophia-Skip-the-line-Ticket-with-Audio-Guide-and-Augment-Reality5-1024x574.png&quot;,&quot;height&quot;:574,&quot;width&quot;:1024,&quot;orientation&quot;:&quot;landscape&quot;},&quot;full&quot;:{&quot;url&quot;:&quot;https:\/\/www.hagiasophia.gen.tr\/wp-content\/uploads\/2024\/09\/Hagia-Sophia-Skip-the-line-Ticket-with-Audio-Guide-and-Augment-Reality5.png&quot;,&quot;height&quot;:1149,&quot;width&quot;:2048,&quot;orientation&quot;:&quot;landscape&quot;},&quot;1536x1536&quot;:{&quot;url&quot;:&quot;https:\/\/www.hagiasophia.gen.tr\/wp-content\/uploads\/2024\/09\/Hagia-Sophia-Skip-the-line-Ticket-with-Audio-Guide-and-Augment-Reality5-1536x862.png&quot;,&quot;height&quot;:862,&quot;width&quot;:1536,&quot;orientation&quot;:&quot;landscape&quot;},&quot;2048x2048&quot;:{&quot;url&quot;:&quot;https:\/\/www.hagiasophia.gen.tr\/wp-content\/uploads\/2024\/09\/Hagia-Sophia-Skip-the-line-Ticket-with-Audio-Guide-and-Augment-Reality5-2048x1149.png&quot;,&quot;height&quot;:1149,&quot;width&quot;:2048,&quot;orientation&quot;:&quot;landscape&quot;}}\" loading=\"lazy\"><\/span><span><img decoding=\"async\" alt=\"Hagia Sophia: Ticket ohne Anstehen mit Audioguide und Augmented Reality\" data-id=\"3306\" width=\"2048\" height=\"1153\" title=\"Hagia Sophia Ticket ohne Anstehen mit Audioguide und Augmented Reality6\" src=\"https:\/\/www.hagiasophia.gen.tr\/wp-content\/uploads\/2024\/09\/Hagia-Sophia-Skip-the-line-Ticket-with-Audio-Guide-and-Augment-Reality6-1024x577.png\" data-src=\"https:\/\/www.hagiasophia.gen.tr\/wp-content\/uploads\/2024\/09\/Hagia-Sophia-Skip-the-line-Ticket-with-Audio-Guide-and-Augment-Reality6-300x169.png\" data-sizes=\"{&quot;thumbnail&quot;:{&quot;url&quot;:&quot;https:\/\/www.hagiasophia.gen.tr\/wp-content\/uploads\/2024\/09\/Hagia-Sophia-Skip-the-line-Ticket-with-Audio-Guide-and-Augment-Reality6-150x150.png&quot;,&quot;height&quot;:150,&quot;width&quot;:150,&quot;orientation&quot;:&quot;landscape&quot;},&quot;medium&quot;:{&quot;url&quot;:&quot;https:\/\/www.hagiasophia.gen.tr\/wp-content\/uploads\/2024\/09\/Hagia-Sophia-Skip-the-line-Ticket-with-Audio-Guide-and-Augment-Reality6-300x169.png&quot;,&quot;height&quot;:169,&quot;width&quot;:300,&quot;orientation&quot;:&quot;landscape&quot;},&quot;large&quot;:{&quot;url&quot;:&quot;https:\/\/www.hagiasophia.gen.tr\/wp-content\/uploads\/2024\/09\/Hagia-Sophia-Skip-the-line-Ticket-with-Audio-Guide-and-Augment-Reality6-1024x577.png&quot;,&quot;height&quot;:577,&quot;width&quot;:1024,&quot;orientation&quot;:&quot;landscape&quot;},&quot;full&quot;:{&quot;url&quot;:&quot;https:\/\/www.hagiasophia.gen.tr\/wp-content\/uploads\/2024\/09\/Hagia-Sophia-Skip-the-line-Ticket-with-Audio-Guide-and-Augment-Reality6.png&quot;,&quot;height&quot;:1153,&quot;width&quot;:2048,&quot;orientation&quot;:&quot;landscape&quot;},&quot;1536x1536&quot;:{&quot;url&quot;:&quot;https:\/\/www.hagiasophia.gen.tr\/wp-content\/uploads\/2024\/09\/Hagia-Sophia-Skip-the-line-Ticket-with-Audio-Guide-and-Augment-Reality6-1536x865.png&quot;,&quot;height&quot;:865,&quot;width&quot;:1536,&quot;orientation&quot;:&quot;landscape&quot;},&quot;2048x2048&quot;:{&quot;url&quot;:&quot;https:\/\/www.hagiasophia.gen.tr\/wp-content\/uploads\/2024\/09\/Hagia-Sophia-Skip-the-line-Ticket-with-Audio-Guide-and-Augment-Reality6-2048x1153.png&quot;,&quot;height&quot;:1153,&quot;width&quot;:2048,&quot;orientation&quot;:&quot;landscape&quot;}}\" loading=\"lazy\"><\/span><span><img decoding=\"async\" alt=\"Tickets f\u00fcr die Hagia Sophia und die Cisterna Basilica\" data-id=\"3310\" width=\"2048\" height=\"1146\" title=\"Tickets f\u00fcr die Hagia Sophia und die Cisterna Basilica\" src=\"https:\/\/www.hagiasophia.gen.tr\/wp-content\/uploads\/2024\/09\/Hagia-Sophia-Basilica-Cistern-Tickets-1024x573.png\" data-src=\"https:\/\/www.hagiasophia.gen.tr\/wp-content\/uploads\/2024\/09\/Hagia-Sophia-Basilica-Cistern-Tickets-300x168.png\" data-sizes=\"{&quot;thumbnail&quot;:{&quot;url&quot;:&quot;https:\/\/www.hagiasophia.gen.tr\/wp-content\/uploads\/2024\/09\/Hagia-Sophia-Basilica-Cistern-Tickets-150x150.png&quot;,&quot;height&quot;:150,&quot;width&quot;:150,&quot;orientation&quot;:&quot;landscape&quot;},&quot;medium&quot;:{&quot;url&quot;:&quot;https:\/\/www.hagiasophia.gen.tr\/wp-content\/uploads\/2024\/09\/Hagia-Sophia-Basilica-Cistern-Tickets-300x168.png&quot;,&quot;height&quot;:168,&quot;width&quot;:300,&quot;orientation&quot;:&quot;landscape&quot;},&quot;large&quot;:{&quot;url&quot;:&quot;https:\/\/www.hagiasophia.gen.tr\/wp-content\/uploads\/2024\/09\/Hagia-Sophia-Basilica-Cistern-Tickets-1024x573.png&quot;,&quot;height&quot;:573,&quot;width&quot;:1024,&quot;orientation&quot;:&quot;landscape&quot;},&quot;full&quot;:{&quot;url&quot;:&quot;https:\/\/www.hagiasophia.gen.tr\/wp-content\/uploads\/2024\/09\/Hagia-Sophia-Basilica-Cistern-Tickets.png&quot;,&quot;height&quot;:1146,&quot;width&quot;:2048,&quot;orientation&quot;:&quot;landscape&quot;},&quot;1536x1536&quot;:{&quot;url&quot;:&quot;https:\/\/www.hagiasophia.gen.tr\/wp-content\/uploads\/2024\/09\/Hagia-Sophia-Basilica-Cistern-Tickets-1536x859.png&quot;,&quot;height&quot;:859,&quot;width&quot;:1536,&quot;orientation&quot;:&quot;landscape&quot;},&quot;2048x2048&quot;:{&quot;url&quot;:&quot;https:\/\/www.hagiasophia.gen.tr\/wp-content\/uploads\/2024\/09\/Hagia-Sophia-Basilica-Cistern-Tickets-2048x1146.png&quot;,&quot;height&quot;:1146,&quot;width&quot;:2048,&quot;orientation&quot;:&quot;landscape&quot;}}\" loading=\"lazy\"><\/span><span><img decoding=\"async\" alt=\"Hagia Sophia: Ticket ohne Anstehen mit Audioguide und Augmented Reality\" data-id=\"3297\" width=\"2048\" height=\"1139\" title=\"Hagia Sophia Ticket ohne Anstehen mit Audioguide und Augmented Reality3\" src=\"https:\/\/www.hagiasophia.gen.tr\/wp-content\/uploads\/2024\/09\/Hagia-Sophia-Skip-the-line-Ticket-with-Audio-Guide-and-Augment-Reality3-1024x569.png\" data-src=\"https:\/\/www.hagiasophia.gen.tr\/wp-content\/uploads\/2024\/09\/Hagia-Sophia-Skip-the-line-Ticket-with-Audio-Guide-and-Augment-Reality3-300x167.png\" data-sizes=\"{&quot;thumbnail&quot;:{&quot;url&quot;:&quot;https:\/\/www.hagiasophia.gen.tr\/wp-content\/uploads\/2024\/09\/Hagia-Sophia-Skip-the-line-Ticket-with-Audio-Guide-and-Augment-Reality3-150x150.png&quot;,&quot;height&quot;:150,&quot;width&quot;:150,&quot;orientation&quot;:&quot;landscape&quot;},&quot;medium&quot;:{&quot;url&quot;:&quot;https:\/\/www.hagiasophia.gen.tr\/wp-content\/uploads\/2024\/09\/Hagia-Sophia-Skip-the-line-Ticket-with-Audio-Guide-and-Augment-Reality3-300x167.png&quot;,&quot;height&quot;:167,&quot;width&quot;:300,&quot;orientation&quot;:&quot;landscape&quot;},&quot;large&quot;:{&quot;url&quot;:&quot;https:\/\/www.hagiasophia.gen.tr\/wp-content\/uploads\/2024\/09\/Hagia-Sophia-Skip-the-line-Ticket-with-Audio-Guide-and-Augment-Reality3-1024x569.png&quot;,&quot;height&quot;:569,&quot;width&quot;:1024,&quot;orientation&quot;:&quot;landscape&quot;},&quot;full&quot;:{&quot;url&quot;:&quot;https:\/\/www.hagiasophia.gen.tr\/wp-content\/uploads\/2024\/09\/Hagia-Sophia-Skip-the-line-Ticket-with-Audio-Guide-and-Augment-Reality3.png&quot;,&quot;height&quot;:1139,&quot;width&quot;:2048,&quot;orientation&quot;:&quot;landscape&quot;},&quot;1536x1536&quot;:{&quot;url&quot;:&quot;https:\/\/www.hagiasophia.gen.tr\/wp-content\/uploads\/2024\/09\/Hagia-Sophia-Skip-the-line-Ticket-with-Audio-Guide-and-Augment-Reality3-1536x854.png&quot;,&quot;height&quot;:854,&quot;width&quot;:1536,&quot;orientation&quot;:&quot;landscape&quot;},&quot;2048x2048&quot;:{&quot;url&quot;:&quot;https:\/\/www.hagiasophia.gen.tr\/wp-content\/uploads\/2024\/09\/Hagia-Sophia-Skip-the-line-Ticket-with-Audio-Guide-and-Augment-Reality3-2048x1139.png&quot;,&quot;height&quot;:1139,&quot;width&quot;:2048,&quot;orientation&quot;:&quot;landscape&quot;}}\" loading=\"lazy\"><\/span><\/p>\n<h1 dir=\"ltr\">Hagia Sophia &amp; Versunkener Palast Tickets<\/h1>\n<\/p>\n<h2><a href=\"https:\/\/megapass.com\/tours-tickets\/hagia-sophia-and-basilica-cistern-combo-tickets-i1438?discountCode=ma-places\" target=\"_blank\" rel=\"nofollow noopener\" style=\"outline: none;\">Zur Buchung<\/a><\/h2>\n<h1><a href=\"https:\/\/megapass.com\/tours-tickets\/hagia-sophia-and-basilica-cistern-combo-tickets-i1438?discountCode=ma-places\" target=\"_blank\" rel=\"nofollow noopener\" style=\"outline: none;\"><strong>Ab 63,00\u20ac<\/strong><\/a><\/h1>\n<p dir=\"ltr\">Entdecken Sie zwei der ber\u00fchmtesten Wahrzeichen Istanbuls \u2013 die Hagia Sophia und den Versunkenen Palast, auch bekannt als Cisterna Basilica \u2013 m<strong>it Tickets ohne Anstehen und einem informativen Audioguide. <\/strong>Erkunden Sie diese Top-Sehensw\u00fcrdigkeiten ganz bequem in Ihrem eigenen Tempo.<\/p>\n<ul>\n<li style=\"\"><span>Handverlesenes Ticket<\/span><\/li>\n<li style=\"\"><span>Handyticket &nbsp;<\/span><\/li>\n<li style=\"\">                    <span>Sofortige Best\u00e4tigung<\/span><\/li>\n<li style=\"\"><span>Skip the Line<\/span><\/li>\n<li style=\"\"><span>Nicht erstattungsf\u00e4hig<\/span><\/li>\n<\/ul>\n<h2>Inbegriffen<\/h2>\n<ul>\n<li style=\"\">                    <span>Eintrittskarte f\u00fcr die Hagia Sophia<\/span><\/li>\n<li><span>Eintrittskarte f\u00fcr die Cisterna Basilica<\/span><\/li>\n<li><span>Zugang ohne Anstehen<\/span><\/li>\n<li><span>Audioguide auf Ihrem Smartphone (in mehreren Sprachen verf\u00fcgbar)<\/span><\/li>\n<\/ul>\n<h2>Nicht inbegriffen<\/h2>\n<ul>\n<li style=\"\"><span>Zugang ohne Sicherheitskontrolle<\/span><\/li>\n<li style=\"\"><span>Reiseleiter vor Ort<\/span><\/li>\n<\/ul>\n<h2>Wichtige Informationen<\/h2>\n<ul>\n<li style=\"\"><span>\u00d6ffnungszeiten der Hagia Sophia: T\u00e4glich 9 \u2013 19 Uhr (Freitags 14 \u2013 19 Uhr)<\/span><\/li>\n<li><span>\u00d6ffnungszeiten der Cisterna Basilica: T\u00e4glich 9\u201319 Uhr<\/span><\/li>\n<li><span>Sicherheitskontrollen an der Hagia Sophia k\u00f6nnen in der Hochsaison bis zu 60 Minuten dauern<\/span><\/li>\n<li><span><strong>Kleiderordnung f\u00fcr die Hagia Sophia<\/strong>: Frauen m\u00fcssen Haare und Schultern bedecken, M\u00e4nner und Frauen m\u00fcssen ihre Knie bedecken<\/span><\/li>\n<li><span>Schals und K\u00f6rperbedeckungen sind am Eingang f\u00fcr 3 EUR erh\u00e4ltlich<\/span><\/li>\n<\/ul>\n<h2>Beschreibung:<\/h2>\n<p data-end=\"1631\" data-start=\"1241\">Sparen Sie Zeit mit T<strong>ickets ohne Anstehen f\u00fcr die Hagia Sophia und den Versunkenen Palast (Cisterna Basilica).<\/strong> Der ausf\u00fchrliche <strong>Audioguide<\/strong> bringt Ihnen die faszinierende Geschichte, architektonische Meisterwerke und spannende Details dieser weltber\u00fchmten Sehensw\u00fcrdigkeiten n\u00e4her. Genie\u00dfen Sie die Flexibilit\u00e4t, beide Orte w\u00e4hrend der \u00d6ffnungszeiten jederzeit zu besuchen und in Ihrem eigenen Tempo zu erkunden.<\/p>\n<h2>Highlights:<\/h2>\n<ul>\n<li ltr\"\"=\"\">\u00dcberspringen Sie lange Warteschlangen an beiden Sehensw\u00fcrdigkeiten<\/li>\n<li data-end=\"1791\" data-start=\"1721\">Erhalten Sie umfassende historische Einblicke durch den mehrsprachigen Audioguide<\/li>\n<li data-end=\"1960\" data-start=\"1842\">Entdecken Sie die architektonische Pracht der Hagia Sophia \u200b<\/li>\n<li data-end=\"1960\" data-start=\"1842\">Tauchen Sie in die geheimnisvolle Atmosph\u00e4re des Versunkenen Palastes<\/li>\n<\/ul>\n<h2>Stornierungsbedingungen<\/h2>\n<p data-pm-slice=\"1 1 []\">Tickets sind nicht erstattungsf\u00e4hig und k\u00f6nnen nicht umgebucht werden.<\/p>\n<h2>Treffpunkt &amp; Hinweise<\/h2>\n<p data-end=\"2260\" data-start=\"2093\">Zeigen Sie Ihren Voucher und einen g\u00fcltigen Lichtbildausweis an der Kasse der Hagia Sophia, Cankurtaran, Sultan Ahmet, Ayasofya Meydan\u0131 No:1, 34122 Fatih\/\u0130stanbul vor.<\/p>\n<p><a href=\"https:\/\/maps.app.goo.gl\/r4khuqBdvGMAiypd6\" target=\"_blank\" rel=\"nofollow noopener\" style=\"outline: none;\" data-lt-tmp-id=\"lt-581789\" spellcheck=\"false\">Mit Maps \u00f6ffnen<\/a><\/p>\n<h2>Weitere Aktivit\u00e4ten, die Ihnen gefallen k\u00f6nnten<\/h2>\n<p><span># <\/span><strong><span>2<\/span><\/strong><span># <\/span><strong><span>2<\/span><\/strong><span><img decoding=\"async\" alt=\"Hagia Sophia: Ticket ohne Anstehen mit Audioguide und Augmented Reality\" data-id=\"3291\" width=\"159\" data-init-width=\"2048\" height=\"89\" data-init-height=\"1140\" title=\"Hagia Sophia: Ticket ohne Anstehen mit Audioguide und Augmented Reality\" src=\"https:\/\/www.hagiasophia.gen.tr\/wp-content\/uploads\/2024\/09\/Hagia-Sophia-Skip-the-line-Ticket-with-Audio-Guide-and-Augment-Reality.png\" data-width=\"159\" data-height=\"89\" style=\"aspect-ratio: auto 2048 \/ 1140;\" loading=\"lazy\"><\/span><\/p>\n<table>\n<tbody>\n<tr>\n<td><a href=\"https:\/\/megapass.com\/tours-tickets\/hagia-sophia-skip-the-line-ticket-with-audio-guide-and-augment-reality-i31?discountCode=ma-places\" target=\"_blank\" rel=\"nofollow noopener\" style=\"outline: none;\" data-lt-tmp-id=\"lt-569507\" spellcheck=\"false\">Hagia Sophia: Ticket ohne Anstehen mit Audioguide und Augmented Reality<\/a><\/td>\n<\/tr>\n<\/tbody>\n<\/table>\n<p dir=\"ltr\">Erleben Sie die Hagia Sophia wie nie zuvor: \u00dcberspringen Sie die Warteschlangen an den Ticketschaltern und erkunden Sie sie in Ihrem eigenen Tempo mit einem Audioguide und Augmented Reality.&nbsp;<\/p>\n<h3 style=\"\">Gesamtpreis<\/h3>\n<h3 style=\"\">Ihnen werden noch keine Kosten berechnet<\/h3>\n<p><span># <\/span><strong><span>2<\/span><\/strong><span><img decoding=\"async\" alt=\"Tickets f\u00fcr den Dolmabah\u00e7e-Palast, die Hagia Sophia und die Cisterna Basilica\" data-id=\"3314\" width=\"159\" data-init-width=\"1784\" height=\"113\" data-init-height=\"1270\" title=\"Tickets f\u00fcr den Dolmabah\u00e7e-Palast, die Hagia Sophia und die Cisterna Basilica\" src=\"https:\/\/www.hagiasophia.gen.tr\/wp-content\/uploads\/2024\/09\/Dolmabahce-Palace-Hagia-Sophia-Basilica-Cistern-Tickets.png\" data-width=\"159\" data-height=\"113\" style=\"aspect-ratio: auto 1784 \/ 1270;\" loading=\"lazy\"><\/span><\/p>\n<table>\n<tbody>\n<tr>\n<td>\n<table>\n<tbody>\n<tr>\n<td><a data-lt-tmp-id=\"lt-94119\" href=\"https:\/\/megapass.com\/tours-tickets\/istanbul-vip-combo-ticket-i705?discountCode=ma-places\" rel=\"nofollow noopener\" spellcheck=\"false\" target=\"_blank\" style=\"outline: none;\">Kombiticket: Topkapi-Palast, Hagia Sophia und Versunkener Palast<\/a><\/td>\n<\/tr>\n<\/tbody>\n<\/table>\n<\/td>\n<\/tr>\n<\/tbody>\n<\/table>\n<p data-pm-slice=\"1 1 []\">Maximale Ersparnis mit diesem 3-in-1-Kombiticket! Erkunden Sie Istanbuls ber\u00fchmten Topkapi-Palast, die Hagia Sophia und die Cisterna Basilica in Ihrem eigenen Tempo.&nbsp;<\/p>\n<h3 style=\"\">Gesamtpreis<\/h3>\n<h3 style=\"\">Ihnen werden noch keine Kosten berechnet<\/h3>\n<\/p>\n<h2><a href=\"https:\/\/megapass.com\/tours-tickets\/hagia-sophia-and-basilica-cistern-combo-tickets-i1438?discountCode=ma-places\" target=\"_blank\" rel=\"nofollow noopener\" style=\"outline: none;\">Zur Buchung<\/a><\/h2>\n<h1><a href=\"https:\/\/megapass.com\/tours-tickets\/hagia-sophia-and-basilica-cistern-combo-tickets-i1438?discountCode=ma-places\" target=\"_blank\" rel=\"nofollow noopener\" style=\"outline: none;\"><strong>Ab 63,00 \u20ac<\/strong><\/a><\/h1>\n<p style=\"\">Ihnen werden noch keine Kosten berechnet<\/p>\n","protected":false},"excerpt":{"rendered":"<p>Hagia Sophia &amp; Versunkener Palast Tickets Zur Buchung Ab 63,00\u20ac Entdecken Sie zwei der ber\u00fchmtesten Wahrzeichen Istanbuls \u2013 die Hagia Sophia und den Versunkenen Palast, auch bekannt als Cisterna Basilica \u2013 mit Tickets ohne Anstehen und einem informativen Audioguide. Erkunden Sie diese Top-Sehensw\u00fcrdigkeiten ganz bequem in Ihrem eigenen Tempo. Handverlesenes Ticket Handyticket &nbsp; Sofortige Best\u00e4tigung [&hellip;]<\/p>\n","protected":false},"author":8,"featured_media":3292,"parent":0,"menu_order":0,"comment_status":"closed","ping_status":"closed","template":"","meta":{"footnotes":""},"class_list":["post-4018","page","type-page","status-publish","has-post-thumbnail","hentry","post-wrapper","thrv_wrapper"],"wp-worthy-pixel":{"ignored":false,"public":null,"server":null,"url":null},"wp-worthy-type":"normal","_links":{"self":[{"href":"https:\/\/www.hagiasophia.gen.tr\/de\/wp-json\/wp\/v2\/pages\/4018","targetHints":{"allow":["GET"]}}],"collection":[{"href":"https:\/\/www.hagiasophia.gen.tr\/de\/wp-json\/wp\/v2\/pages"}],"about":[{"href":"https:\/\/www.hagiasophia.gen.tr\/de\/wp-json\/wp\/v2\/types\/page"}],"author":[{"embeddable":true,"href":"https:\/\/www.hagiasophia.gen.tr\/de\/wp-json\/wp\/v2\/users\/8"}],"replies":[{"embeddable":true,"href":"https:\/\/www.hagiasophia.gen.tr\/de\/wp-json\/wp\/v2\/comments?post=4018"}],"version-history":[{"count":14,"href":"https:\/\/www.hagiasophia.gen.tr\/de\/wp-json\/wp\/v2\/pages\/4018\/revisions"}],"predecessor-version":[{"id":4297,"href":"https:\/\/www.hagiasophia.gen.tr\/de\/wp-json\/wp\/v2\/pages\/4018\/revisions\/4297"}],"wp:featuredmedia":[{"embeddable":true,"href":"https:\/\/www.hagiasophia.gen.tr\/de\/wp-json\/wp\/v2\/media\/3292"}],"wp:attachment":[{"href":"https:\/\/www.hagiasophia.gen.tr\/de\/wp-json\/wp\/v2\/media?parent=4018"}],"curies":[{"name":"wp","href":"https:\/\/api.w.org\/{rel}","templated":true}]}}