{"id":5538,"date":"2025-08-15T15:07:09","date_gmt":"2025-08-15T15:07:09","guid":{"rendered":"https:\/\/www.hagiasophia.gen.tr\/hagia-sophia-and-blue-mosque\/"},"modified":"2025-08-28T12:46:59","modified_gmt":"2025-08-28T12:46:59","slug":"hagia-sophia-blaue-moschee","status":"publish","type":"page","link":"https:\/\/www.hagiasophia.gen.tr\/de\/hagia-sophia-blaue-moschee\/","title":{"rendered":"Hagia Sophia &#8211; Blaue Moschee: Unterschiede, Wissenswertes &amp; Kombitickets"},"content":{"rendered":"<h1>Hagia Sophia &#8211; Blaue Moschee: Unterschiede, Wissenswertes und Kombitickets<\/h1>\n<p data-end=\"298\" data-start=\"145\">Falls Sie eine Reise nach Istanbul planen, werden Ihnen zwei der bekanntesten Wahrzeichen immer wieder begegnen:<strong> die Hagia Sophia und die Blaue Moschee.<\/strong><\/p>\n<p data-end=\"524\" data-start=\"300\">Mit ihren pr\u00e4chtigen Kuppeln, Minaretten und ihrer reichen Geschichte ist es verst\u00e4ndlich, dass Reisende die beiden oft verwechseln. Sind sie identisch? Welche sollte man zuerst besuchen? Kann man beide an einem Tag sehen?<\/p>\n<p data-end=\"558\" data-start=\"526\">Schauen wir es uns genauer an.<\/p>\n<p><span style=\"\"><img decoding=\"async\" alt=\"Hagia Sophia and Blue Mosque Differences, Things to Know &amp; Combo Tickets\" data-id=\"5478\" width=\"1085\" data-init-width=\"1000\" height=\"723\" data-init-height=\"666\" title=\"Hagia Sophia and Blue Mosque Differences, Things to Know &amp; Combo Tickets\" src=\"https:\/\/www.hagiasophia.gen.tr\/wp-content\/uploads\/2025\/08\/Hagia-Sophia-and-Blue-Mosque-Differences-Things-to-Know-Combo-Tickets3.jpg\" data-width=\"1085\" data-height=\"723\" style=\"aspect-ratio: auto 1000 \/ 666;\" mt-d=\"-17.40599999999995\" ml-d=\"0\" mt-t=\"0\" ml-t=\"0\" loading=\"lazy\"><\/span><\/p>\n<h2 dir=\"ltr\" style=\"\" id=\"t-1755264462168\">Sind die Hagia Sophia und Blaue Moschee dasselbe?<\/h2>\n<p>Nein, die Hagia Sophia und die Blaue Moschee sind<strong> nicht dasselbe Geb\u00e4ude <\/strong>\u2013 auch wenn sie viele Gemeinsamkeiten haben. Nur wenige hundert Meter voneinander entfernt im Istanbuler Stadtteil Sultanahmet gelegen, sind Hagia Sophia und Blaue Moschee zu Wahrzeichen der Stadt geworden. Dennoch handelt es sich um<span style=\"text-decoration: underline;\"> zwei unterschiedliche Bauwerke mit sehr verschiedenen Geschichten<\/span>.<\/p>\n<ul>\n<li dir=\"ltr\"><strong>Die Hagia Sophia<\/strong> wurde im Jahr 537 n. Chr. urspr\u00fcnglich als byzantinische Kathedrale erbaut, sp\u00e4ter in eine Moschee umgewandelt, dann als Museum genutzt und 2020 erneut zur Moschee erkl\u00e4rt.<\/li>\n<li dir=\"ltr\"><strong>Die Blaue Moschee <\/strong>(offiziell Sultan-Ahmed-Moschee) entstand Anfang des 17. Jahrhunderts als osmanische Sultan-Moschee und dient bis heute diesem Zweck.<\/li>\n<\/ul>\n<p dir=\"ltr\">Obwohl heute beide als Moscheen aktiv sind, wurden sie fast tausend Jahre auseinander gebaut und <strong>spiegeln unterschiedliche Epochen der Geschichte Istanbuls wider<\/strong>.<\/p>\n<p dir=\"ltr\"><a href=\"https:\/\/www.hagiasophia.gen.tr\/de\/hagia-sophia-geschichte\/\" style=\"outline: none;\" data-lt-tmp-id=\"lt-218201\" spellcheck=\"false\"><strong>\u2192<\/strong> Hier erfahren Sie mehr \u00fcber die Geschichte von Hagia Sophia.<\/a><\/p>\n<h2 data-alt-text=\"Unterschiede\" id=\"t-1756384664823\">Unterschied: Hagia Sophia &#8211; Blaue Moschee<\/h2>\n<p data-end=\"321\" data-start=\"221\">Auch wenn beide Bauwerke beeindruckend sind, werden ihre Unterschiede im Inneren schnell sichtbar.<\/p>\n<p data-end=\"643\" data-start=\"323\">Die <strong>Hagia Sophia<\/strong> bietet Besuchern eine geschichtliche und architektonische Entdeckungsreise. Besucher sind \u00fcberw\u00e4ltigt von der<strong> Gr\u00f6\u00dfe ihrer Kuppel, den Resten christlicher Mosaike, den Marmors\u00e4ulen und der arabischen Kalligrafie<\/strong>. Sie wirkt eher wie ein historisches Monument, das Geschichten aus verschiedenen Epochen in sich tr\u00e4gt.<\/p>\n<p data-end=\"1010\" data-start=\"645\">Die <strong>Blaue Moschee <\/strong><strong>dagegen vermittelt einen ruhigeren und harmonischeren Eindruc<\/strong><strong>k<\/strong><strong>.<\/strong> Ihre Symmetrie, die \u00fcbereinander gestaffelten Kuppeln und das reich verzierte Innere verleihen ihr einen besonderen Charme. Mit ihren sechs Minaretten \u2013 damals ein ungew\u00f6hnliches Merkmal \u2013 sollte die Moschee die Macht und das Prestige des Osmanischen Reiches unterstreichen. <a href=\"https:\/\/bluemosque.gen.tr\/de\/blaue-moschee-istanbul-innen\/\" target=\"_blank\" style=\"outline: none;\" data-lt-tmp-id=\"lt-62837\" spellcheck=\"false\" rel=\"nofollow noopener\"><strong>\u2192<\/strong> Erfahren Sie mehr \u00fcber die Blaue Moschee.<\/a><\/p>\n<p data-end=\"1173\" data-start=\"1012\">Besucher beschreiben die Hagia Sophia oft als \u201e<strong>monumental<\/strong>\u201c und die Blaue Moschee als \u201e<strong>anmutig<\/strong>\u201c. Beide sind wundersch\u00f6n, jedoch auf sehr unterschiedliche Weise.<\/p>\n<p><a href=\"https:\/\/www.hagiasophia.gen.tr\/de\/hagia-sophia-innen\/\" style=\"outline: none;\" data-lt-tmp-id=\"lt-999635\" spellcheck=\"false\"><strong>\u2192<\/strong> Erfahren Sie mehr \u00fcber die Innenr\u00e4ume der Hagia Sophia<\/a>.<\/p>\n<h3 id=\"t-1693898980411\" style=\"text-align: left;\">Baujahr<\/h3>\n<p><strong data-end=\"408\" data-start=\"392\">Hagia Sophia<\/strong>: 537 n. Chr.<\/p>\n<p><strong data-end=\"436\" data-start=\"421\">Blaue Moschee:<\/strong> 1609\u20131616 n. Chr.<\/p>\n<h3 data-alt-text=\"How Much Are the ticket prices for the Hagia Sophia Museum?\" id=\"t-1693919800064\" style=\"text-align: left;\">Architektur<\/h3>\n<p><strong data-end=\"380\" data-start=\"364\">Hagia Sophia<\/strong>: Byzantinisches Design, sp\u00e4ter von den Osmanen angepasst<\/p>\n<p><strong data-end=\"449\" data-start=\"434\">Blaue Moschee: <\/strong>Klassischer osmanischer Stil mit blauen \u0130znik-Fliesen<\/p>\n<h3 id=\"t-1693919800065\" style=\"text-align: left;\">Urspr\u00fcnglicher Zweck<\/h3>\n<p><strong data-end=\"669\" data-start=\"653\">Hagia Sophia<\/strong>: Als christliche Kirche erbaut<\/p>\n<p 758\"=\"\" data-start=\"704\" \"=\"\"><strong data-end=\"721\" data-start=\"706\">Blaue Moschee:<\/strong> Als osmanische Moschee erbaut<\/p>\n<h3 id=\"t-1693919800066\" style=\"text-align: left;\">Eintritt<\/h3>\n<p><strong data-end=\"813\" data-start=\"797\">Hagia Sophia<\/strong>: <a href=\"https:\/\/www.hagiasophia.gen.tr\/de\/hagia-sophia-eintritt-tickets-fuhrungen\/\">Eintrittsticket<\/a> f\u00fcr Touristen erforderlich<\/p>\n<p 923\"=\"\" data-start=\"863\" \"=\"\"><strong data-end=\"880\" data-start=\"865\">Blaue Moschee<\/strong>: Eintritt frei<\/p>\n<p><span style=\"\"><img decoding=\"async\" alt=\"Hagia Sophia and Blue Mosque Differences, Things to Know &amp; Combo Tickets\" data-id=\"5472\" width=\"1085\" data-init-width=\"1000\" height=\"724\" data-init-height=\"667\" title=\"Hagia Sophia and Blue Mosque Differences, Things to Know &amp; Combo Tickets\" src=\"https:\/\/www.hagiasophia.gen.tr\/wp-content\/uploads\/2025\/08\/Hagia-Sophia-and-Blue-Mosque-Differences-Things-to-Know-Combo-Tickets2.jpg\" data-width=\"1085\" data-height=\"724\" style=\"aspect-ratio: auto 1000 \/ 667;\" mt-d=\"-17.40599999999995\" ml-d=\"0\" mt-t=\"0\" ml-t=\"0\" loading=\"lazy\"><\/span><\/p>\n<h2 data-alt-text=\"Entfernung\" id=\"t-1755257626845\">Entfernung zwischen Hagia Sophia und Blauer Moschee<\/h2>\n<p dir=\"ltr\">Einer der gr\u00f6\u00dften Vorteile beim Besuch von Hagia Sophia und Blauer Moschee ist ihre N\u00e4he zueinander. Beide liegen im historischen Istanbuler Stadtteil Sultanahmet, getrennt nur durch einen gro\u00dfen Fu\u00dfg\u00e4ngerplatz \u2013 den <strong>Sultanahmet-Platz<\/strong>.<\/p>\n<ul>\n<li dir=\"ltr\"><strong><strong data-end=\"487\" data-start=\"476\">Fu\u00dfweg:<\/strong> <\/strong>ca. 250 Meter (etwa 3\u20134 Minuten zu Fu\u00df)<\/li>\n<li dir=\"ltr\"><strong><strong data-end=\"552\" data-start=\"532\">Wegbeschreibung:<\/strong> <\/strong>Einfach ein Geb\u00e4ude verlassen, den Platz \u00fcberqueren, und schon stehen Sie am Eingang des anderen.<\/li>\n<li dir=\"ltr\"><strong><strong data-end=\"676\" data-start=\"655\">Barrierefreiheit:<\/strong> <\/strong>Das Gebiet ist flach und gepflastert, sodass es auch f\u00fcr Familien, Senioren oder Personen mit eingeschr\u00e4nkter Mobilit\u00e4t gut begehbar ist.<\/li>\n<\/ul>\n<p dir=\"ltr\">Viele Besucher entscheiden sich daher, beide Sehensw\u00fcrdigkeiten direkt nacheinander zu besichtigen \u2013 oft innerhalb desselben Vormittags oder Nachmittags. Die N\u00e4he macht sie auch ideal f\u00fcr gef\u00fchrte Spazierg\u00e4nge, die zus\u00e4tzlich Sehensw\u00fcrdigkeiten wie den&nbsp;<a href=\"https:\/\/www.basilicacistern.gen.tr\/de\/\" target=\"_blank\" style=\"outline: none;\" data-lt-tmp-id=\"lt-569333\" spellcheck=\"false\" rel=\"nofollow noopener\"><strong>Versunkenen Palast<\/strong><\/a><strong>&nbsp;<\/strong>oder den <a href=\"https:\/\/topkapipalace.gen.tr\/de\/\" target=\"_blank\" style=\"outline: none;\" rel=\"nofollow noopener\"><strong>Topkapi-Palast<\/strong><\/a> einschlie\u00dfen.<\/p>\n<p><span style=\"font-size: 16px !important;\">*&nbsp;<\/span><em><span style=\"font-size: 16px !important;\">Besuchen Sie Hagia Sophia Blaue Moschee fr\u00fch am Tag, um Menschenmassen zu vermeiden. Besonders am Morgen ist das Licht weicher f\u00fcr Fotos und die Atmosph\u00e4re ruhiger.<\/span><\/em>  <\/p>\n<h2 data-alt-text=\"Kombiticket\" id=\"t-1755264462169\" style=\"text-align: left;\">Hagia Sophia Blaue Moschee Kombitickets<\/h2>\n<h2 id=\"t-1755257626853\" style=\"text-align: left;\" data-hide=\"true\"><strong>Beliebtestes Kombiticket<\/strong><\/h2>\n<p>  <a href=\"https:\/\/megapass.com\/tours-tickets\/blue-mosque-hagia-sophia-and-basilica-cistern-tour-i2375?discountCode=ma-places\" target=\"_blank\" rel=\" nofollow noopener\" style=\"\"><\/a><\/p>\n<h2 data-qa-marker=\"product-name\" style=\"\" id=\"t-1755264462170\"><a href=\"https:\/\/www.headout.com\/r\/most-amazing-placesrecommends-eIPYn\/\" target=\"_blank\" style=\"outline: currentcolor;\" rel=\"nofollow noopener\"><\/a><a data-lt-tmp-id=\"lt-225321\" href=\"https:\/\/www.headout.com\/r\/most-amazing-placesrecommends-7Svlr\/\" rel=\"nofollow noopener\" spellcheck=\"false\" target=\"_blank\" style=\"outline: currentcolor;\"><\/a><a data-lt-tmp-id=\"lt-398957\" href=\"https:\/\/megapass.com\/turkey\/istanbul\/topkapi-palace-museum-tickets?discountCode=ma-places\" rel=\"nofollow noopener\" spellcheck=\"false\" target=\"_blank\" style=\"outline: currentcolor;\"><\/a><a data-lt-tmp-id=\"lt-707014\" href=\"https:\/\/www.getyourguide.com\/istanbul-l56\/istanbul-topkapi-palace-harem-tour-including-entry-ticket-t127010\/?partner_id=NO9XIDE&amp;utm_medium=online_publisher&amp;cmp=TopkapiGenTrHomepage\" rel=\"nofollow noopener\" spellcheck=\"false\" target=\"_blank\" style=\"outline: currentcolor;\"><\/a><a data-lt-tmp-id=\"lt-817120\" href=\"https:\/\/www.headout.com\/r\/most-amazing-placesrecommends-A7KUd\/\" rel=\"nofollow noopener\" spellcheck=\"false\" target=\"_blank\" style=\"outline: none;\">Blaue Moschee und Hagia Sophia: gef\u00fchrte Tour mit Tickets<\/a><\/h2>\n<p style=\"\"><a href=\"https:\/\/www.headout.com\/r\/most-amazing-placesrecommends-A7KUd\/\" target=\"_blank\" rel=\"nofollow noopener\" style=\"outline: none;\" spellcheck=\"false\">4,3 \/ 5 (1,200+ Bewertungen)<\/a><\/p>\n<p data-pm-slice=\"0 0 []\">Entdecken Sie die spirituellen und architektonischen Highlights Istanbuls bei einer gef\u00fchrten Tour durch Hagia Sophia Blaue Moschee. Mit Einlass ohne Anstehen, fachkundigen Erl\u00e4uterungen und spannenden Einblicken in die Geschichte dieser Wahrzeichen. <a href=\"https:\/\/www.headout.com\/r\/most-amazing-placesrecommends-A7KUd\/\" rel=\"nofollow noopener\" target=\"_blank\" style=\"outline: none;\" data-lt-tmp-id=\"lt-782350\" spellcheck=\"false\"><strong>+ mehr Details<\/strong><\/a><\/p>\n<p style=\"\"><a href=\"https:\/\/www.headout.com\/r\/most-amazing-placesrecommends-eIPYn\/\" target=\"_blank\" rel=\"nofollow noopener\" style=\"outline: currentcolor;\"><\/a><a data-lt-tmp-id=\"lt-949290\" href=\"https:\/\/www.headout.com\/r\/most-amazing-placesrecommends-7Svlr\/\" rel=\"nofollow noopener\" spellcheck=\"false\" target=\"_blank\" style=\"outline: currentcolor;\"><\/a><a data-lt-tmp-id=\"lt-821383\" href=\"https:\/\/megapass.com\/turkey\/istanbul\/topkapi-palace-museum-tickets?discountCode=ma-places\" rel=\"nofollow noopener\" spellcheck=\"false\" target=\"_blank\" style=\"outline: currentcolor;\"><\/a><a data-lt-tmp-id=\"lt-541635\" href=\"https:\/\/www.getyourguide.com\/istanbul-l56\/istanbul-topkapi-palace-harem-tour-including-entry-ticket-t127010\/?partner_id=NO9XIDE&amp;utm_medium=online_publisher&amp;cmp=TopkapiGenTrHomepage\" rel=\"nofollow noopener\" spellcheck=\"false\" target=\"_blank\" style=\"outline: currentcolor;\"><\/a><a data-lt-tmp-id=\"lt-783027\" href=\"https:\/\/www.headout.com\/r\/most-amazing-placesrecommends-A7KUd\/\" rel=\"nofollow noopener\" spellcheck=\"false\" target=\"_blank\" style=\"outline: none;\">53 \u20ac<\/a><\/p>\n<p>  <span style=\"\"><img decoding=\"async\" alt=\"Hagia Sophia Visitor Numbers\" data-id=\"459\" width=\"1080\" data-init-width=\"2048\" height=\"720\" data-init-height=\"1366\" title=\"Hagia Sophia Visitor Numbers\" src=\"https:\/\/www.hagiasophia.gen.tr\/wp-content\/uploads\/2023\/09\/Hagia-Sophia-Visitor-Numbers-scaled.jpg\" data-width=\"1080\" data-height=\"720\" style=\"aspect-ratio: auto 2048 \/ 1366;\" mt-d=\"0\" ml-d=\"0\" center-v-d=\"false\" mt-t=\"0\" ml-t=\"0\" loading=\"lazy\"><\/span><\/p>\n<h2 data-alt-text=\"What is Inside of Hagia Sophia History Museum?\" id=\"t-1755264462171\" data-hide=\"true\" style=\"\">Hagia Sophia oder Blaue Moschee: Was sollten Sie zuerst besuchen?<\/h2>\n<p data-end=\"380\" data-start=\"129\">Da beide<strong> Sehensw\u00fcrdigkeiten nur wenige Minuten voneinander entfernt im Stadtteil Sultanahmet liegen<\/strong>, k\u00f6nnen sie problemlos auf einer Tour besichtigt werden. Falls jedoch nur Zeit f\u00fcr eine der beiden bleibt, empfehlen wir den Besuch der Hagia Sophia.<\/p>\n<p data-end=\"691\" data-start=\"382\">Wenn Sie beide besichtigen m\u00f6chten, ist es in der Regel sinnvoll, <strong>mit der Blauen Moschee zu beginne<\/strong><strong>n<\/strong>, da diese w\u00e4hrend der Gebetszeiten f\u00fcr Touristen geschlossen ist. Ein Besuch am fr\u00fchen Morgen bietet die beste Chance, die Moschee ohne Unterbrechungen und vor dem Eintreffen gro\u00dfer Reisegruppen zu erleben.<\/p>\n<p dir=\"ltr\"><a href=\"https:\/\/bluemosque.gen.tr\/de\/blaue-moschee-istanbul-eintritt\/\" target=\"_blank\" style=\"outline: none;\" rel=\"nofollow noopener\"><strong>&gt;&gt; Entdecken Sie hier Tickets &amp; Touren f\u00fcr die Blaue Moschee.<\/strong><\/a><\/p>\n<p dir=\"ltr\">Anschlie\u00dfend k\u00f6nnen Sie zur Hagia Sophia gehen, wo Sie mehr Zeit f\u00fcr architektonische Details, historische Ebenen und verschiedene Aussichtspunkte einplanen sollten. Da <strong>der Eintritt mittlerweile ein Ticket erfordert<\/strong>, k\u00f6nnen Warteschlangen entstehen \u2013 eine Vorabbuchung oder Teilnahme an einer gef\u00fchrten Tour spart hier wertvolle Zeit.<\/p>\n<p dir=\"ltr\"><a href=\"https:\/\/www.hagiasophia.gen.tr\/de\/hagia-sophia-eintritt-tickets-fuhrungen\/\" style=\"outline: none;\"><strong>&gt;&gt; Buchen Sie hier Ihre Tickets f\u00fcr Hagia Sophia Blaue Moschee im Voraus.<\/strong><\/a><strong>&nbsp;<\/strong><\/p>\n<h2 dir=\"ltr\" style=\"\" id=\"t-1755269420156\" data-alt-text=\"H\u00e4ufige Fragen\">H\u00e4ufige Fragen: Hagia Sophia Blaue Moschee<\/h2>\n<h2 data-alt-text=\"What is Inside of Hagia Sophia History Museum?\" id=\"t-1755268630063\" data-hide=\"true\">Fazit: Beide besuchen, um Istanbul zu verstehen<\/h2>\n<p data-end=\"568\" data-start=\"201\">Zwischen <strong>Hagia Sophia und der Blauen Moschee<\/strong> zu w\u00e4hlen, ist nicht n\u00f6tig \u2013 das beste Erlebnis bietet der Besuch beider. Zusammen repr\u00e4sentieren sie die vielschichtige kulturelle, architektonische und religi\u00f6se Geschichte Istanbuls. Das eine Bauwerk erz\u00e4hlt vom Aufstieg und Fall gro\u00dfer Reiche, das andere setzt eine jahrhundertealte Tradition von Gebet und Eleganz fort.<\/p>\n<p data-end=\"768\" data-start=\"570\">Ob Sie die Sehensw\u00fcrdigkeiten auf eigene Faust erkunden oder eine gef\u00fchrte Tour w\u00e4hlen \u2013 Hagia Sophia Blaue Moschee geh\u00f6ren mit Sicherheit zu den unvergesslichsten Eindr\u00fccken Ihrer Istanbul-Reise.<\/p>\n<p dir=\"ltr\"><strong> <\/strong><\/p>\n","protected":false},"excerpt":{"rendered":"<p>Hagia Sophia &#8211; Blaue Moschee: Unterschiede, Wissenswertes und Kombitickets Falls Sie eine Reise nach Istanbul planen, werden Ihnen zwei der bekanntesten Wahrzeichen immer wieder begegnen: die Hagia Sophia und die Blaue Moschee. Mit ihren pr\u00e4chtigen Kuppeln, Minaretten und ihrer reichen Geschichte ist es verst\u00e4ndlich, dass Reisende die beiden oft verwechseln. Sind sie identisch? Welche sollte [&hellip;]<\/p>\n","protected":false},"author":9,"featured_media":5468,"parent":0,"menu_order":0,"comment_status":"closed","ping_status":"closed","template":"","meta":{"footnotes":""},"class_list":["post-5538","page","type-page","status-publish","has-post-thumbnail","hentry","post-wrapper","thrv_wrapper"],"wp-worthy-pixel":{"ignored":false,"public":null,"server":null,"url":null},"wp-worthy-type":"normal","_links":{"self":[{"href":"https:\/\/www.hagiasophia.gen.tr\/de\/wp-json\/wp\/v2\/pages\/5538","targetHints":{"allow":["GET"]}}],"collection":[{"href":"https:\/\/www.hagiasophia.gen.tr\/de\/wp-json\/wp\/v2\/pages"}],"about":[{"href":"https:\/\/www.hagiasophia.gen.tr\/de\/wp-json\/wp\/v2\/types\/page"}],"author":[{"embeddable":true,"href":"https:\/\/www.hagiasophia.gen.tr\/de\/wp-json\/wp\/v2\/users\/9"}],"replies":[{"embeddable":true,"href":"https:\/\/www.hagiasophia.gen.tr\/de\/wp-json\/wp\/v2\/comments?post=5538"}],"version-history":[{"count":19,"href":"https:\/\/www.hagiasophia.gen.tr\/de\/wp-json\/wp\/v2\/pages\/5538\/revisions"}],"predecessor-version":[{"id":5615,"href":"https:\/\/www.hagiasophia.gen.tr\/de\/wp-json\/wp\/v2\/pages\/5538\/revisions\/5615"}],"wp:featuredmedia":[{"embeddable":true,"href":"https:\/\/www.hagiasophia.gen.tr\/de\/wp-json\/wp\/v2\/media\/5468"}],"wp:attachment":[{"href":"https:\/\/www.hagiasophia.gen.tr\/de\/wp-json\/wp\/v2\/media?parent=5538"}],"curies":[{"name":"wp","href":"https:\/\/api.w.org\/{rel}","templated":true}]}}