{"id":4086,"date":"2024-11-05T11:33:52","date_gmt":"2024-11-05T11:33:52","guid":{"rendered":"https:\/\/www.hagiasophia.gen.tr\/affiliate-disclosure\/"},"modified":"2025-07-08T11:55:41","modified_gmt":"2025-07-08T11:55:41","slug":"divulgacion-afiliados","status":"publish","type":"page","link":"https:\/\/www.hagiasophia.gen.tr\/es\/divulgacion-afiliados\/","title":{"rendered":"Divulgaci\u00f3n de afiliados"},"content":{"rendered":"<h1><span data-attr-id=\"the_title\" data-extra_key=\"the_title\" data-option-inline=\"1\" data-shortcode=\"thrv_dynamic_data_content\" data-shortcode-name=\"Post title\">Divulgaci\u00f3n de afiliados<\/span><\/h1>\n<p><span><img width=\"1200\" height=\"768\" src=\"https:\/\/www.hagiasophia.gen.tr\/wp-content\/uploads\/2024\/10\/12.webp\" alt=\"Divulgaci\u00f3n de afiliados\" title=\"Divulgaci\u00f3n de afiliados\" data-id=\"3369\" data-d-f=\"featured\" loading=\"lazy\" decoding=\"async\" \/><\/span><\/p>\n<p dir=\"ltr\">En HagiaSophia.gen.tr, nuestro objetivo es ofrecer contenido de viaje de alta calidad que te ayudar\u00e1 a planificar y disfrutar al m\u00e1ximo tus viajes. Para apoyar nuestros esfuerzos en el mantenimiento y crecimiento de este sitio web, utilizamos enlaces de afiliados en nuestro contenido. Esto significa que, si decides realizar una compra a trav\u00e9s de algunos de los enlaces en nuestra p\u00e1gina, podemos recibir una peque\u00f1a comisi\u00f3n. Esto no supone ning\u00fan coste adicional para ti y nos ayuda a mantener el contenido gratuito y siempre actualizado.<\/p>\n<h2 dir=\"ltr\">Por qu\u00e9 utilizamos enlaces de afiliados<\/h2>\n<p dir=\"ltr\">Gestionar un sitio web requiere tiempo y recursos, y las colaboraciones con programas de afiliados nos permiten financiar el trabajo que realizamos. Es importante destacar que solo recomendamos productos, tours y servicios que realmente creemos que aportan valor a tu experiencia de viaje. Seleccionamos y revisamos cuidadosamente a nuestros socios afiliados para asegurarnos de que est\u00e9n alineados con los est\u00e1ndares y los intereses de nuestros lectores.<\/p>\n<h2 dir=\"ltr\">Socios afiliados<\/h2>\n<p dir=\"ltr\">Algunos de nuestros socios afiliados de confianza incluyen:<\/p>\n<ul>\n<li dir=\"ltr\">GetYourGuide<\/li>\n<li dir=\"ltr\">Tiqets<\/li>\n<li dir=\"ltr\">Headout<\/li>\n<li dir=\"ltr\">Viator<\/li>\n<li dir=\"ltr\">Platinumlist<\/li>\n<li dir=\"ltr\">Civitatis<\/li>\n<li dir=\"ltr\">Holafly<\/li>\n<li dir=\"ltr\">Booking.com<\/li>\n<li dir=\"ltr\">Megapass<\/li>\n<li dir=\"ltr\">Musement<\/li>\n<\/ul>\n<p dir=\"ltr\">Ten en cuenta que esta lista puede actualizarse a medida que establezcamos nuevas colaboraciones con empresas en las que confiamos y que recomendamos.<\/p>\n<h2 dir=\"ltr\">Compromiso con la honestidad<\/h2>\n<p dir=\"ltr\">Queremos que tengas plena confianza en nuestras recomendaciones. Aunque recibir una comisi\u00f3n nos ayuda a financiar el trabajo que realizamos, esto nunca influye en el contenido, los temas o los productos que recomendamos.Nuestro principal objetivo es ofrecerte informaci\u00f3n \u00fatil, honesta y precisa para que disfrutes al m\u00e1ximo de tus viajes. Cualquier producto o servicio que respaldamos es algo que personalmente usar\u00edamos o recomendar\u00edamos a amigos y familiares.<\/p>\n<h2 dir=\"ltr\">Tu apoyo es importante<\/h2>\n<p dir=\"ltr\">Al utilizar nuestros enlaces de afiliado, est\u00e1s apoyando el contenido y los recursos que ofrecemos en HagiaSophia.gen.tr, y te estamos profundamente agradecidos por tu confianza y apoyo. Gracias a ello, podemos seguir compartiendo consejos, gu\u00edas y recomendaciones que esperamos enriquezcan tus aventuras de viaje.Si tienes alguna pregunta o inquietud sobre nuestras colaboraciones de afiliaci\u00f3n o el contenido que publicamos, no dudes en ponerte en contacto con nosotros.<\/p>\n<p><span><span>                    <\/span><\/span><span>Search<\/span><\/p>\n<p><strong>ENLACES \u00daTILES<\/strong><\/p>\n<p style=\"\"><a href=\"\/es\/?page_id=4073\" style=\"outline: none;\">Acerca de Santa Sof\u00eda<\/a><\/p>\n<p style=\"\"><a href=\"\/es\/?page_id=4139\" style=\"outline: none;\">Historia<\/a><\/p>\n<p style=\"\"><a href=\"\/es\/?page_id=4151\" style=\"outline: none;\">Interior<\/a><\/p>\n<p style=\"\"><a href=\"\/es\/?page_id=4108\" style=\"outline: none;\">Informaci\u00f3n para visitantes<\/a><\/p>\n<p style=\"\"><a href=\"\/es\/?page_id=4147\" style=\"outline: none;\">C\u00f3mo llegar<\/a><\/p>\n<p style=\"\"><a href=\"\/es\/?page_id=4128\" style=\"outline: none;\">Visitas guiadas<\/a><\/p>\n<p style=\"\"><a href=\"\/es\/?page_id=4098\" style=\"outline: none;\">Preguntas frecuentes<\/a><\/p>\n","protected":false},"excerpt":{"rendered":"<p>Divulgaci\u00f3n de afiliados En HagiaSophia.gen.tr, nuestro objetivo es ofrecer contenido de viaje de alta calidad que te ayudar\u00e1 a planificar y disfrutar al m\u00e1ximo tus viajes. Para apoyar nuestros esfuerzos en el mantenimiento y crecimiento de este sitio web, utilizamos enlaces de afiliados en nuestro contenido. Esto significa que, si decides realizar una compra a [&hellip;]<\/p>\n","protected":false},"author":8,"featured_media":3369,"parent":0,"menu_order":0,"comment_status":"closed","ping_status":"closed","template":"","meta":{"footnotes":""},"class_list":["post-4086","page","type-page","status-publish","has-post-thumbnail","hentry","post-wrapper","thrv_wrapper"],"wp-worthy-pixel":{"ignored":false,"public":null,"server":null,"url":null},"wp-worthy-type":"normal","_links":{"self":[{"href":"https:\/\/www.hagiasophia.gen.tr\/es\/wp-json\/wp\/v2\/pages\/4086","targetHints":{"allow":["GET"]}}],"collection":[{"href":"https:\/\/www.hagiasophia.gen.tr\/es\/wp-json\/wp\/v2\/pages"}],"about":[{"href":"https:\/\/www.hagiasophia.gen.tr\/es\/wp-json\/wp\/v2\/types\/page"}],"author":[{"embeddable":true,"href":"https:\/\/www.hagiasophia.gen.tr\/es\/wp-json\/wp\/v2\/users\/8"}],"replies":[{"embeddable":true,"href":"https:\/\/www.hagiasophia.gen.tr\/es\/wp-json\/wp\/v2\/comments?post=4086"}],"version-history":[{"count":14,"href":"https:\/\/www.hagiasophia.gen.tr\/es\/wp-json\/wp\/v2\/pages\/4086\/revisions"}],"predecessor-version":[{"id":4524,"href":"https:\/\/www.hagiasophia.gen.tr\/es\/wp-json\/wp\/v2\/pages\/4086\/revisions\/4524"}],"wp:featuredmedia":[{"embeddable":true,"href":"https:\/\/www.hagiasophia.gen.tr\/es\/wp-json\/wp\/v2\/media\/3369"}],"wp:attachment":[{"href":"https:\/\/www.hagiasophia.gen.tr\/es\/wp-json\/wp\/v2\/media?parent=4086"}],"curies":[{"name":"wp","href":"https:\/\/api.w.org\/{rel}","templated":true}]}}