{"id":4093,"date":"2024-06-05T12:07:02","date_gmt":"2024-06-05T12:07:02","guid":{"rendered":"https:\/\/www.hagiasophia.gen.tr\/contact\/"},"modified":"2025-07-08T11:55:41","modified_gmt":"2025-07-08T11:55:41","slug":"contacto","status":"publish","type":"page","link":"https:\/\/www.hagiasophia.gen.tr\/es\/contacto\/","title":{"rendered":"Contacto"},"content":{"rendered":"<h3 style=\"text-align: center;\">Cont\u00e1ctanos<\/h3>\n<p style=\"\">No dudes en ponerte en contacto con nosotros si tienes <strong>cualquier pregunta o consulta<\/strong> relacionada con <strong>entradas, visitas o la organizaci\u00f3n de grupos.<\/strong> Solo tienes que completar el formulario que aparece a continuaci\u00f3n.<\/p>\n<p style=\"\">Nuestro equipo profesional, formado por expertos locales e internacionales, responder\u00e1 <strong>a tu solicitud lo antes posible.<\/strong><\/p>\n","protected":false},"excerpt":{"rendered":"<p>Cont\u00e1ctanos No dudes en ponerte en contacto con nosotros si tienes cualquier pregunta o consulta relacionada con entradas, visitas o la organizaci\u00f3n de grupos. Solo tienes que completar el formulario que aparece a continuaci\u00f3n. Nuestro equipo profesional, formado por expertos locales e internacionales, responder\u00e1 a tu solicitud lo antes posible.<\/p>\n","protected":false},"author":4,"featured_media":0,"parent":0,"menu_order":0,"comment_status":"closed","ping_status":"closed","template":"","meta":{"footnotes":""},"class_list":["post-4093","page","type-page","status-publish","hentry","post-wrapper","thrv_wrapper"],"wp-worthy-pixel":{"ignored":false,"public":null,"server":null,"url":null},"wp-worthy-type":"normal","_links":{"self":[{"href":"https:\/\/www.hagiasophia.gen.tr\/es\/wp-json\/wp\/v2\/pages\/4093","targetHints":{"allow":["GET"]}}],"collection":[{"href":"https:\/\/www.hagiasophia.gen.tr\/es\/wp-json\/wp\/v2\/pages"}],"about":[{"href":"https:\/\/www.hagiasophia.gen.tr\/es\/wp-json\/wp\/v2\/types\/page"}],"author":[{"embeddable":true,"href":"https:\/\/www.hagiasophia.gen.tr\/es\/wp-json\/wp\/v2\/users\/4"}],"replies":[{"embeddable":true,"href":"https:\/\/www.hagiasophia.gen.tr\/es\/wp-json\/wp\/v2\/comments?post=4093"}],"version-history":[{"count":4,"href":"https:\/\/www.hagiasophia.gen.tr\/es\/wp-json\/wp\/v2\/pages\/4093\/revisions"}],"predecessor-version":[{"id":4341,"href":"https:\/\/www.hagiasophia.gen.tr\/es\/wp-json\/wp\/v2\/pages\/4093\/revisions\/4341"}],"wp:attachment":[{"href":"https:\/\/www.hagiasophia.gen.tr\/es\/wp-json\/wp\/v2\/media?parent=4093"}],"curies":[{"name":"wp","href":"https:\/\/api.w.org\/{rel}","templated":true}]}}