{"id":4101,"date":"2024-10-18T11:02:57","date_gmt":"2024-10-18T11:02:57","guid":{"rendered":"https:\/\/www.hagiasophia.gen.tr\/photos\/"},"modified":"2025-07-08T11:55:44","modified_gmt":"2025-07-08T11:55:44","slug":"fotos","status":"publish","type":"page","link":"https:\/\/www.hagiasophia.gen.tr\/es\/fotos\/","title":{"rendered":"Galer\u00eda"},"content":{"rendered":"<h1 style=\"text-align: left;\">Galer\u00eda<\/h1>\n<p><span><img decoding=\"async\" alt=\"\" data-id=\"3406\" width=\"1200\" height=\"768\" title=\"7\" src=\"https:\/\/www.hagiasophia.gen.tr\/wp-content\/uploads\/2024\/10\/7-300x192.webp\" data-src=\"https:\/\/www.hagiasophia.gen.tr\/wp-content\/uploads\/2024\/10\/7.webp\" loading=\"lazy\" data-sizes=\"{&quot;thumbnail&quot;:{&quot;url&quot;:&quot;https:\/\/www.hagiasophia.gen.tr\/wp-content\/uploads\/2024\/10\/7-150x150.webp&quot;,&quot;height&quot;:150,&quot;width&quot;:150,&quot;orientation&quot;:&quot;landscape&quot;},&quot;medium&quot;:{&quot;url&quot;:&quot;https:\/\/www.hagiasophia.gen.tr\/wp-content\/uploads\/2024\/10\/7-300x192.webp&quot;,&quot;height&quot;:192,&quot;width&quot;:300,&quot;orientation&quot;:&quot;landscape&quot;},&quot;large&quot;:{&quot;url&quot;:&quot;https:\/\/www.hagiasophia.gen.tr\/wp-content\/uploads\/2024\/10\/7-1024x655.webp&quot;,&quot;height&quot;:655,&quot;width&quot;:1024,&quot;orientation&quot;:&quot;landscape&quot;},&quot;full&quot;:{&quot;url&quot;:&quot;https:\/\/www.hagiasophia.gen.tr\/wp-content\/uploads\/2024\/10\/7.webp&quot;,&quot;height&quot;:768,&quot;width&quot;:1200,&quot;orientation&quot;:&quot;landscape&quot;}}\" style=\"\"><\/span><span><img decoding=\"async\" alt=\"\" data-id=\"3403\" width=\"91\" height=\"58\" title=\"6\" src=\"https:\/\/www.hagiasophia.gen.tr\/wp-content\/uploads\/2024\/10\/6-300x192.webp\" data-src=\"https:\/\/www.hagiasophia.gen.tr\/wp-content\/uploads\/2024\/10\/6.webp\" loading=\"lazy\" data-sizes=\"{&quot;thumbnail&quot;:{&quot;url&quot;:&quot;https:\/\/www.hagiasophia.gen.tr\/wp-content\/uploads\/2024\/10\/6-150x150.webp&quot;,&quot;height&quot;:150,&quot;width&quot;:150,&quot;orientation&quot;:&quot;landscape&quot;},&quot;medium&quot;:{&quot;url&quot;:&quot;https:\/\/www.hagiasophia.gen.tr\/wp-content\/uploads\/2024\/10\/6-300x192.webp&quot;,&quot;height&quot;:192,&quot;width&quot;:300,&quot;orientation&quot;:&quot;landscape&quot;},&quot;large&quot;:{&quot;url&quot;:&quot;https:\/\/www.hagiasophia.gen.tr\/wp-content\/uploads\/2024\/10\/6-1024x655.webp&quot;,&quot;height&quot;:655,&quot;width&quot;:1024,&quot;orientation&quot;:&quot;landscape&quot;},&quot;full&quot;:{&quot;url&quot;:&quot;https:\/\/www.hagiasophia.gen.tr\/wp-content\/uploads\/2024\/10\/6.webp&quot;,&quot;height&quot;:768,&quot;width&quot;:1200,&quot;orientation&quot;:&quot;landscape&quot;}}\" style=\"aspect-ratio: auto 1200 \/ 768;\" data-width=\"91\" data-height=\"58\" data-init-width=\"1200\" data-init-height=\"768\" data-><\/span><span><img decoding=\"async\" alt=\"\" data-id=\"3400\" width=\"1200\" height=\"768\" title=\"11\" src=\"https:\/\/www.hagiasophia.gen.tr\/wp-content\/uploads\/2024\/10\/11-300x192.webp\" data-src=\"https:\/\/www.hagiasophia.gen.tr\/wp-content\/uploads\/2024\/10\/11.webp\" loading=\"lazy\" data-sizes=\"{&quot;thumbnail&quot;:{&quot;url&quot;:&quot;https:\/\/www.hagiasophia.gen.tr\/wp-content\/uploads\/2024\/10\/11-150x150.webp&quot;,&quot;height&quot;:150,&quot;width&quot;:150,&quot;orientation&quot;:&quot;landscape&quot;},&quot;medium&quot;:{&quot;url&quot;:&quot;https:\/\/www.hagiasophia.gen.tr\/wp-content\/uploads\/2024\/10\/11-300x192.webp&quot;,&quot;height&quot;:192,&quot;width&quot;:300,&quot;orientation&quot;:&quot;landscape&quot;},&quot;large&quot;:{&quot;url&quot;:&quot;https:\/\/www.hagiasophia.gen.tr\/wp-content\/uploads\/2024\/10\/11-1024x655.webp&quot;,&quot;height&quot;:655,&quot;width&quot;:1024,&quot;orientation&quot;:&quot;landscape&quot;},&quot;full&quot;:{&quot;url&quot;:&quot;https:\/\/www.hagiasophia.gen.tr\/wp-content\/uploads\/2024\/10\/11.webp&quot;,&quot;height&quot;:768,&quot;width&quot;:1200,&quot;orientation&quot;:&quot;landscape&quot;}}\" style=\"\"><\/span><span><img decoding=\"async\" alt=\"\" data-id=\"3397\" width=\"1200\" height=\"768\" title=\"8\" src=\"https:\/\/www.hagiasophia.gen.tr\/wp-content\/uploads\/2024\/10\/8-300x192.webp\" data-src=\"https:\/\/www.hagiasophia.gen.tr\/wp-content\/uploads\/2024\/10\/8.webp\" loading=\"lazy\" data-sizes=\"{&quot;thumbnail&quot;:{&quot;url&quot;:&quot;https:\/\/www.hagiasophia.gen.tr\/wp-content\/uploads\/2024\/10\/8-150x150.webp&quot;,&quot;height&quot;:150,&quot;width&quot;:150,&quot;orientation&quot;:&quot;landscape&quot;},&quot;medium&quot;:{&quot;url&quot;:&quot;https:\/\/www.hagiasophia.gen.tr\/wp-content\/uploads\/2024\/10\/8-300x192.webp&quot;,&quot;height&quot;:192,&quot;width&quot;:300,&quot;orientation&quot;:&quot;landscape&quot;},&quot;large&quot;:{&quot;url&quot;:&quot;https:\/\/www.hagiasophia.gen.tr\/wp-content\/uploads\/2024\/10\/8-1024x655.webp&quot;,&quot;height&quot;:655,&quot;width&quot;:1024,&quot;orientation&quot;:&quot;landscape&quot;},&quot;full&quot;:{&quot;url&quot;:&quot;https:\/\/www.hagiasophia.gen.tr\/wp-content\/uploads\/2024\/10\/8.webp&quot;,&quot;height&quot;:768,&quot;width&quot;:1200,&quot;orientation&quot;:&quot;landscape&quot;}}\" style=\"\"><\/span><span><img decoding=\"async\" alt=\"\" data-id=\"3394\" width=\"1200\" height=\"768\" title=\"9\" src=\"https:\/\/www.hagiasophia.gen.tr\/wp-content\/uploads\/2024\/10\/9-300x192.webp\" data-src=\"https:\/\/www.hagiasophia.gen.tr\/wp-content\/uploads\/2024\/10\/9.webp\" loading=\"lazy\" data-sizes=\"{&quot;thumbnail&quot;:{&quot;url&quot;:&quot;https:\/\/www.hagiasophia.gen.tr\/wp-content\/uploads\/2024\/10\/9-150x150.webp&quot;,&quot;height&quot;:150,&quot;width&quot;:150,&quot;orientation&quot;:&quot;landscape&quot;},&quot;medium&quot;:{&quot;url&quot;:&quot;https:\/\/www.hagiasophia.gen.tr\/wp-content\/uploads\/2024\/10\/9-300x192.webp&quot;,&quot;height&quot;:192,&quot;width&quot;:300,&quot;orientation&quot;:&quot;landscape&quot;},&quot;large&quot;:{&quot;url&quot;:&quot;https:\/\/www.hagiasophia.gen.tr\/wp-content\/uploads\/2024\/10\/9-1024x655.webp&quot;,&quot;height&quot;:655,&quot;width&quot;:1024,&quot;orientation&quot;:&quot;landscape&quot;},&quot;full&quot;:{&quot;url&quot;:&quot;https:\/\/www.hagiasophia.gen.tr\/wp-content\/uploads\/2024\/10\/9.webp&quot;,&quot;height&quot;:768,&quot;width&quot;:1200,&quot;orientation&quot;:&quot;landscape&quot;}}\" style=\"\"><\/span><span><img decoding=\"async\" alt=\"\" data-id=\"3388\" width=\"1200\" height=\"768\" title=\"3\" src=\"https:\/\/www.hagiasophia.gen.tr\/wp-content\/uploads\/2024\/10\/3-300x192.webp\" data-src=\"https:\/\/www.hagiasophia.gen.tr\/wp-content\/uploads\/2024\/10\/3.webp\" loading=\"lazy\" data-sizes=\"{&quot;thumbnail&quot;:{&quot;url&quot;:&quot;https:\/\/www.hagiasophia.gen.tr\/wp-content\/uploads\/2024\/10\/3-150x150.webp&quot;,&quot;height&quot;:150,&quot;width&quot;:150,&quot;orientation&quot;:&quot;landscape&quot;},&quot;medium&quot;:{&quot;url&quot;:&quot;https:\/\/www.hagiasophia.gen.tr\/wp-content\/uploads\/2024\/10\/3-300x192.webp&quot;,&quot;height&quot;:192,&quot;width&quot;:300,&quot;orientation&quot;:&quot;landscape&quot;},&quot;large&quot;:{&quot;url&quot;:&quot;https:\/\/www.hagiasophia.gen.tr\/wp-content\/uploads\/2024\/10\/3-1024x655.webp&quot;,&quot;height&quot;:655,&quot;width&quot;:1024,&quot;orientation&quot;:&quot;landscape&quot;},&quot;full&quot;:{&quot;url&quot;:&quot;https:\/\/www.hagiasophia.gen.tr\/wp-content\/uploads\/2024\/10\/3.webp&quot;,&quot;height&quot;:768,&quot;width&quot;:1200,&quot;orientation&quot;:&quot;landscape&quot;}}\" style=\"\"><\/span><span><img decoding=\"async\" alt=\"\" data-id=\"3385\" width=\"1200\" height=\"768\" title=\"2\" src=\"https:\/\/www.hagiasophia.gen.tr\/wp-content\/uploads\/2024\/10\/2-300x192.webp\" data-src=\"https:\/\/www.hagiasophia.gen.tr\/wp-content\/uploads\/2024\/10\/2.webp\" loading=\"lazy\" data-sizes=\"{&quot;thumbnail&quot;:{&quot;url&quot;:&quot;https:\/\/www.hagiasophia.gen.tr\/wp-content\/uploads\/2024\/10\/2-150x150.webp&quot;,&quot;height&quot;:150,&quot;width&quot;:150,&quot;orientation&quot;:&quot;landscape&quot;},&quot;medium&quot;:{&quot;url&quot;:&quot;https:\/\/www.hagiasophia.gen.tr\/wp-content\/uploads\/2024\/10\/2-300x192.webp&quot;,&quot;height&quot;:192,&quot;width&quot;:300,&quot;orientation&quot;:&quot;landscape&quot;},&quot;large&quot;:{&quot;url&quot;:&quot;https:\/\/www.hagiasophia.gen.tr\/wp-content\/uploads\/2024\/10\/2-1024x655.webp&quot;,&quot;height&quot;:655,&quot;width&quot;:1024,&quot;orientation&quot;:&quot;landscape&quot;},&quot;full&quot;:{&quot;url&quot;:&quot;https:\/\/www.hagiasophia.gen.tr\/wp-content\/uploads\/2024\/10\/2.webp&quot;,&quot;height&quot;:768,&quot;width&quot;:1200,&quot;orientation&quot;:&quot;landscape&quot;}}\" style=\"\"><\/span><span><img decoding=\"async\" alt=\"\" data-id=\"3382\" width=\"1200\" height=\"768\" title=\"13\" src=\"https:\/\/www.hagiasophia.gen.tr\/wp-content\/uploads\/2024\/10\/13-300x192.webp\" data-src=\"https:\/\/www.hagiasophia.gen.tr\/wp-content\/uploads\/2024\/10\/13.webp\" loading=\"lazy\" data-sizes=\"{&quot;thumbnail&quot;:{&quot;url&quot;:&quot;https:\/\/www.hagiasophia.gen.tr\/wp-content\/uploads\/2024\/10\/13-150x150.webp&quot;,&quot;height&quot;:150,&quot;width&quot;:150,&quot;orientation&quot;:&quot;landscape&quot;},&quot;medium&quot;:{&quot;url&quot;:&quot;https:\/\/www.hagiasophia.gen.tr\/wp-content\/uploads\/2024\/10\/13-300x192.webp&quot;,&quot;height&quot;:192,&quot;width&quot;:300,&quot;orientation&quot;:&quot;landscape&quot;},&quot;large&quot;:{&quot;url&quot;:&quot;https:\/\/www.hagiasophia.gen.tr\/wp-content\/uploads\/2024\/10\/13-1024x655.webp&quot;,&quot;height&quot;:655,&quot;width&quot;:1024,&quot;orientation&quot;:&quot;landscape&quot;},&quot;full&quot;:{&quot;url&quot;:&quot;https:\/\/www.hagiasophia.gen.tr\/wp-content\/uploads\/2024\/10\/13.webp&quot;,&quot;height&quot;:768,&quot;width&quot;:1200,&quot;orientation&quot;:&quot;landscape&quot;}}\" style=\"\"><\/span><span><img decoding=\"async\" alt=\"\" data-id=\"3379\" width=\"1200\" height=\"768\" title=\"10\" src=\"https:\/\/www.hagiasophia.gen.tr\/wp-content\/uploads\/2024\/10\/10-300x192.webp\" data-src=\"https:\/\/www.hagiasophia.gen.tr\/wp-content\/uploads\/2024\/10\/10.webp\" loading=\"lazy\" data-sizes=\"{&quot;thumbnail&quot;:{&quot;url&quot;:&quot;https:\/\/www.hagiasophia.gen.tr\/wp-content\/uploads\/2024\/10\/10-150x150.webp&quot;,&quot;height&quot;:150,&quot;width&quot;:150,&quot;orientation&quot;:&quot;landscape&quot;},&quot;medium&quot;:{&quot;url&quot;:&quot;https:\/\/www.hagiasophia.gen.tr\/wp-content\/uploads\/2024\/10\/10-300x192.webp&quot;,&quot;height&quot;:192,&quot;width&quot;:300,&quot;orientation&quot;:&quot;landscape&quot;},&quot;large&quot;:{&quot;url&quot;:&quot;https:\/\/www.hagiasophia.gen.tr\/wp-content\/uploads\/2024\/10\/10-1024x655.webp&quot;,&quot;height&quot;:655,&quot;width&quot;:1024,&quot;orientation&quot;:&quot;landscape&quot;},&quot;full&quot;:{&quot;url&quot;:&quot;https:\/\/www.hagiasophia.gen.tr\/wp-content\/uploads\/2024\/10\/10.webp&quot;,&quot;height&quot;:768,&quot;width&quot;:1200,&quot;orientation&quot;:&quot;landscape&quot;}}\" style=\"\"><\/span><span><img decoding=\"async\" alt=\"\" data-id=\"3376\" width=\"1200\" height=\"768\" title=\"4\" src=\"https:\/\/www.hagiasophia.gen.tr\/wp-content\/uploads\/2024\/10\/4-300x192.webp\" data-src=\"https:\/\/www.hagiasophia.gen.tr\/wp-content\/uploads\/2024\/10\/4.webp\" loading=\"lazy\" data-sizes=\"{&quot;thumbnail&quot;:{&quot;url&quot;:&quot;https:\/\/www.hagiasophia.gen.tr\/wp-content\/uploads\/2024\/10\/4-150x150.webp&quot;,&quot;height&quot;:150,&quot;width&quot;:150,&quot;orientation&quot;:&quot;landscape&quot;},&quot;medium&quot;:{&quot;url&quot;:&quot;https:\/\/www.hagiasophia.gen.tr\/wp-content\/uploads\/2024\/10\/4-300x192.webp&quot;,&quot;height&quot;:192,&quot;width&quot;:300,&quot;orientation&quot;:&quot;landscape&quot;},&quot;large&quot;:{&quot;url&quot;:&quot;https:\/\/www.hagiasophia.gen.tr\/wp-content\/uploads\/2024\/10\/4-1024x655.webp&quot;,&quot;height&quot;:655,&quot;width&quot;:1024,&quot;orientation&quot;:&quot;landscape&quot;},&quot;full&quot;:{&quot;url&quot;:&quot;https:\/\/www.hagiasophia.gen.tr\/wp-content\/uploads\/2024\/10\/4.webp&quot;,&quot;height&quot;:768,&quot;width&quot;:1200,&quot;orientation&quot;:&quot;landscape&quot;}}\" style=\"\"><\/span><span><img decoding=\"async\" alt=\"\" data-id=\"3373\" width=\"1200\" height=\"768\" title=\"1\" src=\"https:\/\/www.hagiasophia.gen.tr\/wp-content\/uploads\/2024\/10\/1-300x192.webp\" data-src=\"https:\/\/www.hagiasophia.gen.tr\/wp-content\/uploads\/2024\/10\/1.webp\" loading=\"lazy\" data-sizes=\"{&quot;thumbnail&quot;:{&quot;url&quot;:&quot;https:\/\/www.hagiasophia.gen.tr\/wp-content\/uploads\/2024\/10\/1-150x150.webp&quot;,&quot;height&quot;:150,&quot;width&quot;:150,&quot;orientation&quot;:&quot;landscape&quot;},&quot;medium&quot;:{&quot;url&quot;:&quot;https:\/\/www.hagiasophia.gen.tr\/wp-content\/uploads\/2024\/10\/1-300x192.webp&quot;,&quot;height&quot;:192,&quot;width&quot;:300,&quot;orientation&quot;:&quot;landscape&quot;},&quot;large&quot;:{&quot;url&quot;:&quot;https:\/\/www.hagiasophia.gen.tr\/wp-content\/uploads\/2024\/10\/1-1024x655.webp&quot;,&quot;height&quot;:655,&quot;width&quot;:1024,&quot;orientation&quot;:&quot;landscape&quot;},&quot;full&quot;:{&quot;url&quot;:&quot;https:\/\/www.hagiasophia.gen.tr\/wp-content\/uploads\/2024\/10\/1.webp&quot;,&quot;height&quot;:768,&quot;width&quot;:1200,&quot;orientation&quot;:&quot;landscape&quot;}}\" style=\"\"><\/span><span><img decoding=\"async\" alt=\"\" data-id=\"3370\" width=\"1200\" height=\"768\" title=\"5\" src=\"https:\/\/www.hagiasophia.gen.tr\/wp-content\/uploads\/2024\/10\/5-300x192.webp\" data-src=\"https:\/\/www.hagiasophia.gen.tr\/wp-content\/uploads\/2024\/10\/5.webp\" loading=\"lazy\" data-sizes=\"{&quot;thumbnail&quot;:{&quot;url&quot;:&quot;https:\/\/www.hagiasophia.gen.tr\/wp-content\/uploads\/2024\/10\/5-150x150.webp&quot;,&quot;height&quot;:150,&quot;width&quot;:150,&quot;orientation&quot;:&quot;landscape&quot;},&quot;medium&quot;:{&quot;url&quot;:&quot;https:\/\/www.hagiasophia.gen.tr\/wp-content\/uploads\/2024\/10\/5-300x192.webp&quot;,&quot;height&quot;:192,&quot;width&quot;:300,&quot;orientation&quot;:&quot;landscape&quot;},&quot;large&quot;:{&quot;url&quot;:&quot;https:\/\/www.hagiasophia.gen.tr\/wp-content\/uploads\/2024\/10\/5-1024x655.webp&quot;,&quot;height&quot;:655,&quot;width&quot;:1024,&quot;orientation&quot;:&quot;landscape&quot;},&quot;full&quot;:{&quot;url&quot;:&quot;https:\/\/www.hagiasophia.gen.tr\/wp-content\/uploads\/2024\/10\/5.webp&quot;,&quot;height&quot;:768,&quot;width&quot;:1200,&quot;orientation&quot;:&quot;landscape&quot;}}\" style=\"\"><\/span><span><img decoding=\"async\" alt=\"\" data-id=\"3367\" width=\"1200\" height=\"768\" title=\"12\" src=\"https:\/\/www.hagiasophia.gen.tr\/wp-content\/uploads\/2024\/10\/12-300x192.webp\" data-src=\"https:\/\/www.hagiasophia.gen.tr\/wp-content\/uploads\/2024\/10\/12.webp\" loading=\"lazy\" data-sizes=\"{&quot;thumbnail&quot;:{&quot;url&quot;:&quot;https:\/\/www.hagiasophia.gen.tr\/wp-content\/uploads\/2024\/10\/12-150x150.webp&quot;,&quot;height&quot;:150,&quot;width&quot;:150,&quot;orientation&quot;:&quot;landscape&quot;},&quot;medium&quot;:{&quot;url&quot;:&quot;https:\/\/www.hagiasophia.gen.tr\/wp-content\/uploads\/2024\/10\/12-300x192.webp&quot;,&quot;height&quot;:192,&quot;width&quot;:300,&quot;orientation&quot;:&quot;landscape&quot;},&quot;large&quot;:{&quot;url&quot;:&quot;https:\/\/www.hagiasophia.gen.tr\/wp-content\/uploads\/2024\/10\/12-1024x655.webp&quot;,&quot;height&quot;:655,&quot;width&quot;:1024,&quot;orientation&quot;:&quot;landscape&quot;},&quot;full&quot;:{&quot;url&quot;:&quot;https:\/\/www.hagiasophia.gen.tr\/wp-content\/uploads\/2024\/10\/12.webp&quot;,&quot;height&quot;:768,&quot;width&quot;:1200,&quot;orientation&quot;:&quot;landscape&quot;}}\" style=\"\"><\/span><a href=\"https:\/\/www.hagiasophia.gen.tr\/es\/\" dynamic-postlink=\"tcb_post_the_permalink\" data-shortcode-id=\"4059\"><\/a><\/p>\n<p style=\"padding-bottom: 0px !important; margin-bottom: 0px !important;\"><strong>M\u00c1S INFORMACI\u00d3N<\/strong><\/p>\n<h2 style=\"\"><span data-attr-css=\"\" data-attr-link=\"1\" data-attr-rel=\"0\" data-attr-static-link=\"{&quot;className&quot;:&quot;&quot;,&quot;href&quot;:&quot;https:\/\/www.hagiasophia.gen.tr\/es\/&quot;,&quot;title&quot;:&quot;Entradas y precios de visitas guiadas a Santa Sof\u00eda&quot;,&quot;class&quot;:&quot;&quot;}\" data-attr-target=\"0\" data-extra_key=\"\" data-option-inline=\"1\" data-shortcode=\"tcb_post_title\" data-shortcode-name=\"Post title\" style=\"\"><a href=\"https:\/\/www.hagiasophia.gen.tr\/es\/\" title=\"Entradas y precios de visitas guiadas a Santa Sof\u00eda\" data-css=\"\">Entradas y precios de visitas guiadas a Santa Sof\u00eda<\/a><\/span><\/h2>\n<p><a href=\"\/es\/?page_id=4139\" dynamic-postlink=\"tcb_post_the_permalink\" data-shortcode-id=\"4059\"><\/a><\/p>\n<p style=\"padding-bottom: 0px !important; margin-bottom: 0px !important;\"><strong>M\u00c1S INFORMACI\u00d3N<\/strong><\/p>\n<h2 style=\"\"><span data-attr-css=\"\" data-attr-link=\"1\" data-attr-rel=\"0\" data-attr-static-link=\"{&quot;className&quot;:&quot;&quot;,&quot;href&quot;:&quot;https:\/\/www.hagiasophia.gen.tr\/es\/&quot;,&quot;title&quot;:&quot;Entradas y precios de visitas guiadas a Santa Sof\u00eda&quot;,&quot;class&quot;:&quot;&quot;}\" data-attr-target=\"0\" data-extra_key=\"\" data-option-inline=\"1\" data-shortcode=\"tcb_post_title\" data-shortcode-name=\"Post title\" style=\"\"><a href=\"\/es\/?page_id=4139\" title=\"Historia de Santa Sof\u00eda\" data-css=\"\">Historia de Santa Sof\u00eda<\/a><\/span><\/h2>\n","protected":false},"excerpt":{"rendered":"<p>Galer\u00eda M\u00c1S INFORMACI\u00d3N Entradas y precios de visitas guiadas a Santa Sof\u00eda M\u00c1S INFORMACI\u00d3N Historia de Santa Sof\u00eda<\/p>\n","protected":false},"author":4,"featured_media":3393,"parent":0,"menu_order":0,"comment_status":"closed","ping_status":"closed","template":"","meta":{"footnotes":""},"class_list":["post-4101","page","type-page","status-publish","has-post-thumbnail","hentry","post-wrapper","thrv_wrapper"],"wp-worthy-pixel":{"ignored":false,"public":null,"server":null,"url":null},"wp-worthy-type":"normal","_links":{"self":[{"href":"https:\/\/www.hagiasophia.gen.tr\/es\/wp-json\/wp\/v2\/pages\/4101","targetHints":{"allow":["GET"]}}],"collection":[{"href":"https:\/\/www.hagiasophia.gen.tr\/es\/wp-json\/wp\/v2\/pages"}],"about":[{"href":"https:\/\/www.hagiasophia.gen.tr\/es\/wp-json\/wp\/v2\/types\/page"}],"author":[{"embeddable":true,"href":"https:\/\/www.hagiasophia.gen.tr\/es\/wp-json\/wp\/v2\/users\/4"}],"replies":[{"embeddable":true,"href":"https:\/\/www.hagiasophia.gen.tr\/es\/wp-json\/wp\/v2\/comments?post=4101"}],"version-history":[{"count":7,"href":"https:\/\/www.hagiasophia.gen.tr\/es\/wp-json\/wp\/v2\/pages\/4101\/revisions"}],"predecessor-version":[{"id":4526,"href":"https:\/\/www.hagiasophia.gen.tr\/es\/wp-json\/wp\/v2\/pages\/4101\/revisions\/4526"}],"wp:featuredmedia":[{"embeddable":true,"href":"https:\/\/www.hagiasophia.gen.tr\/es\/wp-json\/wp\/v2\/media\/3393"}],"wp:attachment":[{"href":"https:\/\/www.hagiasophia.gen.tr\/es\/wp-json\/wp\/v2\/media?parent=4101"}],"curies":[{"name":"wp","href":"https:\/\/api.w.org\/{rel}","templated":true}]}}