{"id":4112,"date":"2024-09-10T13:40:32","date_gmt":"2024-09-10T13:40:32","guid":{"rendered":"https:\/\/www.hagiasophia.gen.tr\/hagia-sophia-skip-the-line-ticket\/"},"modified":"2025-07-08T11:55:42","modified_gmt":"2025-07-08T11:55:42","slug":"entrada-sin-colas-para-santa-sofia","status":"publish","type":"page","link":"https:\/\/www.hagiasophia.gen.tr\/es\/entrada-sin-colas-para-santa-sofia\/","title":{"rendered":"Entrada sin colas para Santa Sof\u00eda con audiogu\u00eda y realidad aumentada"},"content":{"rendered":"<p><span><img decoding=\"async\" alt=\"Entrada sin colas a Santa Sof\u00eda con audiogu\u00eda y realidad aumentada\" data-id=\"3294\" width=\"2364\" height=\"1328\" title=\"Entrada sin colas a Santa Sof\u00eda con audiogu\u00eda y realidad aumentada 2\" src=\"https:\/\/www.hagiasophia.gen.tr\/wp-content\/uploads\/2024\/09\/Hagia-Sophia-Skip-the-line-Ticket-with-Audio-Guide-and-Augment-Reality-2-1024x575.png\" data-src=\"https:\/\/www.hagiasophia.gen.tr\/wp-content\/uploads\/2024\/09\/Hagia-Sophia-Skip-the-line-Ticket-with-Audio-Guide-and-Augment-Reality-2-300x169.png\" data-sizes=\"{&quot;thumbnail&quot;:{&quot;url&quot;:&quot;https:\/\/www.hagiasophia.gen.tr\/wp-content\/uploads\/2024\/09\/Hagia-Sophia-Skip-the-line-Ticket-with-Audio-Guide-and-Augment-Reality-2-150x150.png&quot;,&quot;height&quot;:150,&quot;width&quot;:150,&quot;orientation&quot;:&quot;landscape&quot;},&quot;medium&quot;:{&quot;url&quot;:&quot;https:\/\/www.hagiasophia.gen.tr\/wp-content\/uploads\/2024\/09\/Hagia-Sophia-Skip-the-line-Ticket-with-Audio-Guide-and-Augment-Reality-2-300x169.png&quot;,&quot;height&quot;:169,&quot;width&quot;:300,&quot;orientation&quot;:&quot;landscape&quot;},&quot;large&quot;:{&quot;url&quot;:&quot;https:\/\/www.hagiasophia.gen.tr\/wp-content\/uploads\/2024\/09\/Hagia-Sophia-Skip-the-line-Ticket-with-Audio-Guide-and-Augment-Reality-2-1024x575.png&quot;,&quot;height&quot;:575,&quot;width&quot;:1024,&quot;orientation&quot;:&quot;landscape&quot;},&quot;full&quot;:{&quot;url&quot;:&quot;https:\/\/www.hagiasophia.gen.tr\/wp-content\/uploads\/2024\/09\/Hagia-Sophia-Skip-the-line-Ticket-with-Audio-Guide-and-Augment-Reality-2.png&quot;,&quot;height&quot;:1328,&quot;width&quot;:2364,&quot;orientation&quot;:&quot;landscape&quot;},&quot;1536x1536&quot;:{&quot;url&quot;:&quot;https:\/\/www.hagiasophia.gen.tr\/wp-content\/uploads\/2024\/09\/Hagia-Sophia-Skip-the-line-Ticket-with-Audio-Guide-and-Augment-Reality-2-1536x863.png&quot;,&quot;height&quot;:863,&quot;width&quot;:1536,&quot;orientation&quot;:&quot;landscape&quot;},&quot;2048x2048&quot;:{&quot;url&quot;:&quot;https:\/\/www.hagiasophia.gen.tr\/wp-content\/uploads\/2024\/09\/Hagia-Sophia-Skip-the-line-Ticket-with-Audio-Guide-and-Augment-Reality-2-2048x1150.png&quot;,&quot;height&quot;:1150,&quot;width&quot;:2048,&quot;orientation&quot;:&quot;landscape&quot;}}\" style=\"\" loading=\"lazy\"><\/span><span><img decoding=\"async\" alt=\"Entrada sin colas a Santa Sof\u00eda con audiogu\u00eda y realidad aumentada\" data-id=\"3297\" width=\"2374\" height=\"1320\" title=\"Entrada sin colas a Santa Sof\u00eda con audiogu\u00eda y realidad aumentada3\" src=\"https:\/\/www.hagiasophia.gen.tr\/wp-content\/uploads\/2024\/09\/Hagia-Sophia-Skip-the-line-Ticket-with-Audio-Guide-and-Augment-Reality3-1024x569.png\" data-src=\"https:\/\/www.hagiasophia.gen.tr\/wp-content\/uploads\/2024\/09\/Hagia-Sophia-Skip-the-line-Ticket-with-Audio-Guide-and-Augment-Reality3-300x167.png\" data-sizes=\"{&quot;thumbnail&quot;:{&quot;url&quot;:&quot;https:\/\/www.hagiasophia.gen.tr\/wp-content\/uploads\/2024\/09\/Hagia-Sophia-Skip-the-line-Ticket-with-Audio-Guide-and-Augment-Reality3-150x150.png&quot;,&quot;height&quot;:150,&quot;width&quot;:150,&quot;orientation&quot;:&quot;landscape&quot;},&quot;medium&quot;:{&quot;url&quot;:&quot;https:\/\/www.hagiasophia.gen.tr\/wp-content\/uploads\/2024\/09\/Hagia-Sophia-Skip-the-line-Ticket-with-Audio-Guide-and-Augment-Reality3-300x167.png&quot;,&quot;height&quot;:167,&quot;width&quot;:300,&quot;orientation&quot;:&quot;landscape&quot;},&quot;large&quot;:{&quot;url&quot;:&quot;https:\/\/www.hagiasophia.gen.tr\/wp-content\/uploads\/2024\/09\/Hagia-Sophia-Skip-the-line-Ticket-with-Audio-Guide-and-Augment-Reality3-1024x569.png&quot;,&quot;height&quot;:569,&quot;width&quot;:1024,&quot;orientation&quot;:&quot;landscape&quot;},&quot;full&quot;:{&quot;url&quot;:&quot;https:\/\/www.hagiasophia.gen.tr\/wp-content\/uploads\/2024\/09\/Hagia-Sophia-Skip-the-line-Ticket-with-Audio-Guide-and-Augment-Reality3.png&quot;,&quot;height&quot;:1320,&quot;width&quot;:2374,&quot;orientation&quot;:&quot;landscape&quot;},&quot;1536x1536&quot;:{&quot;url&quot;:&quot;https:\/\/www.hagiasophia.gen.tr\/wp-content\/uploads\/2024\/09\/Hagia-Sophia-Skip-the-line-Ticket-with-Audio-Guide-and-Augment-Reality3-1536x854.png&quot;,&quot;height&quot;:854,&quot;width&quot;:1536,&quot;orientation&quot;:&quot;landscape&quot;},&quot;2048x2048&quot;:{&quot;url&quot;:&quot;https:\/\/www.hagiasophia.gen.tr\/wp-content\/uploads\/2024\/09\/Hagia-Sophia-Skip-the-line-Ticket-with-Audio-Guide-and-Augment-Reality3-2048x1139.png&quot;,&quot;height&quot;:1139,&quot;width&quot;:2048,&quot;orientation&quot;:&quot;landscape&quot;}}\" style=\"\" loading=\"lazy\"><\/span><span><img decoding=\"async\" alt=\"Entrada sin colas a Santa Sof\u00eda con audiogu\u00eda y realidad aumentada\" data-id=\"3300\" width=\"2370\" height=\"1330\" title=\"Entrada sin colas a Santa Sof\u00eda con audiogu\u00eda y realidad aumentada4\" src=\"https:\/\/www.hagiasophia.gen.tr\/wp-content\/uploads\/2024\/09\/Hagia-Sophia-Skip-the-line-Ticket-with-Audio-Guide-and-Augment-Reality4-1024x575.png\" data-src=\"https:\/\/www.hagiasophia.gen.tr\/wp-content\/uploads\/2024\/09\/Hagia-Sophia-Skip-the-line-Ticket-with-Audio-Guide-and-Augment-Reality4-300x168.png\" data-sizes=\"{&quot;thumbnail&quot;:{&quot;url&quot;:&quot;https:\/\/www.hagiasophia.gen.tr\/wp-content\/uploads\/2024\/09\/Hagia-Sophia-Skip-the-line-Ticket-with-Audio-Guide-and-Augment-Reality4-150x150.png&quot;,&quot;height&quot;:150,&quot;width&quot;:150,&quot;orientation&quot;:&quot;landscape&quot;},&quot;medium&quot;:{&quot;url&quot;:&quot;https:\/\/www.hagiasophia.gen.tr\/wp-content\/uploads\/2024\/09\/Hagia-Sophia-Skip-the-line-Ticket-with-Audio-Guide-and-Augment-Reality4-300x168.png&quot;,&quot;height&quot;:168,&quot;width&quot;:300,&quot;orientation&quot;:&quot;landscape&quot;},&quot;large&quot;:{&quot;url&quot;:&quot;https:\/\/www.hagiasophia.gen.tr\/wp-content\/uploads\/2024\/09\/Hagia-Sophia-Skip-the-line-Ticket-with-Audio-Guide-and-Augment-Reality4-1024x575.png&quot;,&quot;height&quot;:575,&quot;width&quot;:1024,&quot;orientation&quot;:&quot;landscape&quot;},&quot;full&quot;:{&quot;url&quot;:&quot;https:\/\/www.hagiasophia.gen.tr\/wp-content\/uploads\/2024\/09\/Hagia-Sophia-Skip-the-line-Ticket-with-Audio-Guide-and-Augment-Reality4.png&quot;,&quot;height&quot;:1330,&quot;width&quot;:2370,&quot;orientation&quot;:&quot;landscape&quot;},&quot;1536x1536&quot;:{&quot;url&quot;:&quot;https:\/\/www.hagiasophia.gen.tr\/wp-content\/uploads\/2024\/09\/Hagia-Sophia-Skip-the-line-Ticket-with-Audio-Guide-and-Augment-Reality4-1536x862.png&quot;,&quot;height&quot;:862,&quot;width&quot;:1536,&quot;orientation&quot;:&quot;landscape&quot;},&quot;2048x2048&quot;:{&quot;url&quot;:&quot;https:\/\/www.hagiasophia.gen.tr\/wp-content\/uploads\/2024\/09\/Hagia-Sophia-Skip-the-line-Ticket-with-Audio-Guide-and-Augment-Reality4-2048x1149.png&quot;,&quot;height&quot;:1149,&quot;width&quot;:2048,&quot;orientation&quot;:&quot;landscape&quot;}}\" style=\"\" loading=\"lazy\"><\/span><span><img decoding=\"async\" alt=\"Entrada sin colas a Santa Sof\u00eda con audiogu\u00eda y realidad aumentada\" data-id=\"3303\" width=\"2364\" height=\"1326\" title=\"Entrada sin colas a Santa Sof\u00eda con audiogu\u00eda y realidad aumentada5\" src=\"https:\/\/www.hagiasophia.gen.tr\/wp-content\/uploads\/2024\/09\/Hagia-Sophia-Skip-the-line-Ticket-with-Audio-Guide-and-Augment-Reality5-1024x574.png\" data-src=\"https:\/\/www.hagiasophia.gen.tr\/wp-content\/uploads\/2024\/09\/Hagia-Sophia-Skip-the-line-Ticket-with-Audio-Guide-and-Augment-Reality5-300x168.png\" data-sizes=\"{&quot;thumbnail&quot;:{&quot;url&quot;:&quot;https:\/\/www.hagiasophia.gen.tr\/wp-content\/uploads\/2024\/09\/Hagia-Sophia-Skip-the-line-Ticket-with-Audio-Guide-and-Augment-Reality5-150x150.png&quot;,&quot;height&quot;:150,&quot;width&quot;:150,&quot;orientation&quot;:&quot;landscape&quot;},&quot;medium&quot;:{&quot;url&quot;:&quot;https:\/\/www.hagiasophia.gen.tr\/wp-content\/uploads\/2024\/09\/Hagia-Sophia-Skip-the-line-Ticket-with-Audio-Guide-and-Augment-Reality5-300x168.png&quot;,&quot;height&quot;:168,&quot;width&quot;:300,&quot;orientation&quot;:&quot;landscape&quot;},&quot;large&quot;:{&quot;url&quot;:&quot;https:\/\/www.hagiasophia.gen.tr\/wp-content\/uploads\/2024\/09\/Hagia-Sophia-Skip-the-line-Ticket-with-Audio-Guide-and-Augment-Reality5-1024x574.png&quot;,&quot;height&quot;:574,&quot;width&quot;:1024,&quot;orientation&quot;:&quot;landscape&quot;},&quot;full&quot;:{&quot;url&quot;:&quot;https:\/\/www.hagiasophia.gen.tr\/wp-content\/uploads\/2024\/09\/Hagia-Sophia-Skip-the-line-Ticket-with-Audio-Guide-and-Augment-Reality5.png&quot;,&quot;height&quot;:1326,&quot;width&quot;:2364,&quot;orientation&quot;:&quot;landscape&quot;},&quot;1536x1536&quot;:{&quot;url&quot;:&quot;https:\/\/www.hagiasophia.gen.tr\/wp-content\/uploads\/2024\/09\/Hagia-Sophia-Skip-the-line-Ticket-with-Audio-Guide-and-Augment-Reality5-1536x862.png&quot;,&quot;height&quot;:862,&quot;width&quot;:1536,&quot;orientation&quot;:&quot;landscape&quot;},&quot;2048x2048&quot;:{&quot;url&quot;:&quot;https:\/\/www.hagiasophia.gen.tr\/wp-content\/uploads\/2024\/09\/Hagia-Sophia-Skip-the-line-Ticket-with-Audio-Guide-and-Augment-Reality5-2048x1149.png&quot;,&quot;height&quot;:1149,&quot;width&quot;:2048,&quot;orientation&quot;:&quot;landscape&quot;}}\" style=\"\" loading=\"lazy\"><\/span><span><img decoding=\"async\" alt=\"Entrada sin colas a Santa Sof\u00eda con audiogu\u00eda y realidad aumentada\" data-id=\"3306\" width=\"2358\" height=\"1328\" title=\"Entrada sin colas a Santa Sof\u00eda con audiogu\u00eda y realidad aumentada6\" src=\"https:\/\/www.hagiasophia.gen.tr\/wp-content\/uploads\/2024\/09\/Hagia-Sophia-Skip-the-line-Ticket-with-Audio-Guide-and-Augment-Reality6-1024x577.png\" data-src=\"https:\/\/www.hagiasophia.gen.tr\/wp-content\/uploads\/2024\/09\/Hagia-Sophia-Skip-the-line-Ticket-with-Audio-Guide-and-Augment-Reality6-300x169.png\" data-sizes=\"{&quot;thumbnail&quot;:{&quot;url&quot;:&quot;https:\/\/www.hagiasophia.gen.tr\/wp-content\/uploads\/2024\/09\/Hagia-Sophia-Skip-the-line-Ticket-with-Audio-Guide-and-Augment-Reality6-150x150.png&quot;,&quot;height&quot;:150,&quot;width&quot;:150,&quot;orientation&quot;:&quot;landscape&quot;},&quot;medium&quot;:{&quot;url&quot;:&quot;https:\/\/www.hagiasophia.gen.tr\/wp-content\/uploads\/2024\/09\/Hagia-Sophia-Skip-the-line-Ticket-with-Audio-Guide-and-Augment-Reality6-300x169.png&quot;,&quot;height&quot;:169,&quot;width&quot;:300,&quot;orientation&quot;:&quot;landscape&quot;},&quot;large&quot;:{&quot;url&quot;:&quot;https:\/\/www.hagiasophia.gen.tr\/wp-content\/uploads\/2024\/09\/Hagia-Sophia-Skip-the-line-Ticket-with-Audio-Guide-and-Augment-Reality6-1024x577.png&quot;,&quot;height&quot;:577,&quot;width&quot;:1024,&quot;orientation&quot;:&quot;landscape&quot;},&quot;full&quot;:{&quot;url&quot;:&quot;https:\/\/www.hagiasophia.gen.tr\/wp-content\/uploads\/2024\/09\/Hagia-Sophia-Skip-the-line-Ticket-with-Audio-Guide-and-Augment-Reality6.png&quot;,&quot;height&quot;:1328,&quot;width&quot;:2358,&quot;orientation&quot;:&quot;landscape&quot;},&quot;1536x1536&quot;:{&quot;url&quot;:&quot;https:\/\/www.hagiasophia.gen.tr\/wp-content\/uploads\/2024\/09\/Hagia-Sophia-Skip-the-line-Ticket-with-Audio-Guide-and-Augment-Reality6-1536x865.png&quot;,&quot;height&quot;:865,&quot;width&quot;:1536,&quot;orientation&quot;:&quot;landscape&quot;},&quot;2048x2048&quot;:{&quot;url&quot;:&quot;https:\/\/www.hagiasophia.gen.tr\/wp-content\/uploads\/2024\/09\/Hagia-Sophia-Skip-the-line-Ticket-with-Audio-Guide-and-Augment-Reality6-2048x1153.png&quot;,&quot;height&quot;:1153,&quot;width&quot;:2048,&quot;orientation&quot;:&quot;landscape&quot;}}\" style=\"\" loading=\"lazy\"><\/span><span><img decoding=\"async\" alt=\"Entrada sin colas a Santa Sof\u00eda con audiogu\u00eda y realidad aumentada\" data-id=\"3291\" width=\"2378\" height=\"1324\" title=\"Entrada sin colas a Santa Sof\u00eda con audiogu\u00eda y realidad aumentada\" src=\"https:\/\/www.hagiasophia.gen.tr\/wp-content\/uploads\/2024\/09\/Hagia-Sophia-Skip-the-line-Ticket-with-Audio-Guide-and-Augment-Reality-1024x570.png\" data-src=\"https:\/\/www.hagiasophia.gen.tr\/wp-content\/uploads\/2024\/09\/Hagia-Sophia-Skip-the-line-Ticket-with-Audio-Guide-and-Augment-Reality-300x167.png\" data-sizes=\"{&quot;thumbnail&quot;:{&quot;url&quot;:&quot;https:\/\/www.hagiasophia.gen.tr\/wp-content\/uploads\/2024\/09\/Hagia-Sophia-Skip-the-line-Ticket-with-Audio-Guide-and-Augment-Reality-150x150.png&quot;,&quot;height&quot;:150,&quot;width&quot;:150,&quot;orientation&quot;:&quot;landscape&quot;},&quot;medium&quot;:{&quot;url&quot;:&quot;https:\/\/www.hagiasophia.gen.tr\/wp-content\/uploads\/2024\/09\/Hagia-Sophia-Skip-the-line-Ticket-with-Audio-Guide-and-Augment-Reality-300x167.png&quot;,&quot;height&quot;:167,&quot;width&quot;:300,&quot;orientation&quot;:&quot;landscape&quot;},&quot;large&quot;:{&quot;url&quot;:&quot;https:\/\/www.hagiasophia.gen.tr\/wp-content\/uploads\/2024\/09\/Hagia-Sophia-Skip-the-line-Ticket-with-Audio-Guide-and-Augment-Reality-1024x570.png&quot;,&quot;height&quot;:570,&quot;width&quot;:1024,&quot;orientation&quot;:&quot;landscape&quot;},&quot;full&quot;:{&quot;url&quot;:&quot;https:\/\/www.hagiasophia.gen.tr\/wp-content\/uploads\/2024\/09\/Hagia-Sophia-Skip-the-line-Ticket-with-Audio-Guide-and-Augment-Reality.png&quot;,&quot;height&quot;:1324,&quot;width&quot;:2378,&quot;orientation&quot;:&quot;landscape&quot;},&quot;1536x1536&quot;:{&quot;url&quot;:&quot;https:\/\/www.hagiasophia.gen.tr\/wp-content\/uploads\/2024\/09\/Hagia-Sophia-Skip-the-line-Ticket-with-Audio-Guide-and-Augment-Reality-1536x855.png&quot;,&quot;height&quot;:855,&quot;width&quot;:1536,&quot;orientation&quot;:&quot;landscape&quot;},&quot;2048x2048&quot;:{&quot;url&quot;:&quot;https:\/\/www.hagiasophia.gen.tr\/wp-content\/uploads\/2024\/09\/Hagia-Sophia-Skip-the-line-Ticket-with-Audio-Guide-and-Augment-Reality-2048x1140.png&quot;,&quot;height&quot;:1140,&quot;width&quot;:2048,&quot;orientation&quot;:&quot;landscape&quot;}}\" style=\"\" loading=\"lazy\"><\/span><\/p>\n<h1 dir=\"ltr\" style=\"\">Entrada sin colas a Santa Sof\u00eda con audiogu\u00eda y realidad aumentada<\/h1>\n<h2><a href=\"https:\/\/megapass.com\/tours-tickets\/hagia-sophia-skip-the-line-ticket-with-audio-guide-and-augment-reality-i31?discountCode=ma-places\" target=\"_blank\" rel=\"nofollow noopener\" style=\"outline: none;\">Make a reservation<\/a><\/h2>\n<h1><a href=\"https:\/\/megapass.com\/tours-tickets\/hagia-sophia-skip-the-line-ticket-with-audio-guide-and-augment-reality-i31?discountCode=ma-places\" target=\"_blank\" rel=\"nofollow noopener\" style=\"outline: none;\"><strong>\u20ac32.50<\/strong><\/a><\/h1>\n<p dir=\"ltr\">Explora Santa Sof\u00eda como nunca antes con acceso sin colas, una atractiva audiogu\u00eda y una experiencia inmersiva de realidad aumentada. Descubre las maravillas de este emblem\u00e1tico monumento a tu propio ritmo y sum\u00e9rgete en su rica historia.<\/p>\n<ul>\n<li style=\"\"><span>Seleccionado cuidadosamente<\/span><\/li>\n<li style=\"\"><span>Billete m\u00f3vil &nbsp;<\/span><\/li>\n<li style=\"\">                    <span>Confirmaci\u00f3n instant\u00e1nea<\/span><\/li>\n<li style=\"\"><span>Saltar la fila<\/span><\/li>\n<li style=\"\"><span>Cancelaci\u00f3n gratuita<\/span><\/li>\n<\/ul>\n<h2>Qu\u00e9 incluye<\/h2>\n<ul>\n<li style=\"\">                    <span>Entrada a Santa Sof\u00eda<\/span><\/li>\n<li><span>Acceso sin colas<\/span><\/li>\n<li><span>Audiogu\u00eda para smartphone (disponible en 5 idiomas)<\/span><\/li>\n<li><span>Aplicaci\u00f3n de realidad aumentada (disponible en 23 idiomas)<\/span><\/li>\n<\/ul>\n<h2>Qu\u00e9 no est\u00e1 incluido<\/h2>\n<ul>\n<li style=\"\"><span>Saltar fila de seguridad (hasta 60 minutos en temporada alta)<\/span><\/li>\n<li style=\"\"><span>Auriculares personales<\/span><\/li>\n<li style=\"\"><span>Acceso a la zona de oraci\u00f3n (para ciudadanos no turcos)<\/span><\/li>\n<\/ul>\n<h2>Informaci\u00f3n importante<\/h2>\n<ul>\n<li style=\"\"><span>Abierto todos los d\u00edas de 9:00 a 19:00 horas, con entrada los viernes a partir de las 14:00 horas.<\/span><\/li>\n<li><span>Las mujeres deben cubrirse el cabello y los hombros (pa\u00f1uelos disponibles por 100 TRY)<\/span><\/li>\n<li><span>Los hombres y las mujeres deben cubrirse las rodillas (hay cubiertas corporales disponibles por 100 TRY)<\/span><\/li>\n<li><span>S\u00f3lo los ciudadanos turcos pueden entrar a la zona de oraci\u00f3n.<\/span><\/li>\n<li><span>Descarga la audiogu\u00eda y la app de realidad aumentada antes de tu visita<\/span><\/li>\n<\/ul>\n<h2 style=\"\">Ofrecido en colaboraci\u00f3n con nuestro socio:<\/h2>\n<p><span><img decoding=\"async\" alt=\"\" data-id=\"2975\" width=\"129\" data-init-width=\"265\" height=\"75\" data-init-height=\"153\" title=\"MegaPass\" src=\"https:\/\/www.hagiasophia.gen.tr\/wp-content\/uploads\/2024\/05\/MegaPass.png\" data-width=\"129\" data-height=\"75\" style=\"aspect-ratio: auto 265 \/ 153;\" loading=\"lazy\" data-><\/span><\/p>\n<p>Hagiasophia.gen.tr facilita los pagos, mientras que MegaPass act\u00faa como el comercio oficial. Los t\u00e9rminos y condiciones se mantienen sin cambios.<\/p>\n<p><a href=\"https:\/\/megapass.com\/tours-tickets\/hagia-sophia-skip-the-line-ticket-with-audio-guide-and-augment-reality-i31?discountCode=ma-places\" target=\"_blank\" rel=\"nofollow noopener\" style=\"outline: none;\" data-lt-tmp-id=\"lt-493231\" spellcheck=\"false\">Haga clic aqu\u00ed si prefiere reservar en el sitio web de MegaPass.<\/a><\/p>\n<h2>Descripci\u00f3n:<\/h2>\n<p dir=\"ltr\">Ad\u00e9ntrese en la impresionante Santa Sof\u00eda con acceso prioritario y explore sus <strong>antiguas murallas<\/strong> con la ayuda de una <strong>audiogu\u00eda<\/strong> y <strong>una aplicaci\u00f3n de realidad aumentada<\/strong> . Visualice su majestuosidad como era en siglos pasados \u200b\u200by escuche <strong>fascinantes relatos<\/strong> que dan vida a la historia, todo desde su smartphone. Esta <strong>experiencia sin contacto y a su propio ritmo<\/strong> le garantiza un viaje inolvidable a trav\u00e9s de uno de los monumentos m\u00e1s venerados del mundo.<\/p>\n<h2>Reflejos:<\/h2>\n<ul>\n<li dir=\"ltr\">Evite las largas colas para adquirir entradas y ahorre tiempo<\/li>\n<li dir=\"ltr\">Explora Santa Sof\u00eda con una audiogu\u00eda inmersiva<\/li>\n<li dir=\"ltr\">Experimente la realidad aumentada que da vida a la historia.<\/li>\n<li dir=\"ltr\">Aprenda sobre la incre\u00edble historia de este monumento a su propio ritmo.<\/li>\n<\/ul>\n<h3 dir=\"ltr\">Gran Mezquita de Santa Sof\u00eda<\/h3>\n<p dir=\"ltr\">Sult\u00e1n Ahmet, Ayasofya Meydan\u0131 No:1, 34122 Fatih\/Estambul<\/p>\n<h2>Pol\u00edtica de cancelaci\u00f3n<\/h2>\n<p dir=\"ltr\">Cancelaci\u00f3n gratuita 24 horas antes del inicio de la actividad.<\/p>\n<h2>Punto de encuentro e instrucciones<\/h2>\n<p dir=\"ltr\">Canjee su entrada en la Gran Mezquita de Santa Sof\u00eda, Cankurtaran, Sultan Ahmet, Ayasofya Meydan\u0131 No:1, 34122 Fatih\/\u0130stanbul. Muestre su bono y una identificaci\u00f3n con fotograf\u00eda v\u00e1lida en el punto de canje de boletos.<\/p>\n<p><a href=\"https:\/\/maps.app.goo.gl\/cVFXbDZxjnkhqvJ67\" target=\"_blank\" rel=\"nofollow noopener\" style=\"outline: none;\" data-lt-tmp-id=\"lt-581789\" spellcheck=\"false\">Abrir en Maps<\/a><\/p>\n<h2>Algunas actividades que te podr\u00edan gustar<\/h2>\n<p><span># <\/span><strong><span>2<\/span><\/strong><span># <\/span><strong><span>2<\/span><\/strong><span><img decoding=\"async\" alt=\"Entradas para Santa Sof\u00eda y la Cisterna Bas\u00edlica\" data-id=\"3310\" width=\"159\" data-init-width=\"2338\" height=\"89\" data-init-height=\"1308\" title=\"Entradas para Santa Sof\u00eda y la Cisterna Bas\u00edlica\" src=\"https:\/\/www.hagiasophia.gen.tr\/wp-content\/uploads\/2024\/09\/Hagia-Sophia-Basilica-Cistern-Tickets.png\" data-width=\"159\" data-height=\"89\" style=\"aspect-ratio: auto 2338 \/ 1308;\" loading=\"lazy\"><\/span><\/p>\n<table>\n<tbody>\n<tr>\n<td><a href=\"https:\/\/www.headout.com\/r\/most-amazing-placesrecommends-eSMRr\/\" target=\"_blank\" rel=\"nofollow noopener\" style=\"outline: currentcolor;\" data-lt-tmp-id=\"lt-569507\" spellcheck=\"false\">Entradas para Santa Sof\u00eda y la Cisterna Bas\u00edlica<\/a><\/td>\n<\/tr>\n<\/tbody>\n<\/table>\n<p dir=\"ltr\">Experimente los lugares emblem\u00e1ticos de Estambul: entradas para Santa Sof\u00eda y la Cisterna Bas\u00edlica con audiogu\u00eda, acceso sin colas y la libertad de visitarlos cuando quiera dentro del horario de apertura.<\/p>\n<h3 style=\"\">Precio total<\/h3>\n<h3 style=\"\">No se le cobrar\u00e1 todav\u00eda<\/h3>\n<p><span># <\/span><strong><span>2<\/span><\/strong><span><img decoding=\"async\" alt=\"Entradas para el Palacio de Dolmabah\u00e7e, Santa Sof\u00eda y la Cisterna Bas\u00edlica\" data-id=\"3314\" width=\"159\" data-init-width=\"1784\" height=\"113\" data-init-height=\"1270\" title=\"Entradas para el Palacio de Dolmabah\u00e7e, Santa Sof\u00eda y la Cisterna Bas\u00edlica\" src=\"https:\/\/www.hagiasophia.gen.tr\/wp-content\/uploads\/2024\/09\/Dolmabahce-Palace-Hagia-Sophia-Basilica-Cistern-Tickets.png\" data-width=\"159\" data-height=\"113\" style=\"aspect-ratio: auto 1784 \/ 1270;\" loading=\"lazy\"><\/span><\/p>\n<table>\n<tbody>\n<tr>\n<td><a href=\"https:\/\/megapass.com\/tours-tickets\/dolmabahce-palace-hagia-sophia-and-basilica-cistern-tickets-i2383?discountCode=ma-places\" target=\"_blank\" rel=\"nofollow noopener\" style=\"outline: none;\" data-lt-tmp-id=\"lt-163467\" spellcheck=\"false\">Entradas para el Palacio de Dolmabah\u00e7e, Santa Sof\u00eda y la Cisterna Bas\u00edlica<\/a><\/td>\n<\/tr>\n<\/tbody>\n<\/table>\n<p dir=\"ltr\">\u00a1Maximiza tus ahorros con este combo 3 en 1, v\u00e1lido por 2 d\u00edas! Explora el emblem\u00e1tico Palacio de Dolmabah\u00e7e, Santa Sof\u00eda y la Cisterna Bas\u00edlica de Estambul a tu propio ritmo. Con las entradas en el bolsillo y una audiogu\u00eda a tu lado, podr\u00e1s adentrarte en su rica historia.<\/p>\n<h3 style=\"\">Precio total<\/h3>\n<h3 style=\"\">No se le cobrar\u00e1 todav\u00eda<\/h3>\n<\/p>\n<h2><a href=\"https:\/\/megapass.com\/tours-tickets\/hagia-sophia-skip-the-line-ticket-with-audio-guide-and-augment-reality-i31?discountCode=ma-places\" target=\"_blank\" rel=\"nofollow noopener\" style=\"outline: none;\">Hacer una reserva<\/a><\/h2>\n<h1><a href=\"https:\/\/megapass.com\/tours-tickets\/hagia-sophia-skip-the-line-ticket-with-audio-guide-and-augment-reality-i31?discountCode=ma-places\" target=\"_blank\" rel=\"nofollow noopener\" style=\"outline: none;\"><strong>32,50 \u20ac<\/strong><\/a><\/h1>\n<p style=\"\">No se le cobrar\u00e1 todav\u00eda<\/p>\n","protected":false},"excerpt":{"rendered":"<p>Entrada sin colas a Santa Sof\u00eda con audiogu\u00eda y realidad aumentada Make a reservation \u20ac32.50 Explora Santa Sof\u00eda como nunca antes con acceso sin colas, una atractiva audiogu\u00eda y una experiencia inmersiva de realidad aumentada. Descubre las maravillas de este emblem\u00e1tico monumento a tu propio ritmo y sum\u00e9rgete en su rica historia. Seleccionado cuidadosamente Billete [&hellip;]<\/p>\n","protected":false},"author":8,"featured_media":3305,"parent":0,"menu_order":0,"comment_status":"closed","ping_status":"closed","template":"","meta":{"footnotes":""},"class_list":["post-4112","page","type-page","status-publish","has-post-thumbnail","hentry","post-wrapper","thrv_wrapper"],"wp-worthy-pixel":{"ignored":false,"public":null,"server":null,"url":null},"wp-worthy-type":"normal","_links":{"self":[{"href":"https:\/\/www.hagiasophia.gen.tr\/es\/wp-json\/wp\/v2\/pages\/4112","targetHints":{"allow":["GET"]}}],"collection":[{"href":"https:\/\/www.hagiasophia.gen.tr\/es\/wp-json\/wp\/v2\/pages"}],"about":[{"href":"https:\/\/www.hagiasophia.gen.tr\/es\/wp-json\/wp\/v2\/types\/page"}],"author":[{"embeddable":true,"href":"https:\/\/www.hagiasophia.gen.tr\/es\/wp-json\/wp\/v2\/users\/8"}],"replies":[{"embeddable":true,"href":"https:\/\/www.hagiasophia.gen.tr\/es\/wp-json\/wp\/v2\/comments?post=4112"}],"version-history":[{"count":5,"href":"https:\/\/www.hagiasophia.gen.tr\/es\/wp-json\/wp\/v2\/pages\/4112\/revisions"}],"predecessor-version":[{"id":4378,"href":"https:\/\/www.hagiasophia.gen.tr\/es\/wp-json\/wp\/v2\/pages\/4112\/revisions\/4378"}],"wp:featuredmedia":[{"embeddable":true,"href":"https:\/\/www.hagiasophia.gen.tr\/es\/wp-json\/wp\/v2\/media\/3305"}],"wp:attachment":[{"href":"https:\/\/www.hagiasophia.gen.tr\/es\/wp-json\/wp\/v2\/media?parent=4112"}],"curies":[{"name":"wp","href":"https:\/\/api.w.org\/{rel}","templated":true}]}}