{"id":4162,"date":"2024-11-26T07:29:35","date_gmt":"2024-11-26T07:29:35","guid":{"rendered":"https:\/\/www.hagiasophia.gen.tr\/tickets-for-hagia-sophia-skip-the-line\/"},"modified":"2025-07-08T11:55:43","modified_gmt":"2025-07-08T11:55:43","slug":"entradas-para-santa-sofia-acceso-sin-colas","status":"publish","type":"page","link":"https:\/\/www.hagiasophia.gen.tr\/es\/entradas-para-santa-sofia-acceso-sin-colas\/","title":{"rendered":"Entradas para Santa Sof\u00eda: acceso sin colas"},"content":{"rendered":"<p><span><img decoding=\"async\" alt=\"\" data-id=\"3662\" width=\"1540\" height=\"1062\" title=\"Santa Sof\u00eda: entrada sin colas\" src=\"https:\/\/www.hagiasophia.gen.tr\/wp-content\/uploads\/2024\/11\/Hagia-Sophia-Skip-The-Ticket-Line-1024x706.png\" data-src=\"https:\/\/www.hagiasophia.gen.tr\/wp-content\/uploads\/2024\/11\/Hagia-Sophia-Skip-The-Ticket-Line-300x207.png\" data-sizes=\"{&quot;thumbnail&quot;:{&quot;url&quot;:&quot;https:\/\/www.hagiasophia.gen.tr\/wp-content\/uploads\/2024\/11\/Hagia-Sophia-Skip-The-Ticket-Line-150x150.png&quot;,&quot;height&quot;:150,&quot;width&quot;:150,&quot;orientation&quot;:&quot;landscape&quot;},&quot;medium&quot;:{&quot;url&quot;:&quot;https:\/\/www.hagiasophia.gen.tr\/wp-content\/uploads\/2024\/11\/Hagia-Sophia-Skip-The-Ticket-Line-300x207.png&quot;,&quot;height&quot;:207,&quot;width&quot;:300,&quot;orientation&quot;:&quot;landscape&quot;},&quot;large&quot;:{&quot;url&quot;:&quot;https:\/\/www.hagiasophia.gen.tr\/wp-content\/uploads\/2024\/11\/Hagia-Sophia-Skip-The-Ticket-Line-1024x706.png&quot;,&quot;height&quot;:706,&quot;width&quot;:1024,&quot;orientation&quot;:&quot;landscape&quot;},&quot;full&quot;:{&quot;url&quot;:&quot;https:\/\/www.hagiasophia.gen.tr\/wp-content\/uploads\/2024\/11\/Hagia-Sophia-Skip-The-Ticket-Line.png&quot;,&quot;height&quot;:1062,&quot;width&quot;:1540,&quot;orientation&quot;:&quot;landscape&quot;},&quot;1536x1536&quot;:{&quot;url&quot;:&quot;https:\/\/www.hagiasophia.gen.tr\/wp-content\/uploads\/2024\/11\/Hagia-Sophia-Skip-The-Ticket-Line-1536x1059.png&quot;,&quot;height&quot;:1059,&quot;width&quot;:1536,&quot;orientation&quot;:&quot;landscape&quot;}}\" loading=\"lazy\"><\/span><span><img decoding=\"async\" alt=\"\" data-id=\"3665\" width=\"1538\" height=\"1018\" title=\"Santa Sof\u00eda: entrada sin colas4\" src=\"https:\/\/www.hagiasophia.gen.tr\/wp-content\/uploads\/2024\/11\/Hagia-Sophia-Skip-The-Ticket-Line4-1024x678.png\" data-src=\"https:\/\/www.hagiasophia.gen.tr\/wp-content\/uploads\/2024\/11\/Hagia-Sophia-Skip-The-Ticket-Line4-300x199.png\" data-sizes=\"{&quot;thumbnail&quot;:{&quot;url&quot;:&quot;https:\/\/www.hagiasophia.gen.tr\/wp-content\/uploads\/2024\/11\/Hagia-Sophia-Skip-The-Ticket-Line4-150x150.png&quot;,&quot;height&quot;:150,&quot;width&quot;:150,&quot;orientation&quot;:&quot;landscape&quot;},&quot;medium&quot;:{&quot;url&quot;:&quot;https:\/\/www.hagiasophia.gen.tr\/wp-content\/uploads\/2024\/11\/Hagia-Sophia-Skip-The-Ticket-Line4-300x199.png&quot;,&quot;height&quot;:199,&quot;width&quot;:300,&quot;orientation&quot;:&quot;landscape&quot;},&quot;large&quot;:{&quot;url&quot;:&quot;https:\/\/www.hagiasophia.gen.tr\/wp-content\/uploads\/2024\/11\/Hagia-Sophia-Skip-The-Ticket-Line4-1024x678.png&quot;,&quot;height&quot;:678,&quot;width&quot;:1024,&quot;orientation&quot;:&quot;landscape&quot;},&quot;full&quot;:{&quot;url&quot;:&quot;https:\/\/www.hagiasophia.gen.tr\/wp-content\/uploads\/2024\/11\/Hagia-Sophia-Skip-The-Ticket-Line4.png&quot;,&quot;height&quot;:1018,&quot;width&quot;:1538,&quot;orientation&quot;:&quot;landscape&quot;},&quot;1536x1536&quot;:{&quot;url&quot;:&quot;https:\/\/www.hagiasophia.gen.tr\/wp-content\/uploads\/2024\/11\/Hagia-Sophia-Skip-The-Ticket-Line4-1536x1017.png&quot;,&quot;height&quot;:1017,&quot;width&quot;:1536,&quot;orientation&quot;:&quot;landscape&quot;}}\" loading=\"lazy\"><\/span><span><img decoding=\"async\" alt=\"\" data-id=\"3668\" width=\"1558\" height=\"988\" title=\"Santa Sof\u00eda: entrada sin colas3\" src=\"https:\/\/www.hagiasophia.gen.tr\/wp-content\/uploads\/2024\/11\/Hagia-Sophia-Skip-The-Ticket-Line3-1024x649.png\" data-src=\"https:\/\/www.hagiasophia.gen.tr\/wp-content\/uploads\/2024\/11\/Hagia-Sophia-Skip-The-Ticket-Line3-300x190.png\" data-sizes=\"{&quot;thumbnail&quot;:{&quot;url&quot;:&quot;https:\/\/www.hagiasophia.gen.tr\/wp-content\/uploads\/2024\/11\/Hagia-Sophia-Skip-The-Ticket-Line3-150x150.png&quot;,&quot;height&quot;:150,&quot;width&quot;:150,&quot;orientation&quot;:&quot;landscape&quot;},&quot;medium&quot;:{&quot;url&quot;:&quot;https:\/\/www.hagiasophia.gen.tr\/wp-content\/uploads\/2024\/11\/Hagia-Sophia-Skip-The-Ticket-Line3-300x190.png&quot;,&quot;height&quot;:190,&quot;width&quot;:300,&quot;orientation&quot;:&quot;landscape&quot;},&quot;large&quot;:{&quot;url&quot;:&quot;https:\/\/www.hagiasophia.gen.tr\/wp-content\/uploads\/2024\/11\/Hagia-Sophia-Skip-The-Ticket-Line3-1024x649.png&quot;,&quot;height&quot;:649,&quot;width&quot;:1024,&quot;orientation&quot;:&quot;landscape&quot;},&quot;full&quot;:{&quot;url&quot;:&quot;https:\/\/www.hagiasophia.gen.tr\/wp-content\/uploads\/2024\/11\/Hagia-Sophia-Skip-The-Ticket-Line3.png&quot;,&quot;height&quot;:988,&quot;width&quot;:1558,&quot;orientation&quot;:&quot;landscape&quot;},&quot;1536x1536&quot;:{&quot;url&quot;:&quot;https:\/\/www.hagiasophia.gen.tr\/wp-content\/uploads\/2024\/11\/Hagia-Sophia-Skip-The-Ticket-Line3-1536x974.png&quot;,&quot;height&quot;:974,&quot;width&quot;:1536,&quot;orientation&quot;:&quot;landscape&quot;}}\" loading=\"lazy\"><\/span><span><img decoding=\"async\" alt=\"\" data-id=\"3671\" width=\"1544\" height=\"974\" title=\"Santa Sof\u00eda: entrada sin colas 2\" src=\"https:\/\/www.hagiasophia.gen.tr\/wp-content\/uploads\/2024\/11\/Hagia-Sophia-Skip-The-Ticket-Line-2-1024x646.png\" data-src=\"https:\/\/www.hagiasophia.gen.tr\/wp-content\/uploads\/2024\/11\/Hagia-Sophia-Skip-The-Ticket-Line-2-300x189.png\" data-sizes=\"{&quot;thumbnail&quot;:{&quot;url&quot;:&quot;https:\/\/www.hagiasophia.gen.tr\/wp-content\/uploads\/2024\/11\/Hagia-Sophia-Skip-The-Ticket-Line-2-150x150.png&quot;,&quot;height&quot;:150,&quot;width&quot;:150,&quot;orientation&quot;:&quot;landscape&quot;},&quot;medium&quot;:{&quot;url&quot;:&quot;https:\/\/www.hagiasophia.gen.tr\/wp-content\/uploads\/2024\/11\/Hagia-Sophia-Skip-The-Ticket-Line-2-300x189.png&quot;,&quot;height&quot;:189,&quot;width&quot;:300,&quot;orientation&quot;:&quot;landscape&quot;},&quot;large&quot;:{&quot;url&quot;:&quot;https:\/\/www.hagiasophia.gen.tr\/wp-content\/uploads\/2024\/11\/Hagia-Sophia-Skip-The-Ticket-Line-2-1024x646.png&quot;,&quot;height&quot;:646,&quot;width&quot;:1024,&quot;orientation&quot;:&quot;landscape&quot;},&quot;full&quot;:{&quot;url&quot;:&quot;https:\/\/www.hagiasophia.gen.tr\/wp-content\/uploads\/2024\/11\/Hagia-Sophia-Skip-The-Ticket-Line-2.png&quot;,&quot;height&quot;:974,&quot;width&quot;:1544,&quot;orientation&quot;:&quot;landscape&quot;},&quot;1536x1536&quot;:{&quot;url&quot;:&quot;https:\/\/www.hagiasophia.gen.tr\/wp-content\/uploads\/2024\/11\/Hagia-Sophia-Skip-The-Ticket-Line-2-1536x969.png&quot;,&quot;height&quot;:969,&quot;width&quot;:1536,&quot;orientation&quot;:&quot;landscape&quot;}}\" loading=\"lazy\"><\/span><\/p>\n<h1 dir=\"ltr\">Santa Sof\u00eda: Evite las colas para la entrada<\/h1>\n<h2><a href=\"https:\/\/www.tiqets.com\/en\/istanbul-attractions-c79079\/tickets-for-hagia-sophia-skip-the-ticket-line-entrance-p1096602\/?partner=most_amazing_places&amp;tq_campaign=HagiaSophiaGttd\" target=\"_blank\" rel=\"nofollow noopener\" style=\"outline: none;\">Make a reservation<\/a><\/h2>\n<h1><a href=\"https:\/\/www.tiqets.com\/en\/istanbul-attractions-c79079\/tickets-for-hagia-sophia-skip-the-ticket-line-entrance-p1096602\/?partner=most_amazing_places&amp;tq_campaign=HagiaSophiaGttd\" target=\"_blank\" rel=\"nofollow noopener\" style=\"outline: none;\" spellcheck=\"false\"><span style=\"font-weight: normal;\">From \u20ac<\/span><strong>28.00<\/strong><\/a><\/h1>\n<p dir=\"ltr\">Experimente la grandeza del monumento m\u00e1s famoso de Estambul, Santa Sof\u00eda <strong>.<\/strong> Descubra impresionantes mosaicos, caligraf\u00eda intrincada y artefactos hist\u00f3ricos, todo ello complementado con una atractiva <strong>audiogu\u00eda con realidad aumentada en 23 idiomas.<\/strong><\/p>\n<ul>\n<li style=\"\"><span>Seleccionado cuidadosamente<\/span><\/li>\n<li style=\"\"><span>Billete m\u00f3vil &nbsp;<\/span><\/li>\n<li style=\"\"><span>Gu\u00eda de audio<\/span><\/li>\n<li style=\"\"><!--! Font Awesome Free 6.7.1 by @fontawesome - https:\/\/fontawesome.com License - https:\/\/fontawesome.com\/license\/free (Icons: CC BY 4.0, Fonts: SIL OFL 1.1, Code: MIT License) Copyright 2024 Fonticons, Inc. --><span>No reembolsable<\/span><\/li>\n<\/ul>\n<h2>Qu\u00e9 incluye<\/h2>\n<ul>\n<li style=\"\">                    <span>Acceso sin colas a la Mezquita de Santa Sof\u00eda (2.\u00aa planta)<\/span><\/li>\n<li><span>Audiogu\u00eda con funciones de RA en 23 idiomas<\/span><\/li>\n<li><span>Entrada combinada a la Mezquita de Santa Sof\u00eda y al Museo de Historia (si se selecciona)<\/span><\/li>\n<\/ul>\n<h2>Qu\u00e9 no est\u00e1 incluido<\/h2>\n<ul>\n<li style=\"\"><span>Pa\u00f1uelo para la cabeza para mujer (disponible para comprar en el sitio)<\/span><\/li>\n<li style=\"\"><span>Auriculares para audiogu\u00eda (se pueden comprar en el establecimiento)<\/span><\/li>\n<\/ul>\n<h2>Informaci\u00f3n importante<\/h2>\n<ul>\n<li style=\"\"><span><strong>C\u00f3digo de vestimenta:<\/strong> Las mujeres deben cubrirse el cabello, los hombros, las rodillas y el pecho; los hombres deben cubrirse los hombros y las rodillas. Se pueden comprar bufandas.<\/span><\/li>\n<li><span><strong>Control de seguridad:<\/strong> No se pueden saltar las filas; llegue temprano para minimizar los tiempos de espera.<\/span><\/li>\n<li><span><strong>Cierres los viernes:<\/strong> Santa Sof\u00eda est\u00e1 cerrada para los turistas de 12:00 a 14:00 los viernes.<\/span><\/li>\n<li><span><strong>Accesibilidad:<\/strong> La galer\u00eda superior no es accesible para visitantes discapacitados o con problemas de movilidad.<\/span><\/li>\n<li><span><strong>Cochecitos:<\/strong> deben plegarse y transportarse debido al suelo hist\u00f3rico.<\/span><\/li>\n<\/ul>\n<h2>Descripci\u00f3n:<\/h2>\n<p dir=\"ltr\">Sum\u00e9rgete en la historia y la belleza de <strong>Santa Sof\u00eda sin hacer cola.&nbsp;<\/strong> Recorre la impresionante <strong>segunda planta,<\/strong> reservada para visitantes, y marav\u00edllate con los mosaicos bizantinos y la caligraf\u00eda isl\u00e1mica. Con una <strong>entrada combinada opcional<\/strong> , explora la mezquita y el Museo de Historia para una inmersi\u00f3n cultural completa.<\/p>\n<h2>Reflejos:<\/h2>\n<ul>\n<li ltr\"\"=\"\">Evite las colas largas para comprar entradas para uno de los sitios m\u00e1s visitados de Estambul.<\/li>\n<li ltr\"\"=\"\">Disfruta de una audiogu\u00eda con realidad aumentada en 23 idiomas.<\/li>\n<li ltr\"\"=\"\">Sea testigo de los exquisitos mosaicos y la grandeza arquitect\u00f3nica de Santa Sof\u00eda.<\/li>\n<li>Experimente la serena galer\u00eda superior con vistas panor\u00e1micas.<\/li>\n<\/ul>\n<h3 dir=\"ltr\">Gran Mezquita de Santa Sof\u00eda<\/h3>\n<p dir=\"ltr\">Sult\u00e1n Ahmet, Ayasofya Meydan\u0131 No:1, 34122 Fatih\/Estambul<\/p>\n<h2>Pol\u00edtica de cancelaci\u00f3n<\/h2>\n<p dir=\"ltr\">Los boletos no son reembolsables ni se pueden reprogramar.<\/p>\n<h2>Punto de encuentro e instrucciones<\/h2>\n<p dir=\"ltr\">Presenta tu entrada digital en la entrada de la Mezquita de Santa Sof\u00eda. Escanea los c\u00f3digos QR para acceder a la audiogu\u00eda. Llega con antelaci\u00f3n para evitar retrasos debido a los controles de seguridad obligatorios.<\/p>\n<p><a href=\"https:\/\/maps.app.goo.gl\/cVFXbDZxjnkhqvJ67\" target=\"_blank\" rel=\"nofollow noopener\" style=\"outline: none;\" data-lt-tmp-id=\"lt-581789\" spellcheck=\"false\">Abrir en Maps<\/a><\/p>\n<h2>Rese\u00f1as y calificaciones<\/h2>\n<p dir=\"ltr\"><strong>4.0\/ 5&nbsp;  <\/strong><strong>(143 opiniones)<\/strong><\/p>\n<p dir=\"ltr\">Todo sali\u00f3 como se esperaba. Quisiera destacar la ayuda de Avinash Nair, de la oficina de Tiqets. Su ayuda fue excelente. &#8211; MOUSTAKIS, marzo de 2025<\/p>\n<p dir=\"ltr\">Muy bonito. Tanto si compras la entrada con antelaci\u00f3n como el mismo d\u00eda, tienes que hacer cola. Recomiendo hacerla temprano por la ma\u00f1ana o despu\u00e9s de las 16:00 para acortar la cola y el tiempo de espera. &#8211; Catalina, abril de 2025<\/p>\n<h2>Algunas actividades que te podr\u00edan gustar<\/h2>\n<p><span># <\/span><strong><span>2<\/span><\/strong><span># <\/span><strong><span>2<\/span><\/strong><span><img decoding=\"async\" alt=\"Entradas para Santa Sof\u00eda y la Cisterna Bas\u00edlica\" data-id=\"3310\" width=\"159\" data-init-width=\"2338\" height=\"89\" data-init-height=\"1308\" title=\"Entradas para Santa Sof\u00eda y la Cisterna Bas\u00edlica\" src=\"https:\/\/www.hagiasophia.gen.tr\/wp-content\/uploads\/2024\/09\/Hagia-Sophia-Basilica-Cistern-Tickets.png\" data-width=\"159\" data-height=\"89\" style=\"aspect-ratio: auto 2338 \/ 1308;\" loading=\"lazy\"><\/span><\/p>\n<table>\n<tbody>\n<tr>\n<td><a href=\"https:\/\/www.headout.com\/r\/most-amazing-placesrecommends-eSMRr\/\" target=\"_blank\" rel=\"nofollow noopener\" style=\"outline: none;\" data-lt-tmp-id=\"lt-569507\" spellcheck=\"false\">Entradas para Santa Sof\u00eda y la Cisterna Bas\u00edlica<\/a><\/td>\n<\/tr>\n<\/tbody>\n<\/table>\n<p dir=\"ltr\">Experimente los lugares emblem\u00e1ticos de Estambul: entradas para Santa Sof\u00eda y la Cisterna Bas\u00edlica con audiogu\u00eda, acceso sin colas y la libertad de visitarlos cuando quiera dentro del horario de apertura.<\/p>\n<h3 style=\"\">Precio total<\/h3>\n<h3 style=\"\">No se le cobrar\u00e1 todav\u00eda<\/h3>\n<p><span># <\/span><strong><span>2<\/span><\/strong><span><img decoding=\"async\" alt=\"Entradas para el Palacio de Dolmabah\u00e7e, Santa Sof\u00eda y la Cisterna Bas\u00edlica\" data-id=\"3314\" width=\"159\" data-init-width=\"1784\" height=\"113\" data-init-height=\"1270\" title=\"Entradas para el Palacio de Dolmabah\u00e7e, Santa Sof\u00eda y la Cisterna Bas\u00edlica\" src=\"https:\/\/www.hagiasophia.gen.tr\/wp-content\/uploads\/2024\/09\/Dolmabahce-Palace-Hagia-Sophia-Basilica-Cistern-Tickets.png\" data-width=\"159\" data-height=\"113\" style=\"aspect-ratio: auto 1784 \/ 1270;\" loading=\"lazy\"><\/span><\/p>\n<table>\n<tbody>\n<tr>\n<td><a href=\"https:\/\/megapass.com\/tours-tickets\/dolmabahce-palace-hagia-sophia-and-basilica-cistern-tickets-i2383?discountCode=ma-places\" target=\"_blank\" rel=\"nofollow noopener\" style=\"outline: none;\" data-lt-tmp-id=\"lt-163467\" spellcheck=\"false\">Entradas para el Palacio de Dolmabah\u00e7e, Santa Sof\u00eda y la Cisterna Bas\u00edlica<\/a><\/td>\n<\/tr>\n<\/tbody>\n<\/table>\n<p dir=\"ltr\">\u00a1Maximiza tus ahorros con este combo 3 en 1, v\u00e1lido por 2 d\u00edas! Explora el emblem\u00e1tico Palacio de Dolmabah\u00e7e, Santa Sof\u00eda y la Cisterna Bas\u00edlica de Estambul a tu propio ritmo. Con las entradas en el bolsillo y una audiogu\u00eda a tu lado, podr\u00e1s adentrarte en su rica historia.<\/p>\n<h3 style=\"\">Precio total<\/h3>\n<h3 style=\"\">No se le cobrar\u00e1 todav\u00eda<\/h3>\n<\/p>\n<h2><a href=\"https:\/\/www.tiqets.com\/en\/istanbul-attractions-c79079\/tickets-for-hagia-sophia-skip-the-ticket-line-entrance-p1096602\/?partner=most_amazing_places&amp;tq_campaign=HagiaSophiaGttd\" target=\"_blank\" rel=\"nofollow noopener\" style=\"outline: none;\">Hacer una reserva<\/a><\/h2>\n<h1><a href=\"https:\/\/www.tiqets.com\/en\/istanbul-attractions-c79079\/tickets-for-hagia-sophia-skip-the-ticket-line-entrance-p1096602\/?partner=most_amazing_places&amp;tq_campaign=HagiaSophiaGttd\" target=\"_blank\" rel=\"nofollow noopener\" style=\"outline: none;\" spellcheck=\"false\"><span style=\"font-weight: normal;\">Desde <\/span><strong>&nbsp;28,00 \u20ac<\/strong><\/a><\/h1>\n<p style=\"\">No se le cobrar\u00e1 todav\u00eda<\/p>\n","protected":false},"excerpt":{"rendered":"<p>Santa Sof\u00eda: Evite las colas para la entrada Make a reservation From \u20ac28.00 Experimente la grandeza del monumento m\u00e1s famoso de Estambul, Santa Sof\u00eda . Descubra impresionantes mosaicos, caligraf\u00eda intrincada y artefactos hist\u00f3ricos, todo ello complementado con una atractiva audiogu\u00eda con realidad aumentada en 23 idiomas. Seleccionado cuidadosamente Billete m\u00f3vil &nbsp; Gu\u00eda de audio No [&hellip;]<\/p>\n","protected":false},"author":7,"featured_media":3664,"parent":0,"menu_order":0,"comment_status":"closed","ping_status":"closed","template":"","meta":{"footnotes":"","tve_updated_post":"","tve_custom_css":"","tve_user_custom_css":"","tve_globals":{},"tcb2_ready":1,"tcb_editor_enabled":1,"tve_landing_page":"bd86f3fc67210fed5b2794ad4a56d3a9","_tve_header":"2698","_tve_footer":"4062"},"class_list":["post-4162","page","type-page","status-publish","has-post-thumbnail","hentry","post-wrapper","thrv_wrapper"],"wp-worthy-pixel":{"ignored":false,"public":null,"server":null,"url":null},"wp-worthy-type":"normal","_links":{"self":[{"href":"https:\/\/www.hagiasophia.gen.tr\/es\/wp-json\/wp\/v2\/pages\/4162","targetHints":{"allow":["GET"]}}],"collection":[{"href":"https:\/\/www.hagiasophia.gen.tr\/es\/wp-json\/wp\/v2\/pages"}],"about":[{"href":"https:\/\/www.hagiasophia.gen.tr\/es\/wp-json\/wp\/v2\/types\/page"}],"author":[{"embeddable":true,"href":"https:\/\/www.hagiasophia.gen.tr\/es\/wp-json\/wp\/v2\/users\/7"}],"replies":[{"embeddable":true,"href":"https:\/\/www.hagiasophia.gen.tr\/es\/wp-json\/wp\/v2\/comments?post=4162"}],"version-history":[{"count":4,"href":"https:\/\/www.hagiasophia.gen.tr\/es\/wp-json\/wp\/v2\/pages\/4162\/revisions"}],"predecessor-version":[{"id":4380,"href":"https:\/\/www.hagiasophia.gen.tr\/es\/wp-json\/wp\/v2\/pages\/4162\/revisions\/4380"}],"wp:featuredmedia":[{"embeddable":true,"href":"https:\/\/www.hagiasophia.gen.tr\/es\/wp-json\/wp\/v2\/media\/3664"}],"wp:attachment":[{"href":"https:\/\/www.hagiasophia.gen.tr\/es\/wp-json\/wp\/v2\/media?parent=4162"}],"curies":[{"name":"wp","href":"https:\/\/api.w.org\/{rel}","templated":true}]}}