{"id":5547,"date":"2025-08-15T15:07:09","date_gmt":"2025-08-15T15:07:09","guid":{"rendered":"https:\/\/www.hagiasophia.gen.tr\/hagia-sophia-and-blue-mosque\/"},"modified":"2025-08-28T12:27:47","modified_gmt":"2025-08-28T12:27:47","slug":"mezquita-azul-y-santa-sofia","status":"publish","type":"page","link":"https:\/\/www.hagiasophia.gen.tr\/es\/mezquita-azul-y-santa-sofia\/","title":{"rendered":"Mezquita Azul y Santa Sof\u00eda: Diferencias, cosas que hay que saber y entradas combinadas"},"content":{"rendered":"<h1>Mezquita Azul y Santa Sof\u00eda: Diferencias, informaci\u00f3n y entradas combinadas<\/h1>\n<p dir=\"ltr\">Si est\u00e1s planeando un viaje a Estambul, dos de los monumentos m\u00e1s emblem\u00e1ticos de los que oir\u00e1s hablar son la&nbsp;<strong>Mezquita Azul y Santa Sof\u00eda<\/strong>.<\/p>\n<p dir=\"ltr\">Con sus imponentes c\u00fapulas, minaretes y rica historia, es f\u00e1cil entender por qu\u00e9 los viajeros suelen confundirlos. \u00bfSon lo mismo? \u00bfCu\u00e1l deber\u00edas visitar primero? \u00bfSe pueden ver ambos en un d\u00eda?<\/p>\n<p dir=\"ltr\">Vamos a desglosarlo.<\/p>\n<p><span style=\"\"><img decoding=\"async\" alt=\"Diferencias entre Santa Sof\u00eda y la Mezquita Azul, informaci\u00f3n y entradas combinadas\" data-id=\"5478\" width=\"1085\" data-init-width=\"1000\" height=\"723\" data-init-height=\"666\" title=\"Diferencias entre Santa Sof\u00eda y la Mezquita Azul, informaci\u00f3n y entradas combinadas\" src=\"https:\/\/www.hagiasophia.gen.tr\/wp-content\/uploads\/2025\/08\/Hagia-Sophia-and-Blue-Mosque-Differences-Things-to-Know-Combo-Tickets3.jpg\" data-width=\"1085\" data-height=\"723\" style=\"aspect-ratio: auto 1000 \/ 666;\" mt-d=\"-17.40599999999995\" ml-d=\"0\" mt-t=\"0\" ml-t=\"0\" loading=\"lazy\"><\/span><\/p>\n<h2 dir=\"ltr\" id=\"t-1755264462168\">\u00bfSon lo mismo la Mezquita Azul y Santa Sof\u00eda?<\/h2>\n<p>No, no son lo mismo, aunque tienen mucho en com\u00fan. Ubicadas a solo unos cientos de metros de distancia en el distrito de Sultanahmet de Estambul, <strong>Mezquita Azul y Santa Sof\u00eda<\/strong> se han convertido en s\u00edmbolos de la ciudad. Pero son <strong><span style=\"text-decoration: underline;\">dos edificios distintos con historias muy diferentes<\/span><\/strong>.<strong> <\/strong><\/p>\n<ul>\n<li dir=\"ltr\"><strong>Santa Sof\u00eda<\/strong> fue construida originalmente en el a\u00f1o 537 d.C. como catedral bizantina, luego convertida en mezquita, luego en museo y recientemente reconvertida en mezquita en 2020.<\/li>\n<li dir=\"ltr\"><strong>La Mezquita Azul<\/strong> (oficialmente Mezquita del Sult\u00e1n Ahmed) fue construida a principios del siglo XVII como mezquita imperial otomana y todav\u00eda funciona como tal en la actualidad.<\/li>\n<\/ul>\n<p dir=\"ltr\">Si bien ambas son mezquitas activas en la actualidad, fueron construidas con casi mil a\u00f1os de diferencia y <strong>reflejan diferentes \u00e9pocas del pasado de Estambul<\/strong>.<\/p>\n<p dir=\"ltr\"><a href=\"https:\/\/www.hagiasophia.gen.tr\/es\/historia\/\" style=\"outline: none;\">&gt;&gt; Visite aqu\u00ed para conocer m\u00e1s sobre la historia de Santa Sof\u00eda<\/a><\/p>\n<h2 data-alt-text=\"Collections of Hagia Sophia Museum\" id=\"t-1692692162145\">Diferencia entre la Mezquita Azul y Santa Sof\u00eda<\/h2>\n<p dir=\"ltr\">Si bien ambos monumentos son impresionantes, sus diferencias son f\u00e1ciles de detectar una vez dentro.<\/p>\n<p dir=\"ltr\"><strong>Santa Sof\u00eda ofrece<\/strong> un recorrido m\u00e1s hist\u00f3rico y arquitect\u00f3nico. Los visitantes quedan impresionados por la magnitud de su c\u00fapula, los restos de <strong>mosaicos cristianos<\/strong> , las columnas de m\u00e1rmol y <strong>la caligraf\u00eda \u00e1rabe<\/strong>. Se asemeja m\u00e1s a un monumento hist\u00f3rico, repleto de historias de diferentes \u00e9pocas.<\/p>\n<p dir=\"ltr\"><strong>En contraste, la Mezquita Azul<\/strong> ofrece un espacio m\u00e1s sereno y unificado. Su simetr\u00eda, sus c\u00fapulas en cascada y <strong>su interior ricamente alicatado<\/strong> le otorgan un encanto \u00fanico. Con sus <strong>seis minaretes<\/strong> \u2014una caracter\u00edstica inusual en su \u00e9poca\u2014, la mezquita pretend\u00eda reafirmar el prestigio del <strong>Imperio Otomano<\/strong>.<\/p>\n<p dir=\"ltr\">Los visitantes suelen describir <strong>Santa Sof\u00eda como \u00abmonumental\u00bb<\/strong> y la <strong>Mezquita Azul como \u00abelegante\u00bb.<\/strong> Ambas son hermosas, pero de maneras muy diferentes.<\/p>\n<p><a href=\"https:\/\/www.hagiasophia.gen.tr\/es\/interior\/\" style=\"outline: none;\">&gt;&gt; Conozca m\u00e1s sobre los detalles interiores de Santa Sof\u00eda<\/a><\/p>\n<h3 id=\"t-1693898980411\" style=\"text-align: left;\">A\u00f1o de construcci\u00f3n<\/h3>\n<p><strong data-end=\"408\" data-start=\"392\">Santa Sof\u00eda<\/strong>: 537 d. C.<\/p>\n<p><strong data-end=\"436\" data-start=\"421\">Mezquita Azul<\/strong>: 1609\u20131616 d. C.<\/p>\n<h3 data-alt-text=\"How Much Are the ticket prices for the Hagia Sophia Museum?\" id=\"t-1693919800064\" style=\"text-align: left;\">Arquitectura<\/h3>\n<p><strong data-end=\"380\" data-start=\"364\">Santa Sof\u00eda<\/strong>: dise\u00f1o bizantino, posteriormente adaptado por los otomanos<\/p>\n<p><strong data-end=\"449\" data-start=\"434\">Mezquita Azul<\/strong>: estilo otomano cl\u00e1sico con azulejos azules de \u0130znik<\/p>\n<h3 id=\"t-1693919800065\" style=\"text-align: left;\">Prop\u00f3sito original<\/h3>\n<p>&nbsp;<strong data-end=\"669\" data-start=\"653\">Santa Sof\u00eda<\/strong>: construida como catedral cristiana<\/p>\n<p 758\"=\"\" data-start=\"704\" \"=\"\"><strong data-end=\"721\" data-start=\"706\">Mezquita Azul<\/strong>: construida como una mezquita imperial otomana<\/p>\n<h3 id=\"t-1693919800066\" style=\"text-align: left;\">Reglas de entrada<\/h3>\n<p>&nbsp;<strong data-end=\"813\" data-start=\"797\">Santa Sof\u00eda<\/strong>: Se requiere entrada para turistas.<\/p>\n<p 923\"=\"\" data-start=\"863\" \"=\"\"><strong data-end=\"880\" data-start=\"865\">Mezquita Azul<\/strong>: entrada gratuita<\/p>\n<p><span style=\"\"><img decoding=\"async\" alt=\"Diferencias entre Santa Sof\u00eda y la Mezquita Azul, informaci\u00f3n y entradas combinadas\" data-id=\"5472\" width=\"1085\" data-init-width=\"1000\" height=\"724\" data-init-height=\"667\" title=\"Diferencias entre Santa Sof\u00eda y la Mezquita Azul, informaci\u00f3n y entradas combinadas\" src=\"https:\/\/www.hagiasophia.gen.tr\/wp-content\/uploads\/2025\/08\/Hagia-Sophia-and-Blue-Mosque-Differences-Things-to-Know-Combo-Tickets2.jpg\" data-width=\"1085\" data-height=\"724\" style=\"aspect-ratio: auto 1000 \/ 667;\" mt-d=\"-17.40599999999995\" ml-d=\"0\" mt-t=\"0\" ml-t=\"0\" loading=\"lazy\"><\/span><\/p>\n<h2 data-alt-text=\"Difference between Hagia Sophia and Blue Mosque\" id=\"t-1755257626845\">Distancia entre Mezquita Azul y Santa Sof\u00eda<\/h2>\n<p dir=\"ltr\">Uno de los aspectos m\u00e1s convenientes de visitar Santa Sof\u00eda y la Mezquita Azul es su proximidad. Ambas se encuentran en el hist\u00f3rico barrio de Sultanahmet de Estambul, separadas \u00fanicamente por una gran plaza peatonal, la Plaza de Sultanahmet.<\/p>\n<ul>\n<li dir=\"ltr\"><strong>Distancia a pie:<\/strong> unos 250 metros (aproximadamente 3 a 4 minutos a pie)<\/li>\n<li dir=\"ltr\"><strong>Ruta:<\/strong> Simplemente sal de un edificio, cruza la plaza y te encontrar\u00e1s en la entrada del otro.<\/li>\n<li dir=\"ltr\"><strong>Accesibilidad:<\/strong> El \u00e1rea es plana y pavimentada, lo que la hace transitable incluso para familias, personas mayores o personas con problemas de movilidad.<\/li>\n<\/ul>\n<p dir=\"ltr\">Por ello, muchos visitantes optan por explorar ambos lugares de inter\u00e9s <strong>a la vez<\/strong>, a menudo en la misma ma\u00f1ana o tarde. La proximidad los hace ideales para&nbsp;<strong>recorridos a pie<\/strong> que tambi\u00e9n incluyen lugares de inter\u00e9s cercanos como la <a href=\"https:\/\/www.basilicacistern.gen.tr\/es\/\" style=\"outline: none;\" rel=\"nofollow noopener\" target=\"_blank\"><strong>Cisterna Bas\u00edlica<\/strong><\/a><strong>&nbsp;<\/strong>y&nbsp;<a href=\"https:\/\/topkapipalace.gen.tr\/es\/\" target=\"_blank\" style=\"outline: none;\" rel=\"nofollow noopener\"><strong>el Palacio de Topkapi<\/strong><\/a>.<\/p>\n<p><span style=\"font-size: 16px !important;\">* <\/span><em><span style=\"font-size: 16px !important;\">Visite temprano para evitar las multitudes, especialmente en temporada alta. Las primeras horas de la ma\u00f1ana tambi\u00e9n ofrecen una luz m\u00e1s suave para tomar fotos y un ambiente m\u00e1s tranquilo.<\/span><\/em>  <\/p>\n<h2 data-alt-text=\"Distance\" id=\"t-1755264462169\" style=\"text-align: left;\">Entradas combinadas para Mezquita Azul y Santa Sof\u00eda<\/h2>\n<h2 id=\"t-1755257626853\" style=\"text-align: left;\" data-hide=\"true\"><strong>Boleto combinado m\u00e1s popular<\/strong><\/h2>\n<p>  <a href=\"https:\/\/megapass.com\/tours-tickets\/blue-mosque-hagia-sophia-and-basilica-cistern-tour-i2375?discountCode=ma-places\" target=\"_blank\" rel=\" nofollow noopener\" style=\"\"><\/a><\/p>\n<h2 data-qa-marker=\"product-name\" style=\"\" id=\"t-1755264462170\"><a href=\"https:\/\/www.headout.com\/r\/most-amazing-placesrecommends-eIPYn\/\" target=\"_blank\" style=\"outline: currentcolor;\" rel=\"nofollow noopener\"><\/a><a data-lt-tmp-id=\"lt-225321\" href=\"https:\/\/www.headout.com\/r\/most-amazing-placesrecommends-7Svlr\/\" rel=\"nofollow noopener\" spellcheck=\"false\" target=\"_blank\" style=\"outline: currentcolor;\"><\/a><a data-lt-tmp-id=\"lt-398957\" href=\"https:\/\/megapass.com\/turkey\/istanbul\/topkapi-palace-museum-tickets?discountCode=ma-places\" rel=\"nofollow noopener\" spellcheck=\"false\" target=\"_blank\" style=\"outline: currentcolor;\"><\/a><a data-lt-tmp-id=\"lt-707014\" href=\"https:\/\/www.getyourguide.com\/istanbul-l56\/istanbul-topkapi-palace-harem-tour-including-entry-ticket-t127010\/?partner_id=NO9XIDE&amp;utm_medium=online_publisher&amp;cmp=TopkapiGenTrHomepage\" rel=\"nofollow noopener\" spellcheck=\"false\" target=\"_blank\" style=\"outline: currentcolor;\"><\/a><a data-lt-tmp-id=\"lt-817120\" href=\"https:\/\/www.headout.com\/r\/most-amazing-placesrecommends-AdpGc\/\" rel=\"nofollow noopener\" spellcheck=\"false\" target=\"_blank\" style=\"outline: none;\">Visita guiada a la Mezquita Azul y Santa Sof\u00eda con entradas<\/a><\/h2>\n<p style=\"\"><a href=\"https:\/\/www.headout.com\/r\/most-amazing-placesrecommends-AdpGc\/\" target=\"_blank\" rel=\"nofollow noopener\" style=\"outline: none;\" spellcheck=\"false\">4.3 \/ 5 (1,2K+ rese\u00f1as)<\/a><\/p>\n<p data-pm-slice=\"0 0 []\">Descubra las maravillas espirituales y arquitect\u00f3nicas de Estambul con una visita guiada a la Mezquita Azul y Santa Sof\u00eda. Disfrute de acceso sin colas, comentarios perspicaces de un gu\u00eda oficial y una inmersi\u00f3n profunda en la rica historia de estos dos monumentos mundialmente famosos. <a href=\"https:\/\/www.headout.com\/r\/most-amazing-placesrecommends-AdpGc\/\" rel=\"nofollow noopener\" target=\"_blank\" style=\"outline: none;\" data-lt-tmp-id=\"lt-782350\" spellcheck=\"false\"><strong>+ m\u00e1s informaci\u00f3n<\/strong><\/a><\/p>\n<p style=\"\"><a href=\"https:\/\/www.headout.com\/r\/most-amazing-placesrecommends-eIPYn\/\" target=\"_blank\" rel=\"nofollow noopener\" style=\"outline: currentcolor;\"><\/a><a data-lt-tmp-id=\"lt-949290\" href=\"https:\/\/www.headout.com\/r\/most-amazing-placesrecommends-7Svlr\/\" rel=\"nofollow noopener\" spellcheck=\"false\" target=\"_blank\" style=\"outline: currentcolor;\"><\/a><a data-lt-tmp-id=\"lt-821383\" href=\"https:\/\/megapass.com\/turkey\/istanbul\/topkapi-palace-museum-tickets?discountCode=ma-places\" rel=\"nofollow noopener\" spellcheck=\"false\" target=\"_blank\" style=\"outline: currentcolor;\"><\/a><a data-lt-tmp-id=\"lt-541635\" href=\"https:\/\/www.getyourguide.com\/istanbul-l56\/istanbul-topkapi-palace-harem-tour-including-entry-ticket-t127010\/?partner_id=NO9XIDE&amp;utm_medium=online_publisher&amp;cmp=TopkapiGenTrHomepage\" rel=\"nofollow noopener\" spellcheck=\"false\" target=\"_blank\" style=\"outline: currentcolor;\"><\/a><a data-lt-tmp-id=\"lt-783027\" href=\"https:\/\/www.headout.com\/r\/most-amazing-placesrecommends-AdpGc\/\" rel=\"nofollow noopener\" spellcheck=\"false\" target=\"_blank\" style=\"outline: none;\">53 \u20ac<\/a><\/p>\n<p>  <span style=\"\"><img decoding=\"async\" alt=\"N\u00famero de visitantes de Santa Sof\u00eda\" data-id=\"459\" width=\"1080\" data-init-width=\"2048\" height=\"720\" data-init-height=\"1366\" title=\"N\u00famero de visitantes de Santa Sof\u00eda\" src=\"https:\/\/www.hagiasophia.gen.tr\/wp-content\/uploads\/2023\/09\/Hagia-Sophia-Visitor-Numbers-scaled.jpg\" data-width=\"1080\" data-height=\"720\" style=\"aspect-ratio: auto 2048 \/ 1366;\" mt-d=\"0\" ml-d=\"0\" center-v-d=\"false\" mt-t=\"0\" ml-t=\"0\" loading=\"lazy\"><\/span><\/p>\n<h2 data-alt-text=\"What is Inside of Hagia Sophia History Museum?\" id=\"t-1755264462171\" data-hide=\"true\">Mezquita Azul y Santa Sof\u00eda: \u00bfcu\u00e1l deber\u00edas visitar primero?<\/h2>\n<p dir=\"ltr\">Dado que ambos lugares emblem\u00e1ticos se <strong>encuentran a solo unos minutos de distancia en Sultanahmet<\/strong>, puedes visitarlos f\u00e1cilmente en un solo viaje. Sin embargo, si solo tienes tiempo para uno de ellos,&nbsp;<strong>te recomendamos visitar Santa Sof\u00eda<\/strong>.<\/p>\n<p dir=\"ltr\">Si planea visitar ambas, generalmente se recomienda <strong>empezar por la Mezquita Azul<\/strong>, ya que suele estar cerrada a los turistas durante las horas de oraci\u00f3n. Visitarla temprano por la ma\u00f1ana le brinda la mejor oportunidad de verla sin interrupciones y antes de que lleguen los grandes grupos de turistas.<\/p>\n<p dir=\"ltr\"><a href=\"https:\/\/bluemosque.gen.tr\/es\/mezquita-azul-entrada\/\" target=\"_blank\" style=\"outline: none;\" rel=\"nofollow noopener\"><strong>&gt;&gt; Explora las entradas y visitas a la Mezquita Azul aqu\u00ed.<\/strong><\/a><\/p>\n<p dir=\"ltr\">Despu\u00e9s, puedes dirigirte a Santa Sof\u00eda, donde podr\u00e1s pasar m\u00e1s tiempo explorando los detalles arquitect\u00f3nicos, las capas hist\u00f3ricas y los miradores. Dado que <strong>ahora se requiere entrada<\/strong>, puede haber colas, as\u00ed que&nbsp;<strong>reservar con antelaci\u00f3n o unirte a una visita guiada puede ahorrarte tiempo<\/strong>.<\/p>\n<p dir=\"ltr\"><a href=\"https:\/\/www.hagiasophia.gen.tr\/es\/entradas-y-visitas-guiadas\/\" style=\"outline: none;\"><strong>&gt;&gt; Haga clic aqu\u00ed para reservar sus entradas para Santa Sof\u00eda con antelaci\u00f3n.<\/strong><\/a><strong>&nbsp;<\/strong><\/p>\n<h2 dir=\"ltr\" style=\"\" id=\"t-1755269420156\">Preguntas frecuentes sobre la Mezquita Azul y Santa Sof\u00eda<\/h2>\n<h2 data-alt-text=\"What is Inside of Hagia Sophia History Museum?\" id=\"t-1755268630063\" data-hide=\"true\">Reflexiones finales: Visita ambas ciudades para comprender Estambul<\/h2>\n<p dir=\"ltr\">Elegir entre <strong>Santa Sof\u00eda y la Mezquita Azul<\/strong> es innecesario: la mejor manera de experimentar el rico pasado de Estambul es visitar ambas. Juntas, representan la rica historia cultural, arquitect\u00f3nica y religiosa de la ciudad. Una narra la historia del <strong>auge y la ca\u00edda de imperios<\/strong>, mientras que la otra contin\u00faa una&nbsp;<strong>tradici\u00f3n centenaria de culto<\/strong> y elegancia.<\/p>\n<p dir=\"ltr\">Ya sea que vayas de forma independiente o <strong>te unas a una visita guiada<\/strong>, estos dos lugares emblem\u00e1ticos probablemente ser\u00e1n la parte m\u00e1s memorable de tu visita a Estambul.<\/p>\n<p dir=\"ltr\"><strong> <\/strong><\/p>\n","protected":false},"excerpt":{"rendered":"<p>Mezquita Azul y Santa Sof\u00eda: Diferencias, informaci\u00f3n y entradas combinadas Si est\u00e1s planeando un viaje a Estambul, dos de los monumentos m\u00e1s emblem\u00e1ticos de los que oir\u00e1s hablar son la&nbsp;Mezquita Azul y Santa Sof\u00eda. Con sus imponentes c\u00fapulas, minaretes y rica historia, es f\u00e1cil entender por qu\u00e9 los viajeros suelen confundirlos. \u00bfSon lo mismo? \u00bfCu\u00e1l [&hellip;]<\/p>\n","protected":false},"author":9,"featured_media":5470,"parent":0,"menu_order":0,"comment_status":"closed","ping_status":"closed","template":"","meta":{"footnotes":""},"class_list":["post-5547","page","type-page","status-publish","has-post-thumbnail","hentry","post-wrapper","thrv_wrapper"],"wp-worthy-pixel":{"ignored":false,"public":null,"server":null,"url":null},"wp-worthy-type":"normal","_links":{"self":[{"href":"https:\/\/www.hagiasophia.gen.tr\/es\/wp-json\/wp\/v2\/pages\/5547","targetHints":{"allow":["GET"]}}],"collection":[{"href":"https:\/\/www.hagiasophia.gen.tr\/es\/wp-json\/wp\/v2\/pages"}],"about":[{"href":"https:\/\/www.hagiasophia.gen.tr\/es\/wp-json\/wp\/v2\/types\/page"}],"author":[{"embeddable":true,"href":"https:\/\/www.hagiasophia.gen.tr\/es\/wp-json\/wp\/v2\/users\/9"}],"replies":[{"embeddable":true,"href":"https:\/\/www.hagiasophia.gen.tr\/es\/wp-json\/wp\/v2\/comments?post=5547"}],"version-history":[{"count":10,"href":"https:\/\/www.hagiasophia.gen.tr\/es\/wp-json\/wp\/v2\/pages\/5547\/revisions"}],"predecessor-version":[{"id":5611,"href":"https:\/\/www.hagiasophia.gen.tr\/es\/wp-json\/wp\/v2\/pages\/5547\/revisions\/5611"}],"wp:featuredmedia":[{"embeddable":true,"href":"https:\/\/www.hagiasophia.gen.tr\/es\/wp-json\/wp\/v2\/media\/5470"}],"wp:attachment":[{"href":"https:\/\/www.hagiasophia.gen.tr\/es\/wp-json\/wp\/v2\/media?parent=5547"}],"curies":[{"name":"wp","href":"https:\/\/api.w.org\/{rel}","templated":true}]}}