{"id":3961,"date":"2024-11-05T11:33:52","date_gmt":"2024-11-05T11:33:52","guid":{"rendered":"https:\/\/www.hagiasophia.gen.tr\/affiliate-disclosure\/"},"modified":"2025-07-17T14:43:30","modified_gmt":"2025-07-17T14:43:30","slug":"affiliation","status":"publish","type":"page","link":"https:\/\/www.hagiasophia.gen.tr\/fr\/affiliation\/","title":{"rendered":"Affiliation"},"content":{"rendered":"<h1><span data-attr-id=\"the_title\" data-extra_key=\"the_title\" data-option-inline=\"1\" data-shortcode=\"thrv_dynamic_data_content\" data-shortcode-name=\"Post title\">Affiliation<\/span><\/h1>\n<p><span><img width=\"1200\" height=\"768\" src=\"https:\/\/www.hagiasophia.gen.tr\/wp-content\/uploads\/2024\/10\/12.webp\" alt=\"Divulgation des affili\u00e9s\" title=\"Divulgation des affili\u00e9s\" data-id=\"3962\" data-d-f=\"featured\" loading=\"lazy\" decoding=\"async\" \/><\/span><\/p>\n<p dir=\"ltr\">Sur HagiaSophia.gen.tr, notre objectif est de fournir un contenu de voyage de haute qualit\u00e9 qui vous aide \u00e0 planifier et \u00e0 appr\u00e9cier vos voyages. Pour soutenir nos efforts de maintenance et de d\u00e9veloppement de ce site web, nous utilisons des liens d&rsquo;affiliation tout au long de notre contenu. Cela signifie que si vous d\u00e9cidez d&rsquo;effectuer un achat en passant par l&rsquo;un des liens de notre site, nous pourrons percevoir une petite commission. Cela ne vous co\u00fbte rien de plus et nous aide \u00e0 maintenir le contenu gratuit et \u00e0 jour.<\/p>\n<h2 dir=\"ltr\">Pourquoi nous utilisons des liens d&rsquo;affiliation<\/h2>\n<p dir=\"ltr\">La gestion d&rsquo;un site web demande du temps et des ressources, et les partenariats d&rsquo;affiliation nous permettent de financer le travail que nous faisons. Il est important de noter que nous ne recommandons que des produits, des circuits et des services dont nous pensons sinc\u00e8rement qu&rsquo;ils apporteront une valeur ajout\u00e9e \u00e0 votre exp\u00e9rience de voyage. Nous s\u00e9lectionnons et examinons soigneusement nos partenaires affili\u00e9s afin de nous assurer qu&rsquo;ils correspondent aux normes et aux int\u00e9r\u00eats de nos lecteurs.<\/p>\n<h2 dir=\"ltr\">Partenaires affiliation<\/h2>\n<p dir=\"ltr\">Voici quelques-uns de nos partenaires affili\u00e9s de confiance :<\/p>\n<ul>\n<li dir=\"ltr\">GetYourGuide<\/li>\n<li dir=\"ltr\">Tiqets<\/li>\n<li dir=\"ltr\">Headout<\/li>\n<li dir=\"ltr\">Viator<\/li>\n<li dir=\"ltr\">Platinumlist<\/li>\n<li dir=\"ltr\">Civitatis<\/li>\n<li dir=\"ltr\">Holafly<\/li>\n<li dir=\"ltr\">Booking.com<\/li>\n<li dir=\"ltr\">Megapass<\/li>\n<li dir=\"ltr\">Musement<\/li>\n<\/ul>\n<p dir=\"ltr\">Veuillez noter que nous pouvons mettre \u00e0 jour cette liste au fur et \u00e0 mesure que nous nous associons \u00e0 de nouvelles entreprises en qui nous avons confiance et que nous recommandons.<\/p>\n<h2 dir=\"ltr\">Engagement d&rsquo;honn\u00eatet\u00e9<\/h2>\n<p dir=\"ltr\">Nous voulons que vous ayez confiance dans les recommandations que nous faisons. Bien que la perception d&rsquo;une commission contribue \u00e0 soutenir notre travail, elle n&rsquo;influence jamais le contenu, les sujets ou les produits que nous recommandons. Notre objectif principal est de fournir des informations utiles, honn\u00eates et pr\u00e9cises pour vos voyages. Tout produit ou service que nous recommandons est quelque chose que nous utiliserions personnellement ou que nous recommanderions \u00e0 nos amis et \u00e0 notre famille.<\/p>\n<h2 dir=\"ltr\">Votre soutien est important<\/h2>\n<p dir=\"ltr\">En utilisant nos liens d&rsquo;affiliation, vous soutenez le contenu et les ressources que nous proposons ici sur HagiaSophia.gen.tr, et nous vous sommes extr\u00eamement reconnaissants de votre confiance et de votre soutien. Cela nous permet de continuer \u00e0 vous fournir des conseils, des guides et des recommandations qui, nous l&rsquo;esp\u00e9rons, enrichiront vos aventures de voyage.<\/p>\n<p dir=\"ltr\">Si vous avez des questions ou des inqui\u00e9tudes concernant nos partenariats d&rsquo;affiliation ou notre contenu, n&rsquo;h\u00e9sitez pas \u00e0 nous contacter.<\/p>\n<p><span><span>                    <\/span><\/span><span>Search<\/span><\/p>\n<p><strong>Liens utiles<\/strong><\/p>\n<p style=\"\"><a href=\"https:\/\/www.hagiasophia.gen.tr\/about\/\" style=\"outline: none;\">\u00c0 propos de Hagia Sophia<\/a><\/p>\n<p style=\"\"><a href=\"https:\/\/www.hagiasophia.gen.tr\/fr\/histoire\/\" style=\"outline: none;\">histoire<\/a><\/p>\n<p style=\"\"><a href=\"https:\/\/www.hagiasophia.gen.tr\/fr\/interieur\/\" style=\"outline: none;\">\u00c0 l&rsquo;int\u00e9rieur<\/a><\/p>\n<p style=\"\"><a href=\"https:\/\/www.hagiasophia.gen.tr\/fr\/horaires\/\" style=\"outline: none;\">Informations sur les visiteurs<\/a><\/p>\n<p style=\"\"><a href=\"https:\/\/www.hagiasophia.gen.tr\/getting-there-2\/\" style=\"outline: none;\">S&rsquo;y mettre<\/a><\/p>\n<p style=\"\"><a href=\"https:\/\/www.hagiasophia.gen.tr\/fr\/billets-et-visites-guidees-de-sainte-sophie\/\" style=\"outline: none;\">Visites guid\u00e9es<\/a><\/p>\n<p style=\"\"><a href=\"https:\/\/www.hagiasophia.gen.tr\/fr\/questions\/\" style=\"outline: none;\">faq<\/a><\/p>\n<p><a href=\"https:\/\/www.hagiasophia.gen.tr\/fr\/horaires\/\" dynamic-postlink=\"tcb_post_the_permalink\" data-shortcode-id=\"172\"><\/a><\/p>\n<p style=\"padding-bottom: 0px !important; margin-bottom: 0px !important;\"><strong>en savoir plus<\/strong><\/p>\n<h2 style=\"\"><span data-attr-css=\"\" data-attr-link=\"1\" data-attr-rel=\"0\" data-attr-static-link=\"{&quot;className&quot;:&quot;&quot;,&quot;href&quot;:&quot;https:\/\/www.hagiasophia.gen.tr\/fr\/horaires\/&quot;,&quot;title&quot;:&quot;Horaires d'ouverture de Sainte Sophie \u00e0 Istanbul&quot;,&quot;class&quot;:&quot;&quot;}\" data-attr-target=\"0\" data-extra_key=\"\" data-option-inline=\"1\" data-shortcode=\"tcb_post_title\" data-shortcode-name=\"Post title\" style=\"\"><a href=\"https:\/\/www.hagiasophia.gen.tr\/fr\/horaires\/\" title=\"Horaires d&#8217;ouverture de Sainte Sophie \u00e0 Istanbul\" data-css=\"\">Horaires d&#8217;ouverture de Sainte Sophie \u00e0 Istanbul<\/a><\/span><\/h2>\n<p><a href=\"https:\/\/www.hagiasophia.gen.tr\/fr\/interieur\/\" dynamic-postlink=\"tcb_post_the_permalink\" data-shortcode-id=\"172\"><\/a><\/p>\n<p style=\"padding-bottom: 0px !important; margin-bottom: 0px !important;\"><strong>en savoir plus<\/strong><\/p>\n<h2 style=\"\"><span data-attr-css=\"\" data-attr-link=\"1\" data-attr-rel=\"0\" data-attr-static-link=\"{&quot;className&quot;:&quot;&quot;,&quot;href&quot;:&quot;https:\/\/www.hagiasophia.gen.tr\/fr\/horaires\/&quot;,&quot;title&quot;:&quot;Horaires d'ouverture de Sainte Sophie \u00e0 Istanbul&quot;,&quot;class&quot;:&quot;&quot;}\" data-attr-target=\"0\" data-extra_key=\"\" data-option-inline=\"1\" data-shortcode=\"tcb_post_title\" data-shortcode-name=\"Post title\" style=\"\"><a href=\"https:\/\/www.hagiasophia.gen.tr\/fr\/interieur\/\" title=\"Int\u00e9rieur de Sainte Sophie \u00e0 Istanbul\" data-css=\"\">Int\u00e9rieur de Sainte Sophie \u00e0 Istanbul<\/a><\/span><\/h2>\n","protected":false},"excerpt":{"rendered":"<p>Affiliation Sur HagiaSophia.gen.tr, notre objectif est de fournir un contenu de voyage de haute qualit\u00e9 qui vous aide \u00e0 planifier et \u00e0 appr\u00e9cier vos voyages. Pour soutenir nos efforts de maintenance et de d\u00e9veloppement de ce site web, nous utilisons des liens d&rsquo;affiliation tout au long de notre contenu. Cela signifie que si vous d\u00e9cidez [&hellip;]<\/p>\n","protected":false},"author":8,"featured_media":3962,"parent":0,"menu_order":0,"comment_status":"closed","ping_status":"closed","template":"","meta":{"footnotes":""},"class_list":["post-3961","page","type-page","status-publish","has-post-thumbnail","hentry","post-wrapper","thrv_wrapper"],"wp-worthy-pixel":{"ignored":false,"public":null,"server":null,"url":null},"wp-worthy-type":"normal","_links":{"self":[{"href":"https:\/\/www.hagiasophia.gen.tr\/fr\/wp-json\/wp\/v2\/pages\/3961","targetHints":{"allow":["GET"]}}],"collection":[{"href":"https:\/\/www.hagiasophia.gen.tr\/fr\/wp-json\/wp\/v2\/pages"}],"about":[{"href":"https:\/\/www.hagiasophia.gen.tr\/fr\/wp-json\/wp\/v2\/types\/page"}],"author":[{"embeddable":true,"href":"https:\/\/www.hagiasophia.gen.tr\/fr\/wp-json\/wp\/v2\/users\/8"}],"replies":[{"embeddable":true,"href":"https:\/\/www.hagiasophia.gen.tr\/fr\/wp-json\/wp\/v2\/comments?post=3961"}],"version-history":[{"count":5,"href":"https:\/\/www.hagiasophia.gen.tr\/fr\/wp-json\/wp\/v2\/pages\/3961\/revisions"}],"predecessor-version":[{"id":5040,"href":"https:\/\/www.hagiasophia.gen.tr\/fr\/wp-json\/wp\/v2\/pages\/3961\/revisions\/5040"}],"wp:featuredmedia":[{"embeddable":true,"href":"https:\/\/www.hagiasophia.gen.tr\/fr\/wp-json\/wp\/v2\/media\/3962"}],"wp:attachment":[{"href":"https:\/\/www.hagiasophia.gen.tr\/fr\/wp-json\/wp\/v2\/media?parent=3961"}],"curies":[{"name":"wp","href":"https:\/\/api.w.org\/{rel}","templated":true}]}}