{"id":3974,"date":"2024-06-05T12:07:02","date_gmt":"2024-06-05T12:07:02","guid":{"rendered":"https:\/\/www.hagiasophia.gen.tr\/contact\/"},"modified":"2025-07-17T14:29:26","modified_gmt":"2025-07-17T14:29:26","slug":"contact","status":"publish","type":"page","link":"https:\/\/www.hagiasophia.gen.tr\/fr\/contact\/","title":{"rendered":"Contact"},"content":{"rendered":"<h3 style=\"text-align: center;\">Contactez-nous<\/h3>\n<p style=\"\">N&rsquo;h\u00e9sitez pas \u00e0 nous contacter pour toute <strong>question <\/strong><span style=\"font-weight: normal;\">ou <\/span><strong>demande de renseignements <\/strong>que vous pourriez avoir concernant <strong>les billets, les visites <\/strong>et <strong>l&rsquo;organisation du groupe.<\/strong> Il suffit de remplir le formulaire ci-dessous.<\/p>\n<p style=\"\">Notre \u00e9quipe professionnelle d&rsquo;experts locaux et internationaux r\u00e9pondra \u00e0 votre demande <strong>d\u00e8s que possible<\/strong>.<\/p>\n","protected":false},"excerpt":{"rendered":"<p>Contactez-nous N&rsquo;h\u00e9sitez pas \u00e0 nous contacter pour toute question ou demande de renseignements que vous pourriez avoir concernant les billets, les visites et l&rsquo;organisation du groupe. Il suffit de remplir le formulaire ci-dessous. Notre \u00e9quipe professionnelle d&rsquo;experts locaux et internationaux r\u00e9pondra \u00e0 votre demande d\u00e8s que possible.<\/p>\n","protected":false},"author":3,"featured_media":0,"parent":0,"menu_order":0,"comment_status":"closed","ping_status":"closed","template":"","meta":{"footnotes":""},"class_list":["post-3974","page","type-page","status-publish","hentry","post-wrapper","thrv_wrapper"],"wp-worthy-pixel":{"ignored":false,"public":null,"server":null,"url":null},"wp-worthy-type":"normal","_links":{"self":[{"href":"https:\/\/www.hagiasophia.gen.tr\/fr\/wp-json\/wp\/v2\/pages\/3974","targetHints":{"allow":["GET"]}}],"collection":[{"href":"https:\/\/www.hagiasophia.gen.tr\/fr\/wp-json\/wp\/v2\/pages"}],"about":[{"href":"https:\/\/www.hagiasophia.gen.tr\/fr\/wp-json\/wp\/v2\/types\/page"}],"author":[{"embeddable":true,"href":"https:\/\/www.hagiasophia.gen.tr\/fr\/wp-json\/wp\/v2\/users\/3"}],"replies":[{"embeddable":true,"href":"https:\/\/www.hagiasophia.gen.tr\/fr\/wp-json\/wp\/v2\/comments?post=3974"}],"version-history":[{"count":5,"href":"https:\/\/www.hagiasophia.gen.tr\/fr\/wp-json\/wp\/v2\/pages\/3974\/revisions"}],"predecessor-version":[{"id":5033,"href":"https:\/\/www.hagiasophia.gen.tr\/fr\/wp-json\/wp\/v2\/pages\/3974\/revisions\/5033"}],"wp:attachment":[{"href":"https:\/\/www.hagiasophia.gen.tr\/fr\/wp-json\/wp\/v2\/media?parent=3974"}],"curies":[{"name":"wp","href":"https:\/\/api.w.org\/{rel}","templated":true}]}}