{"id":5541,"date":"2025-08-15T15:07:09","date_gmt":"2025-08-15T15:07:09","guid":{"rendered":"https:\/\/www.hagiasophia.gen.tr\/hagia-sophia-and-blue-mosque\/"},"modified":"2025-08-28T11:23:59","modified_gmt":"2025-08-28T11:23:59","slug":"sainte-sophie-et-mosquee-bleue","status":"publish","type":"page","link":"https:\/\/www.hagiasophia.gen.tr\/fr\/sainte-sophie-et-mosquee-bleue\/","title":{"rendered":"Sainte-Sophie et Mosqu\u00e9e Bleue: Diff\u00e9rences, informations utiles et billets combin\u00e9s"},"content":{"rendered":"<h1>Sainte-Sophie et Mosqu\u00e9e Bleue&nbsp;: diff\u00e9rences, informations et billets combin\u00e9s<\/h1>\n<p dir=\"ltr\">Si vous pr\u00e9voyez un voyage \u00e0 Istanbul, deux des monuments les plus embl\u00e9matiques dont vous entendrez parler sont <strong>Sainte-Sophie et la Mosqu\u00e9e bleue<\/strong>.<\/p>\n<p dir=\"ltr\">Avec leurs d\u00f4mes majestueux, leurs minarets et leur riche histoire, on comprend facilement pourquoi les voyageurs les confondent souvent. Sont-ils identiques&nbsp;? Lequel visiter en premier&nbsp;? Peut-on les voir tous les deux en une seule journ\u00e9e&nbsp;?<\/p>\n<p dir=\"ltr\">D\u00e9composons-le.<\/p>\n<p><span style=\"\"><img decoding=\"async\" alt=\"Diff\u00e9rences entre Sainte-Sophie et la Mosqu\u00e9e Bleue, choses \u00e0 savoir et billets combin\u00e9s\" data-id=\"5478\" width=\"1085\" data-init-width=\"1000\" height=\"723\" data-init-height=\"666\" title=\"Diff\u00e9rences entre Sainte-Sophie et la Mosqu\u00e9e Bleue, choses \u00e0 savoir et billets combin\u00e9s\" src=\"https:\/\/www.hagiasophia.gen.tr\/wp-content\/uploads\/2025\/08\/Hagia-Sophia-and-Blue-Mosque-Differences-Things-to-Know-Combo-Tickets3.jpg\" data-width=\"1085\" data-height=\"723\" style=\"aspect-ratio: auto 1000 \/ 666;\" mt-d=\"-17.40599999999995\" ml-d=\"0\" mt-t=\"0\" ml-t=\"0\" loading=\"lazy\"><\/span><\/p>\n<h2 dir=\"ltr\" style=\"\" id=\"t-1755264462168\">Sainte-Sophie et Mosqu\u00e9e Bleue sont-elles la m\u00eame chose ?<\/h2>\n<p>Non, ce ne sont pas les m\u00eames, m\u00eame si elles partagent de nombreux points communs. Situ\u00e9es \u00e0 quelques centaines de m\u00e8tres l&rsquo;une de l&rsquo;autre dans le quartier de Sultanahmet \u00e0 Istanbul, <strong>Sainte-Sophie et la Mosqu\u00e9e Bleue<\/strong> sont devenues des symboles de la ville. Mais ce sont <strong><span style=\"text-decoration: underline;\">deux b\u00e2timents distincts, aux histoires bien distinctes<\/span><\/strong>.<strong> <span style=\"text-decoration: underline;\"><\/span><\/strong><\/p>\n<ul>\n<li dir=\"ltr\"><strong>Sainte-Sophie<\/strong> a \u00e9t\u00e9 construite \u00e0 l&rsquo;origine en 537 apr\u00e8s JC comme cath\u00e9drale byzantine, puis transform\u00e9e en mosqu\u00e9e, puis en mus\u00e9e, et r\u00e9cemment reconvertie en mosqu\u00e9e en 2020.<\/li>\n<li dir=\"ltr\"><strong>La Mosqu\u00e9e Bleue<\/strong> (officiellement Mosqu\u00e9e Sultan Ahmed) a \u00e9t\u00e9 construite au d\u00e9but des ann\u00e9es 1600 comme mosqu\u00e9e imp\u00e9riale ottomane et fonctionne toujours comme telle aujourd&rsquo;hui.<\/li>\n<\/ul>\n<p dir=\"ltr\">Bien que les deux mosqu\u00e9es soient aujourd&rsquo;hui actives, elles ont \u00e9t\u00e9 construites \u00e0 pr\u00e8s de mille ans d&rsquo;intervalle et <strong>retirant des \u00e9poques diff\u00e9rentes du pass\u00e9 d&rsquo;Istanbul<\/strong>.<\/p>\n<p dir=\"ltr\"><a href=\"https:\/\/www.hagiasophia.gen.tr\/fr\/histoire\/\" style=\"outline: none;\">&gt;&gt; Visitez ici pour en savoir plus sur l&rsquo;histoire de Sainte-Sophie<\/a><\/p>\n<h2 data-alt-text=\"Diff\u00e9rence entre Sainte-Sophie et la Mosqu\u00e9e Bleue\" id=\"t-1692692162145\">Diff\u00e9rence entre Sainte-Sophie et Mosqu\u00e9e Bleue<\/h2>\n<p dir=\"ltr\">Bien que les deux monuments soient impressionnants, leurs diff\u00e9rences sont faciles \u00e0 rep\u00e9rer une fois \u00e0 l&rsquo;int\u00e9rieur.<\/p>\n<p dir=\"ltr\"><strong>Sainte-Sophie offre<\/strong> un voyage plus historique et architectural. Les visiteurs sont frapp\u00e9s par l&rsquo;ampleur de sa coupole, les vestiges de <strong>mosa\u00efques chr\u00e9tiennes<\/strong>, les piliers de marbre et&nbsp;<strong>la calligraphie arabe<\/strong>. Elle ressemble davantage \u00e0 un monument historique, impr\u00e9gn\u00e9 d&rsquo;histoires de diff\u00e9rentes \u00e9poques.<\/p>\n<p dir=\"ltr\"><strong>En revanche, la Mosqu\u00e9e Bleue<\/strong> offre un espace plus serein et unifi\u00e9. Sa sym\u00e9trie, ses d\u00f4mes en cascade et son <strong>int\u00e9rieur richement carrel\u00e9<\/strong> lui conf\u00e8rent un charme unique. Avec ses <strong>six minarets<\/strong> \u2013 une caract\u00e9ristique inhabituelle \u00e0 l&rsquo;\u00e9poque de sa construction \u2013, la mosqu\u00e9e \u00e9tait destin\u00e9e \u00e0 affirmer le prestige de l&rsquo; <strong>Empire ottoman<\/strong>.<\/p>\n<p dir=\"ltr\">Les visiteurs visitent souvent <strong>Sainte-Sophie comme \u00ab monumentale \u00bb<\/strong> et la <strong>Mosqu\u00e9e Bleue comme \u00ab gracieuse \u00bb.<\/strong> Toutes deux sont magnifiques, mais de mani\u00e8res tr\u00e8s diff\u00e9rentes.<\/p>\n<p><a href=\"https:\/\/www.hagiasophia.gen.tr\/fr\/interieur\/\" style=\"outline: none;\">&gt;&gt; En savoir plus sur les d\u00e9tails int\u00e9rieurs de Sainte-Sophie<\/a><\/p>\n<h3 id=\"t-1693898980411\" style=\"text-align: left;\">Ann\u00e9e de construction<\/h3>\n<p><strong data-end=\"408\" data-start=\"392\">Sainte-Sophie<\/strong> : 537 apr\u00e8s J.-C.<\/p>\n<p><strong data-end=\"436\" data-start=\"421\">Mosqu\u00e9e bleue<\/strong> : 1609\u20131616 apr\u00e8s J.-C.<\/p>\n<h3 data-alt-text=\"How Much Are the ticket prices for the Hagia Sophia Museum?\" id=\"t-1693919800064\" style=\"text-align: left;\">Architecture<\/h3>\n<p><strong data-end=\"380\" data-start=\"364\">Sainte-Sophie<\/strong> : conception byzantine, adapt\u00e9e plus tard par les Ottomans<\/p>\n<p><strong data-end=\"449\" data-start=\"434\">Mosqu\u00e9e Bleue<\/strong> : style ottoman classique avec des carreaux bleus d&rsquo;Iznik<\/p>\n<h3 id=\"t-1693919800065\" style=\"text-align: left;\">Objectif initial<\/h3>\n<p>&nbsp;<strong data-end=\"669\" data-start=\"653\">Sainte-Sophie<\/strong> : Construite comme une cath\u00e9drale chr\u00e9tienne<\/p>\n<p 758\"=\"\" data-start=\"704\" \"=\"\"><strong data-end=\"721\" data-start=\"706\">Mosqu\u00e9e bleue<\/strong> : construite comme une mosqu\u00e9e imp\u00e9riale ottomane<\/p>\n<h3 id=\"t-1693919800066\" style=\"text-align: left;\">R\u00e8gles d&rsquo;entr\u00e9e<\/h3>\n<p>&nbsp;<strong data-end=\"813\" data-start=\"797\">Sainte-Sophie<\/strong> : billet obligatoire pour les touristes<\/p>\n<p 923\"=\"\" data-start=\"863\" \"=\"\"><strong data-end=\"880\" data-start=\"865\">Mosqu\u00e9e Bleue<\/strong> : Entr\u00e9e gratuite<\/p>\n<p><span style=\"\"><img decoding=\"async\" alt=\"Diff\u00e9rences entre Sainte-Sophie et la Mosqu\u00e9e Bleue, choses \u00e0 savoir et billets combin\u00e9s\" data-id=\"5472\" width=\"1085\" data-init-width=\"1000\" height=\"724\" data-init-height=\"667\" title=\"Diff\u00e9rences entre Sainte-Sophie et la Mosqu\u00e9e Bleue, choses \u00e0 savoir et billets combin\u00e9s\" src=\"https:\/\/www.hagiasophia.gen.tr\/wp-content\/uploads\/2025\/08\/Hagia-Sophia-and-Blue-Mosque-Differences-Things-to-Know-Combo-Tickets2.jpg\" data-width=\"1085\" data-height=\"724\" style=\"aspect-ratio: auto 1000 \/ 667;\" mt-d=\"-17.40599999999995\" ml-d=\"0\" mt-t=\"0\" ml-t=\"0\" loading=\"lazy\"><\/span><\/p>\n<h2 data-alt-text=\"Distance entre Sainte-Sophie et la Mosqu\u00e9e Bleue\" id=\"t-1755257626845\">Distance entre Sainte-Sophie et Mosqu\u00e9e Bleue<\/h2>\n<p dir=\"ltr\">L&rsquo;un des avantages les plus pratiques de la visite de Sainte-Sophie et de la Mosqu\u00e9e Bleue r\u00e9side dans leur proximit\u00e9. Toutes deux sont situ\u00e9es dans le quartier historique de Sultanahmet \u00e0 Istanbul, s\u00e9par\u00e9es uniquement par une grande place pi\u00e9tonne, la place Sultanahmet.<\/p>\n<ul>\n<li dir=\"ltr\"><strong>Distance de marche :<\/strong> environ 250 m\u00e8tres (environ 3 \u00e0 4 minutes \u00e0 pied)<\/li>\n<li dir=\"ltr\"><strong>Itin\u00e9raire :<\/strong> Sortez simplement d&rsquo;un b\u00e2timent, traversez la place et vous retrouverez \u00e0 l&rsquo;entr\u00e9e de l&rsquo;autre.<\/li>\n<li dir=\"ltr\"><strong>Accessibilit\u00e9 :<\/strong> La zone est plate et pav\u00e9e, ce qui la rend accessible \u00e0 pied m\u00eame pour les familles, les personnes \u00e2g\u00e9es ou les personnes \u00e0 mobilit\u00e9 r\u00e9duite.<\/li>\n<\/ul>\n<p dir=\"ltr\">De ce fait, de nombreux visiteurs choisissent d&rsquo;explorer les deux sites <strong>l&rsquo;un apr\u00e8s l&rsquo;autre<\/strong> , souvent dans la m\u00eame matin\u00e9e ou le m\u00eame apr\u00e8s-midi. Leur proximit\u00e9 les rend dynamiques pour <strong>des visites \u00e0 pied<\/strong> incluant \u00e9galement des monuments proches comme la <a href=\"https:\/\/www.basilicacistern.gen.tr\/fr\/\" style=\"outline: none;\" rel=\"nofollow noopener\" target=\"_blank\"><strong>Citerne Basilique<\/strong><\/a> et <a href=\"https:\/\/topkapipalace.gen.tr\/fr\/\" target=\"_blank\" style=\"outline: none;\" rel=\"nofollow noopener\"><strong>le palais de Topkapi<\/strong><\/a>.<strong>&nbsp;<\/strong><a href=\"https:\/\/topkapipalace.gen.tr\/\" target=\"_blank\" style=\"outline: none;\" rel=\"nofollow noopener\"><strong><\/strong><\/a><\/p>\n<p><span style=\"font-size: 16px !important;\">* <\/span><em><span style=\"font-size: 16px !important;\">Visitez-le t\u00f4t le matin pour \u00e9viter la faute, surtout en haute saison. Le petit matin offre une lumi\u00e8re plus douce pour les photos et une atmosph\u00e8re plus calme.<\/span><\/em>  <\/p>\n<h2 data-alt-text=\"Billets combin\u00e9s\" id=\"t-1755264462169\" style=\"text-align: left;\">Billets combin\u00e9s pour Sainte-Sophie et Mosqu\u00e9e bleue<\/h2>\n<h2 id=\"t-1755257626853\" style=\"text-align: left;\" data-hide=\"true\"><strong>Billet combin\u00e9 le plus populaire<\/strong><\/h2>\n<p>  <a href=\"https:\/\/megapass.com\/tours-tickets\/blue-mosque-hagia-sophia-and-basilica-cistern-tour-i2375?discountCode=ma-places\" target=\"_blank\" rel=\" nofollow noopener\" style=\"\"><\/a><\/p>\n<h2 data-qa-marker=\"product-name\" style=\"\" id=\"t-1755264462170\"><a href=\"https:\/\/www.headout.com\/r\/most-amazing-placesrecommends-eIPYn\/\" target=\"_blank\" style=\"outline: currentcolor;\" rel=\"nofollow noopener\"><\/a><a data-lt-tmp-id=\"lt-225321\" href=\"https:\/\/www.headout.com\/r\/most-amazing-placesrecommends-7Svlr\/\" rel=\"nofollow noopener\" spellcheck=\"false\" target=\"_blank\" style=\"outline: currentcolor;\"><\/a><a data-lt-tmp-id=\"lt-398957\" href=\"https:\/\/megapass.com\/turkey\/istanbul\/topkapi-palace-museum-tickets?discountCode=ma-places\" rel=\"nofollow noopener\" spellcheck=\"false\" target=\"_blank\" style=\"outline: currentcolor;\"><\/a><a data-lt-tmp-id=\"lt-707014\" href=\"https:\/\/www.getyourguide.com\/istanbul-l56\/istanbul-topkapi-palace-harem-tour-including-entry-ticket-t127010\/?partner_id=NO9XIDE&amp;utm_medium=online_publisher&amp;cmp=TopkapiGenTrHomepage\" rel=\"nofollow noopener\" spellcheck=\"false\" target=\"_blank\" style=\"outline: currentcolor;\"><\/a><a data-lt-tmp-id=\"lt-817120\" href=\"https:\/\/www.headout.com\/r\/most-amazing-placesrecommends-AMtYK\/\" rel=\"nofollow noopener\" spellcheck=\"false\" target=\"_blank\" style=\"outline: none;\">Visite guid\u00e9e de la Mosqu\u00e9e Bleue et de Sainte-Sophie avec billets<\/a><\/h2>\n<p style=\"\"><a href=\"https:\/\/www.headout.com\/r\/most-amazing-placesrecommends-AMtYK\/\" target=\"_blank\" rel=\"nofollow noopener\" style=\"outline: none;\" spellcheck=\"false\">4,3 \/ 5 (1,2K+ avis)<\/a><\/p>\n<p data-pm-slice=\"0 0 []\">D\u00e9couvrez les merveilles spirituelles et architecturales d&rsquo;Istanbul lors d&rsquo;une visite guid\u00e9e de la Mosqu\u00e9e Bleue et de Sainte-Sophie. Profitez d&rsquo;un acc\u00e8s coupe-file, des commentaires instructifs d&rsquo;un guide agr\u00e9\u00e9 et d&rsquo;une plong\u00e9e dans la riche histoire de ces deux monuments mondialement connus. <a href=\"https:\/\/www.headout.com\/r\/most-amazing-placesrecommends-AMtYK\/\" rel=\"nofollow noopener\" target=\"_blank\" style=\"outline: none;\" data-lt-tmp-id=\"lt-782350\" spellcheck=\"false\"><strong>+ Plus de d\u00e9tails<\/strong><\/a><\/p>\n<p style=\"\"><a href=\"https:\/\/www.headout.com\/r\/most-amazing-placesrecommends-eIPYn\/\" target=\"_blank\" rel=\"nofollow noopener\" style=\"outline: currentcolor;\"><\/a><a data-lt-tmp-id=\"lt-949290\" href=\"https:\/\/www.headout.com\/r\/most-amazing-placesrecommends-7Svlr\/\" rel=\"nofollow noopener\" spellcheck=\"false\" target=\"_blank\" style=\"outline: currentcolor;\"><\/a><a data-lt-tmp-id=\"lt-821383\" href=\"https:\/\/megapass.com\/turkey\/istanbul\/topkapi-palace-museum-tickets?discountCode=ma-places\" rel=\"nofollow noopener\" spellcheck=\"false\" target=\"_blank\" style=\"outline: currentcolor;\"><\/a><a data-lt-tmp-id=\"lt-541635\" href=\"https:\/\/www.getyourguide.com\/istanbul-l56\/istanbul-topkapi-palace-harem-tour-including-entry-ticket-t127010\/?partner_id=NO9XIDE&amp;utm_medium=online_publisher&amp;cmp=TopkapiGenTrHomepage\" rel=\"nofollow noopener\" spellcheck=\"false\" target=\"_blank\" style=\"outline: currentcolor;\"><\/a><a data-lt-tmp-id=\"lt-783027\" href=\"https:\/\/www.headout.com\/r\/most-amazing-placesrecommends-AMtYK\/\" rel=\"nofollow noopener\" spellcheck=\"false\" target=\"_blank\" style=\"outline: none;\">53 \u20ac<\/a><\/p>\n<p>  <span style=\"\"><img decoding=\"async\" alt=\"Nombre de visiteurs de Sainte-Sophie\" data-id=\"459\" width=\"1080\" data-init-width=\"2048\" height=\"720\" data-init-height=\"1366\" title=\"Nombre de visiteurs de Sainte-Sophie\" src=\"https:\/\/www.hagiasophia.gen.tr\/wp-content\/uploads\/2023\/09\/Hagia-Sophia-Visitor-Numbers-scaled.jpg\" data-width=\"1080\" data-height=\"720\" style=\"aspect-ratio: auto 2048 \/ 1366;\" mt-d=\"0\" ml-d=\"0\" center-v-d=\"false\" mt-t=\"0\" ml-t=\"0\" loading=\"lazy\"><\/span><\/p>\n<h2 data-alt-text=\"What is Inside of Hagia Sophia History Museum?\" id=\"t-1755264462171\" data-hide=\"true\">Sainte-Sophie ou Mosqu\u00e9e Bleue : laquelle visiter en premier ?<\/h2>\n<p dir=\"ltr\">Les deux monuments \u00e9tant <strong>situ\u00e9s \u00e0 quelques minutes l&rsquo;un de l&rsquo;autre \u00e0 Sultanahmet<\/strong>, vous pouvez facilement les visiter en une seule visite. Cependant, si vous n&rsquo;avez le temps de visiter qu&rsquo;un seul d&rsquo;entre eux,&nbsp;<strong>nous vous recommandons Sainte-Sophie<\/strong> .<\/p>\n<p dir=\"ltr\">Si vous envisagez de visiter les deux, il est g\u00e9n\u00e9ralement recommand\u00e9 de <strong>commencer par la Mosqu\u00e9e Bleue<\/strong>, car elle est souvent ferm\u00e9e aux touristes pendant les heures de pri\u00e8re. Une visite t\u00f4t le matin vous permettra de la d\u00e9couvrir sans interruption et avant l&rsquo;arriv\u00e9e des grands groupes de touristes.<\/p>\n<p dir=\"ltr\"><a href=\"https:\/\/bluemosque.gen.tr\/fr\/mosquee-bleue-distanbul-prix-dentree-et-visites-guidees\/\" target=\"_blank\" style=\"outline: none;\" rel=\"nofollow noopener\"><strong>&gt;&gt; D\u00e9couvrez les billets et les visites de la Mosqu\u00e9e Bleue ici.<\/strong><\/a><\/p>\n<p dir=\"ltr\">Ensuite, vous pourrez vous rendre \u00e0 Sainte-Sophie, o\u00f9 vous pourrez explorer les d\u00e9tails architecturaux, les couches historiques et les espaces d&rsquo;observation. <strong>L&rsquo;entr\u00e9e \u00e9tant d\u00e9sormais soumise \u00e0 un billet<\/strong>, il peut y avoir des fichiers d&rsquo;attente.&nbsp;<strong>R\u00e9servez \u00e0 l&rsquo;avance ou participez \u00e0 une visite guid\u00e9e pour gagner du temps<\/strong> .<\/p>\n<p dir=\"ltr\"><a href=\"https:\/\/www.hagiasophia.gen.tr\/fr\/billets-et-visites-guidees-de-sainte-sophie\/\" style=\"outline: none;\"><strong>&gt;&gt; Cliquez ici pour r\u00e9server vos billets pour Sainte-Sophie \u00e0 l&rsquo;avance.<\/strong><\/a><strong>&nbsp;<\/strong><\/p>\n<h2 dir=\"ltr\" style=\"\" id=\"t-1755269420156\">FAQ sur Sainte-Sophie et la Mosqu\u00e9e Bleue<\/h2>\n<h2 data-alt-text=\"What is Inside of Hagia Sophia History Museum?\" id=\"t-1755268630063\" data-hide=\"true\">R\u00e9flexions finales&nbsp;: Visitez les deux pour comprendre Istanbul<\/h2>\n<p dir=\"ltr\">Choisir entre <strong>Sainte-Sophie et la Mosqu\u00e9e Bleue<\/strong> est inutile : la meilleure fa\u00e7on de d\u00e9couvrir le riche pass\u00e9 d&rsquo;Istanbul est de visiter les deux. Ensemble, elles illustrent l&rsquo;histoire culturelle, architecturale et religieuse complexe de la ville. L&rsquo;une raconte l&rsquo; <strong>ascension et la chute des empires<\/strong> , l&rsquo;autre perp\u00e9tue une <strong>tradition s\u00e9culaire de culte<\/strong> et d&rsquo;\u00e9l\u00e9gance.<\/p>\n<p dir=\"ltr\">Que vous y alliez seul ou que vous <strong>participiez \u00e0 une visite guid\u00e9e<\/strong>, ces deux monuments seront probablement la partie la plus m\u00e9morable de votre visite \u00e0 Istanbul.<\/p>\n<p dir=\"ltr\"><strong> <\/strong><\/p>\n","protected":false},"excerpt":{"rendered":"<p>Sainte-Sophie et Mosqu\u00e9e Bleue&nbsp;: diff\u00e9rences, informations et billets combin\u00e9s Si vous pr\u00e9voyez un voyage \u00e0 Istanbul, deux des monuments les plus embl\u00e9matiques dont vous entendrez parler sont Sainte-Sophie et la Mosqu\u00e9e bleue. Avec leurs d\u00f4mes majestueux, leurs minarets et leur riche histoire, on comprend facilement pourquoi les voyageurs les confondent souvent. Sont-ils identiques&nbsp;? Lequel visiter [&hellip;]<\/p>\n","protected":false},"author":9,"featured_media":5467,"parent":0,"menu_order":0,"comment_status":"closed","ping_status":"closed","template":"","meta":{"footnotes":""},"class_list":["post-5541","page","type-page","status-publish","has-post-thumbnail","hentry","post-wrapper","thrv_wrapper"],"wp-worthy-pixel":{"ignored":false,"public":null,"server":null,"url":null},"wp-worthy-type":"normal","_links":{"self":[{"href":"https:\/\/www.hagiasophia.gen.tr\/fr\/wp-json\/wp\/v2\/pages\/5541","targetHints":{"allow":["GET"]}}],"collection":[{"href":"https:\/\/www.hagiasophia.gen.tr\/fr\/wp-json\/wp\/v2\/pages"}],"about":[{"href":"https:\/\/www.hagiasophia.gen.tr\/fr\/wp-json\/wp\/v2\/types\/page"}],"author":[{"embeddable":true,"href":"https:\/\/www.hagiasophia.gen.tr\/fr\/wp-json\/wp\/v2\/users\/9"}],"replies":[{"embeddable":true,"href":"https:\/\/www.hagiasophia.gen.tr\/fr\/wp-json\/wp\/v2\/comments?post=5541"}],"version-history":[{"count":12,"href":"https:\/\/www.hagiasophia.gen.tr\/fr\/wp-json\/wp\/v2\/pages\/5541\/revisions"}],"predecessor-version":[{"id":5594,"href":"https:\/\/www.hagiasophia.gen.tr\/fr\/wp-json\/wp\/v2\/pages\/5541\/revisions\/5594"}],"wp:featuredmedia":[{"embeddable":true,"href":"https:\/\/www.hagiasophia.gen.tr\/fr\/wp-json\/wp\/v2\/media\/5467"}],"wp:attachment":[{"href":"https:\/\/www.hagiasophia.gen.tr\/fr\/wp-json\/wp\/v2\/media?parent=5541"}],"curies":[{"name":"wp","href":"https:\/\/api.w.org\/{rel}","templated":true}]}}