{"id":5544,"date":"2025-08-15T15:07:09","date_gmt":"2025-08-15T15:07:09","guid":{"rendered":"https:\/\/www.hagiasophia.gen.tr\/hagia-sophia-and-blue-mosque\/"},"modified":"2025-08-28T12:03:28","modified_gmt":"2025-08-28T12:03:28","slug":"santa-sofia-moschea-blu","status":"publish","type":"page","link":"https:\/\/www.hagiasophia.gen.tr\/it\/santa-sofia-moschea-blu\/","title":{"rendered":"Santa Sofia &#8211; Moschea Blu: Differenze, cose da sapere e biglietti combinati"},"content":{"rendered":"<h1>Santa Sofia &#8211; Moschea Blu: differenze, cose da sapere e biglietti combinati<\/h1>\n<p dir=\"ltr\">Se stai programmando un viaggio a Istanbul, due dei monumenti pi\u00f9 iconici di cui sentirai parlare sono <strong>Santa Sofia e Moschea Blu<\/strong>.<\/p>\n<p dir=\"ltr\">Con le loro imponenti cupole, i minareti e la loro ricca storia, \u00e8 facile capire perch\u00e9 i viaggiatori spesso confondono i due luoghi. Sono la stessa cosa? Quale dei due si dovrebbe visitare per primo? \u00c8 possibile visitarli entrambi in un giorno solo?<\/p>\n<p dir=\"ltr\">Analizziamolo nel dettaglio.<\/p>\n<p><span style=\"\"><img decoding=\"async\" alt=\"Differenze tra Santa Sofia e Moschea Blu, cose da sapere e biglietti combinati\" data-id=\"5478\" width=\"1085\" data-init-width=\"1000\" height=\"723\" data-init-height=\"666\" title=\"Differenze tra Santa Sofia e Moschea Blu, cose da sapere e biglietti combinati\" src=\"https:\/\/www.hagiasophia.gen.tr\/wp-content\/uploads\/2025\/08\/Hagia-Sophia-and-Blue-Mosque-Differences-Things-to-Know-Combo-Tickets3.jpg\" data-width=\"1085\" data-height=\"723\" style=\"aspect-ratio: auto 1000 \/ 666;\" mt-d=\"-17.40599999999995\" ml-d=\"0\" mt-t=\"0\" ml-t=\"0\" loading=\"lazy\"><\/span><\/p>\n<h2 dir=\"ltr\" style=\"\" id=\"t-1755264462168\">Santa Sofia e la Moschea Blu sono la stessa cosa?<\/h2>\n<p>No, non sono la stessa cosa, anche se hanno molto in comune. Situate a poche centinaia di metri di distanza nel quartiere Sultanahmet di Istanbul, <strong>Santa Sofia &#8211;&nbsp; Moschea Blu<\/strong> sono diventate simboli della citt\u00e0. Ma sono <strong><span style=\"text-decoration: underline;\">due edifici distinti con storie molto diverse<\/span><\/strong>.<strong> <\/strong><\/p>\n<ul>\n<li dir=\"ltr\"><strong>La Basilica di Santa Sofia<\/strong> fu originariamente costruita nel 537 d.C. come cattedrale bizantina, in seguito convertita in moschea, poi in museo e recentemente riconvertita in moschea nel 2020.<\/li>\n<li dir=\"ltr\"><strong>La Moschea Blu<\/strong> (ufficialmente Moschea del Sultano Ahmed) fu costruita nei primi anni del 1600 come moschea imperiale ottomana e svolge ancora oggi tale funzione.<\/li>\n<\/ul>\n<p dir=\"ltr\">Sebbene entrambe siano moschee attive, furono costruite a distanza di quasi mille anni e <strong>riflettono epoche diverse del passato di Istanbul<\/strong>.<\/p>\n<p dir=\"ltr\"><a href=\"https:\/\/www.hagiasophia.gen.tr\/it\/storia-di-santa-sofia\/\" style=\"outline: none;\">&gt;&gt; Visita qui per saperne di pi\u00f9 sulla storia di Santa Sofia<\/a><\/p>\n<h2 data-alt-text=\"Collections of Hagia Sophia Museum\" id=\"t-1692692162145\">Differenza tra Santa Sofia e la Moschea Blu<\/h2>\n<p dir=\"ltr\">Sebbene entrambi i monumenti siano impressionanti, una volta entrati \u00e8 facile notare le differenze.<\/p>\n<p dir=\"ltr\"><strong>Santa Sofia offre<\/strong> un percorso pi\u00f9 storico e architettonico. I visitatori rimangono colpiti dalle dimensioni della sua cupola, dai resti dei <strong>mosaici cristiani<\/strong>, dalle colonne di marmo e&nbsp;<strong>dalla calligrafia araba<\/strong>. Sembra pi\u00f9 un monumento storico, stratificato con storie di epoche diverse.<\/p>\n<p dir=\"ltr\"><strong>Al contrario, la Moschea Blu<\/strong> offre uno spazio pi\u00f9 sereno e armonioso. La sua simmetria, le cupole a cascata e <strong>gli interni riccamente piastrellati<\/strong> le conferiscono un fascino unico. Con i suoi <strong>sei minareti<\/strong> \u2013 una caratteristica insolita all&#8217;epoca della sua costruzione \u2013 la moschea doveva affermare il prestigio dell&#8217;Impero <strong>Ottomano<\/strong> .<\/p>\n<p dir=\"ltr\">I visitatori spesso descrivono <strong>Santa Sofia come &#8220;monumentale&#8221;<\/strong> e la <strong>Moschea Blu come &#8220;elegante&#8221;.<\/strong> Entrambe sono bellissime, ma in modi molto diverse.<\/p>\n<p><a href=\"https:\/\/www.hagiasophia.gen.tr\/it\/santa-sofia-interno\/\" style=\"outline: none;\">&gt;&gt; Scopri di pi\u00f9 sui dettagli degli interni di Santa Sofia<\/a><\/p>\n<h3 id=\"t-1693898980411\" style=\"text-align: left;\">Anno di costruzione<\/h3>\n<p><strong data-end=\"408\" data-start=\"392\">Santa Sofia:<\/strong>&nbsp;537 d.C.<\/p>\n<p><strong data-end=\"436\" data-start=\"421\">Moschea Blu<\/strong>: 1609\u20131616 d.C.<\/p>\n<h3 data-alt-text=\"How Much Are the ticket prices for the Hagia Sophia Museum?\" id=\"t-1693919800064\" style=\"text-align: left;\">Architettura<\/h3>\n<p><strong data-end=\"380\" data-start=\"364\">Hagia Sophia<\/strong>: progetto bizantino, successivamente adattato dagli Ottomani<\/p>\n<p><strong data-end=\"449\" data-start=\"434\">Moschea Blu<\/strong>: stile ottomano classico con piastrelle blu di Iznik<\/p>\n<h3 id=\"t-1693919800065\" style=\"text-align: left;\">Scopo originale<\/h3>\n<p>&nbsp;<strong data-end=\"669\" data-start=\"653\">Hagia Sophia<\/strong>: costruita come cattedrale cristiana<\/p>\n<p 758\"=\"\" data-start=\"704\" \"=\"\"><strong data-end=\"721\" data-start=\"706\">Moschea Blu<\/strong>: costruita come moschea imperiale ottomana<\/p>\n<h3 id=\"t-1693919800066\" style=\"text-align: left;\">Regole di ingresso<\/h3>\n<p>&nbsp;<strong data-end=\"813\" data-start=\"797\">Hagia Sophia<\/strong>: biglietto obbligatorio per i turisti<\/p>\n<p 923\"=\"\" data-start=\"863\" \"=\"\"><strong data-end=\"880\" data-start=\"865\">Moschea Blu<\/strong>: ingresso gratuito<\/p>\n<p><span style=\"\"><img decoding=\"async\" alt=\"Differenze tra Santa Sofia e Moschea Blu, cose da sapere e biglietti combinati\" data-id=\"5472\" width=\"1085\" data-init-width=\"1000\" height=\"724\" data-init-height=\"667\" title=\"Differenze tra Santa Sofia e Moschea Blu, cose da sapere e biglietti combinati\" src=\"https:\/\/www.hagiasophia.gen.tr\/wp-content\/uploads\/2025\/08\/Hagia-Sophia-and-Blue-Mosque-Differences-Things-to-Know-Combo-Tickets2.jpg\" data-width=\"1085\" data-height=\"724\" style=\"aspect-ratio: auto 1000 \/ 667;\" mt-d=\"-17.40599999999995\" ml-d=\"0\" mt-t=\"0\" ml-t=\"0\" loading=\"lazy\"><\/span><\/p>\n<h2 data-alt-text=\"Difference between Hagia Sophia and Blue Mosque\" id=\"t-1755257626845\">Distanza tra Santa Sofia e Moschea Blu<\/h2>\n<p dir=\"ltr\">Uno degli aspetti pi\u00f9 comodi della visita a Santa Sofia e alla Moschea Blu \u00e8 la loro vicinanza. Entrambe si trovano nello storico quartiere Sultanahmet di Istanbul, separate solo da un&#8217;ampia piazza pedonale, Piazza Sultanahmet.<\/p>\n<ul>\n<li dir=\"ltr\"><strong>Distanza a piedi:<\/strong> circa 250 metri (circa 3-4 minuti a piedi)<\/li>\n<li dir=\"ltr\"><strong>Percorso:<\/strong> basta uscire da un edificio, attraversare la piazza e ci si ritrova all&#8217;ingresso dell&#8217;altro.<\/li>\n<li dir=\"ltr\"><strong>Accessibilit\u00e0:<\/strong> la zona \u00e8 pianeggiante e asfaltata, quindi \u00e8 percorribile anche da famiglie, anziani o persone con problemi di mobilit\u00e0.<\/li>\n<\/ul>\n<p dir=\"ltr\">Per questo motivo, molti visitatori scelgono di esplorare entrambi i monumenti <strong>uno dopo l&#8217;altro<\/strong>, spesso nella stessa mattinata o pomeriggio. La vicinanza li rende ideali per&nbsp;<strong>tour a piedi<\/strong> che includono anche monumenti vicini come la <a href=\"https:\/\/www.basilicacistern.gen.tr\/it\/\" target=\"_blank\" style=\"outline: none;\" rel=\"nofollow noopener\"><strong>Cisterna Basilica<\/strong><\/a><strong>&nbsp;<\/strong>e&nbsp;<a href=\"https:\/\/topkapipalace.gen.tr\/it\/\" target=\"_blank\" style=\"outline: none;\" rel=\"nofollow noopener\"><strong>il Palazzo Topkapi<\/strong><\/a>.<\/p>\n<p><span style=\"font-size: 16px !important;\">* <\/span><em><span style=\"font-size: 16px !important;\">Visitatelo la mattina presto per evitare la folla, soprattutto durante l&#8217;alta stagione. La mattina presto offre anche una luce pi\u00f9 soffusa per scattare foto e un&#8217;atmosfera pi\u00f9 tranquilla.<\/span><\/em>  <\/p>\n<h2 data-alt-text=\"Distance\" id=\"t-1756381773428\">Santa Sofia Moschea Blu:&nbsp;Biglietti combinati<\/h2>\n<h2 id=\"t-1755257626853\" style=\"text-align: left;\" data-hide=\"true\"><strong>Biglietto combinato pi\u00f9 popolare<\/strong><\/h2>\n<p>  <a href=\"https:\/\/megapass.com\/tours-tickets\/blue-mosque-hagia-sophia-and-basilica-cistern-tour-i2375?discountCode=ma-places\" target=\"_blank\" rel=\" nofollow noopener\" style=\"\"><\/a><\/p>\n<h2 data-qa-marker=\"product-name\" style=\"\" id=\"t-1755264462170\"><a href=\"https:\/\/www.headout.com\/r\/most-amazing-placesrecommends-eIPYn\/\" target=\"_blank\" style=\"outline: currentcolor;\" rel=\"nofollow noopener\"><\/a><a data-lt-tmp-id=\"lt-225321\" href=\"https:\/\/www.headout.com\/r\/most-amazing-placesrecommends-7Svlr\/\" rel=\"nofollow noopener\" spellcheck=\"false\" target=\"_blank\" style=\"outline: currentcolor;\"><\/a><a data-lt-tmp-id=\"lt-398957\" href=\"https:\/\/megapass.com\/turkey\/istanbul\/topkapi-palace-museum-tickets?discountCode=ma-places\" rel=\"nofollow noopener\" spellcheck=\"false\" target=\"_blank\" style=\"outline: currentcolor;\"><\/a><a data-lt-tmp-id=\"lt-707014\" href=\"https:\/\/www.getyourguide.com\/istanbul-l56\/istanbul-topkapi-palace-harem-tour-including-entry-ticket-t127010\/?partner_id=NO9XIDE&amp;utm_medium=online_publisher&amp;cmp=TopkapiGenTrHomepage\" rel=\"nofollow noopener\" spellcheck=\"false\" target=\"_blank\" style=\"outline: currentcolor;\"><\/a><a data-lt-tmp-id=\"lt-817120\" href=\"https:\/\/www.headout.com\/r\/most-amazing-placesrecommends-AWtIS\/\" rel=\"nofollow noopener\" spellcheck=\"false\" target=\"_blank\" style=\"outline: none;\">Visita guidata della Moschea Blu e di Santa Sofia con biglietti<\/a><\/h2>\n<p style=\"\"><a href=\"https:\/\/www.headout.com\/r\/most-amazing-placesrecommends-AWtIS\/\" target=\"_blank\" rel=\"nofollow noopener\" style=\"outline: none;\" spellcheck=\"false\">4.3 \/ 5 (1,2K Recensioni)<\/a><\/p>\n<p data-pm-slice=\"0 0 []\">Scopri le meraviglie spirituali e architettoniche di Istanbul con un tour guidato della Moschea Blu e di Santa Sofia. Approfitta dell&#8217;accesso salta fila, del commento approfondito di una guida autorizzata e di un&#8217;immersione profonda nella ricca storia di questi due monumenti famosi in tutto il mondo. <a href=\"https:\/\/www.headout.com\/r\/most-amazing-placesrecommends-AWtIS\/\" rel=\"nofollow noopener\" target=\"_blank\" style=\"outline: none;\" data-lt-tmp-id=\"lt-782350\" spellcheck=\"false\"><strong>+ maggiori dettagli<\/strong><\/a><\/p>\n<p style=\"\"><a href=\"https:\/\/www.headout.com\/r\/most-amazing-placesrecommends-eIPYn\/\" target=\"_blank\" rel=\"nofollow noopener\" style=\"outline: currentcolor;\"><\/a><a data-lt-tmp-id=\"lt-949290\" href=\"https:\/\/www.headout.com\/r\/most-amazing-placesrecommends-7Svlr\/\" rel=\"nofollow noopener\" spellcheck=\"false\" target=\"_blank\" style=\"outline: currentcolor;\"><\/a><a data-lt-tmp-id=\"lt-821383\" href=\"https:\/\/megapass.com\/turkey\/istanbul\/topkapi-palace-museum-tickets?discountCode=ma-places\" rel=\"nofollow noopener\" spellcheck=\"false\" target=\"_blank\" style=\"outline: currentcolor;\"><\/a><a data-lt-tmp-id=\"lt-541635\" href=\"https:\/\/www.getyourguide.com\/istanbul-l56\/istanbul-topkapi-palace-harem-tour-including-entry-ticket-t127010\/?partner_id=NO9XIDE&amp;utm_medium=online_publisher&amp;cmp=TopkapiGenTrHomepage\" rel=\"nofollow noopener\" spellcheck=\"false\" target=\"_blank\" style=\"outline: currentcolor;\"><\/a><a data-lt-tmp-id=\"lt-783027\" href=\"https:\/\/www.headout.com\/r\/most-amazing-placesrecommends-AWtIS\/\" rel=\"nofollow noopener\" spellcheck=\"false\" target=\"_blank\" style=\"outline: none;\">53 \u20ac<\/a><\/p>\n<p>  <span style=\"\"><img decoding=\"async\" alt=\"Numero di visitatori di Santa Sofia\" data-id=\"459\" width=\"1080\" data-init-width=\"2048\" height=\"720\" data-init-height=\"1366\" title=\"Numero di visitatori di Santa Sofia\" src=\"https:\/\/www.hagiasophia.gen.tr\/wp-content\/uploads\/2023\/09\/Hagia-Sophia-Visitor-Numbers-scaled.jpg\" data-width=\"1080\" data-height=\"720\" style=\"aspect-ratio: auto 2048 \/ 1366;\" mt-d=\"0\" ml-d=\"0\" center-v-d=\"false\" mt-t=\"0\" ml-t=\"0\" loading=\"lazy\"><\/span><\/p>\n<h2 data-alt-text=\"What is Inside of Hagia Sophia History Museum?\" id=\"t-1755264462171\" data-hide=\"true\">Santa Sofia o Moschea Blu: quale dovresti visitare per prima?<\/h2>\n<p dir=\"ltr\">Poich\u00e9 entrambi i monumenti si <strong>trovano a pochi minuti di distanza l&#8217;uno dall&#8217;altro a Sultanahmet<\/strong>, \u00e8 possibile visitarli facilmente in un&#8217;unica visita. Tuttavia, se hai tempo da solo per uno dei due,&nbsp;<strong>ti consigliamo di visitare Santa Sofia<\/strong>.<\/p>\n<p dir=\"ltr\">Se avete intenzione di visitarli entrambi, in genere \u00e8 consigliabile <strong>iniziare dalla Moschea Blu<\/strong>, poich\u00e9 \u00e8 spesso chiusa al pubblico durante le preghiere. Visitarla la mattina presto offre maggiori possibilit\u00e0 di vederla senza interruzioni e prima dell&#8217;arrivo di grandi gruppi turistici.<\/p>\n<p dir=\"ltr\"><a href=\"https:\/\/bluemosque.gen.tr\/it\/moschea-blu-istanbul-biglietti\/\" target=\"_blank\" style=\"outline: none;\" rel=\"nofollow noopener\"><strong>&gt;&gt; Scopri qui i biglietti e il tour per la Moschea Blu.<\/strong><\/a><\/p>\n<p dir=\"ltr\">Successivamente, potrete recarvi alla Basilica di Santa Sofia, dove potrete dedicare pi\u00f9 tempo all&#8217;esplorazione dei dettagli architettonici, degli strati storici e delle aree panoramiche. Poich\u00e9 <strong>l&#8217;ingresso \u00e8 ora a pagamento<\/strong> , potrebbe esserci codice, quindi <strong>prenotare in anticipo o partecipare a una visita guidata pu\u00f2 farti risparmiare tempo<\/strong>.<\/p>\n<p dir=\"ltr\"><a href=\"https:\/\/www.hagiasophia.gen.tr\/it\/biglietti-visite-guidate-di-santa-sofia\/\" style=\"outline: none;\"><strong>&gt;&gt; Clicca qui per prenotare in anticipo i biglietti per la Basilica di Santa Sofia.<\/strong><\/a><strong>&nbsp;<\/strong><\/p>\n<h2 dir=\"ltr\" style=\"\" id=\"t-1755269420156\">FAQ su Santa Sofia e la Moschea Blu<\/h2>\n<h2 data-alt-text=\"What is Inside of Hagia Sophia History Museum?\" id=\"t-1755268630063\" data-hide=\"true\">Considerazioni finali: visita entrambi per capire Istanbul<\/h2>\n<p dir=\"ltr\">Scegliere tra <strong>Santa Sofia e la Moschea Blu<\/strong> \u00e8 superfluo: il modo migliore per immergersi nel ricco passato di Istanbul \u00e8 visitarle entrambe. Insieme, rappresentano la stratificata storia culturale, architettonica e religiosa della citt\u00e0. Una racconta la storia <strong>dell&#8217;ascesa e del declino degli imperi<\/strong>, l&#8217;altra perpetua una&nbsp;<strong>tradizione secolare di culto<\/strong> ed eleganza.<\/p>\n<p dir=\"ltr\">Che tu decida di andarci autonomamente o <strong>di unirti a un tour guidato<\/strong>, questi due monumenti rappresenteranno probabilmente la parte pi\u00f9 memorabile della tua visita a Istanbul.<\/p>\n<p dir=\"ltr\"><strong> <\/strong><\/p>\n","protected":false},"excerpt":{"rendered":"<p>Santa Sofia &#8211; Moschea Blu: differenze, cose da sapere e biglietti combinati Se stai programmando un viaggio a Istanbul, due dei monumenti pi\u00f9 iconici di cui sentirai parlare sono Santa Sofia e Moschea Blu. Con le loro imponenti cupole, i minareti e la loro ricca storia, \u00e8 facile capire perch\u00e9 i viaggiatori spesso confondono i [&hellip;]<\/p>\n","protected":false},"author":9,"featured_media":5469,"parent":0,"menu_order":0,"comment_status":"closed","ping_status":"closed","template":"","meta":{"footnotes":""},"class_list":["post-5544","page","type-page","status-publish","has-post-thumbnail","hentry","post-wrapper","thrv_wrapper"],"wp-worthy-pixel":{"ignored":false,"public":null,"server":null,"url":null},"wp-worthy-type":"normal","_links":{"self":[{"href":"https:\/\/www.hagiasophia.gen.tr\/it\/wp-json\/wp\/v2\/pages\/5544","targetHints":{"allow":["GET"]}}],"collection":[{"href":"https:\/\/www.hagiasophia.gen.tr\/it\/wp-json\/wp\/v2\/pages"}],"about":[{"href":"https:\/\/www.hagiasophia.gen.tr\/it\/wp-json\/wp\/v2\/types\/page"}],"author":[{"embeddable":true,"href":"https:\/\/www.hagiasophia.gen.tr\/it\/wp-json\/wp\/v2\/users\/9"}],"replies":[{"embeddable":true,"href":"https:\/\/www.hagiasophia.gen.tr\/it\/wp-json\/wp\/v2\/comments?post=5544"}],"version-history":[{"count":11,"href":"https:\/\/www.hagiasophia.gen.tr\/it\/wp-json\/wp\/v2\/pages\/5544\/revisions"}],"predecessor-version":[{"id":5603,"href":"https:\/\/www.hagiasophia.gen.tr\/it\/wp-json\/wp\/v2\/pages\/5544\/revisions\/5603"}],"wp:featuredmedia":[{"embeddable":true,"href":"https:\/\/www.hagiasophia.gen.tr\/it\/wp-json\/wp\/v2\/media\/5469"}],"wp:attachment":[{"href":"https:\/\/www.hagiasophia.gen.tr\/it\/wp-json\/wp\/v2\/media?parent=5544"}],"curies":[{"name":"wp","href":"https:\/\/api.w.org\/{rel}","templated":true}]}}